{"id":865,"date":"2021-09-06T15:56:44","date_gmt":"2021-09-06T15:56:44","guid":{"rendered":"https:\/\/www.aloe-medical-group.com\/it\/?page_id=865"},"modified":"2021-12-13T11:30:34","modified_gmt":"2021-12-13T11:30:34","slug":"domande-rete-marketing","status":"publish","type":"page","link":"https:\/\/www.aloe-medical-group.com\/it\/rete-amgi\/domande-rete-marketing\/","title":{"rendered":"Non vogliamo lasciare risposte in sospeso"},"content":{"rendered":"\n<div class=\"wp-block-image\"><figure class=\"aligncenter size-full\"><img loading=\"lazy\" decoding=\"async\" width=\"157\" height=\"12\" src=\"https:\/\/www.aloe-medical-group.com\/it\/wp-content\/uploads\/sites\/3\/2021\/06\/separator-content.png\" alt=\"\" class=\"wp-image-65\" srcset=\"https:\/\/www.aloe-medical-group.com\/it\/wp-content\/uploads\/sites\/3\/2021\/06\/separator-content.png 157w, https:\/\/www.aloe-medical-group.com\/it\/wp-content\/uploads\/sites\/3\/2021\/06\/separator-content-150x12.png 150w\" sizes=\"auto, (max-width: 157px) 100vw, 157px\" \/><\/figure><\/div>\n\n\n<div class=\"gb-container gb-container-0bc1b6ba\"><div class=\"gb-inside-container\">\n\n<p>Se lei ha ancora domande sul nostro netzwerk, sulla FLP oppure sui prodotti Aloe , non esiti a contattarci Dr. Susanne Schwemmlein: <a href=\"mailto:schwemmlein@aloe-medical-group.com\" class=\"ek-link\">schwemmlein@aloe-medical-group.com<\/a><\/p>\n\n\n\n<hr class=\"wp-block-separator\"\/>\n\n\n\n<h3 class=\"wp-block-heading\">Da dove si rifornisce l&#8217;azienda delle foglie di Aloe vera?<\/h3>\n\n\n\n<p>Ci sono delle aziende che comprano&nbsp; una o due volte l&#8217;anno grosse quantit\u00e1 di Aloe vera e la depositano in lager per periodi che possono essere anche molto lunghi. Prodotti fatti con questa Aloe sono di scarsa qualit\u00e1. Un prodotto di alta qualit\u00e1 lo otteniamo solamente dopo poco tempo che \u00e9 stata colta. Al meglio se viene lavorata sul posto di raccolta.<\/p>\n\n\n\n<hr class=\"wp-block-separator\"\/>\n\n\n\n<h3 class=\"wp-block-heading\">Cosa c\u2019\u00e9 dietro l\u2019AMGI e perch\u00e9 \u00e9 stato fondato questo gruppo?<\/h3>\n\n\n\n<p>La fondatrice dell\u2019AMGI \u00e9 la Dott.ssa Susanne Schwemmlein. Lei voleva che le esperienze di medici, terapeuti, naturopati ecc., venissero raccolte in un portale a disposizione dei membri.<\/p>\n\n\n\n<hr class=\"wp-block-separator\"\/>\n\n\n\n<h3 class=\"wp-block-heading\">Perch\u00e9 in internet c&#8217;\u00e8 il rimprovero che La FLP sia un sistema piramidale?<\/h3>\n\n\n\n<p>Ci sono molte persone ignoranti che divulgano queste notizie. Il sistema piramidale \u00e9 illegale. Nel sistema piramidale entrano in gioco solo i soldi e non i prodotti. I soldi vanno solo in una direzione, in alto. Poich\u00e9 non c\u2018\u00e9 distribuzione dei guadagni dopo un tempo non molto lungo tutto si sgretola proprio perch\u00e9 non ci sono fondamenta e il tutto implode.<\/p>\n\n\n\n<p>Esempio di sistema piramidale:<br>\u201eSpedisca un\u2019assegno di 100\u20ac alla prima persona della lista. Cancelli la prima persona e scriva il suo nome alla fine della lista. Spedisca la nuova lista a pi\u00fa persone possibili.<br><em>Presto sar\u00e1 milionario preso dal libro:\u201e La forza del Network Marketing\u201c di Wolfram Andes<\/em><\/p>\n\n\n\n<hr class=\"wp-block-separator\"\/>\n\n\n\n<h3 class=\"wp-block-heading\">Perch\u00e9 la FLP non \u00e9 un sistema piramidale illegale?<\/h3>\n\n\n\n<p>Forever sta sul mercato da decenni di anni e ha superato i test&nbsp;giuridici in&nbsp;ca. 160 paesi&nbsp;del mondo. &nbsp;Forever corrisponde a tutti i criteri di una azienda seria&nbsp;di Network Marketing:<\/p>\n\n\n\n<ul class=\"wp-block-list\"><li>Ogni partner commerciale (socio) firma un contratto direttamente con l\u00b4 azienda. Questo \u00e9 la condizione, per diventare socio attivo e comprare i prodotti al prezzo di acquisto.&nbsp;<\/li><li>In Italia il socio vende tramite il cosidetto &#8220;Cliente Club&#8221; e per la tassazione&nbsp; \u00e9 considerato un&nbsp;venditore &#8220;porta a porta&#8221;.<\/li><li>Non c\u00b4 \u00e9 l\u00b4obligo di trovare soci nuovi. Un socio decide se lavorare attivamente oppure di approfittare delle condizioni agevolate di acquisto per se stesso.<\/li><li>Ogni socio compra i prodotti alle stesse condizioni direttamente dall\u00b4 azienda<\/li><li>Il socio viene retribuito a secondo la quantit\u00e1 di prodotti distribuiti tramite acquisti personali o raccomandazione, partecipando anche dal team che sta creando sotto di se.<\/li><li>Il proviggionamento avviene esclusivamente attraverso la azienda stessa. Tra i soci non c\u00b4\u00e9 nessun tipo di proviggionamento.<\/li><li>Aziende serie danno la possibilit\u00e1 di dare indietro la merce comprata in un certo arco di tempo, detraendo una certa somma per la burocrazia necessaria. Non c\u00b4\u00e9 modo di&nbsp;comprare&nbsp;pi\u00fa merce del fabbisogno reale. Nella Company Policy si trovano in genere&nbsp;tutti i particolari come e in quale arco di tempo si pu\u00f3 &nbsp;restituire la merce<\/li><li>Alcune aziende di Network Marketing esistono da decenni e dimostrano che il Network Marketing funziona benissimo anche a lungo termine.<\/li><\/ul>\n\n\n\n<div class=\"mag-blockquote\">\n\t\n    <div class=\"testimonial-image\">\n            <div class=\"image-container\">\n                    <img decoding=\"async\" src=\"https:\/\/www.aloe-medical-group.com\/it\/wp-content\/uploads\/sites\/3\/2021\/06\/csm_di-mascio_fbe61b71b4.png\">\n                \n            <\/div>\n        <\/div>\n        <div class=\"quote-box-1\">\n           \n                <p>Come chirurgo maxillo facciale ero molto scettico, o meglio rifiutavo l&#8217;idea, di usare l&#8217; Aloe vera nel campo mio.\u00a0 Articoli nelle riviste mediche e tanti risultati positive di chi faceva uso di Aloe vera ha fatto vincere la curiosit\u00e1. Sorpreso dall&#8217;efficacit\u00e1 intanto adopero anche io tanti prodotti della Forever<\/p>\n         <\/div>\n           <div class=\"quote-box-2\">\n               <p>Dr. Dr. Guido Di Mascio,\u00a0chirurgo maxillo-facciale di Monaco di Baviera<br \/>\n<a href=\"http:\/\/www.mkg-dr-dimasio.de\" target=\"_blank\" rel=\"noopener\">www.mkg-dr-dimasio.de<\/a><\/p>\n           <\/div>\n        \n\n<\/div>\n\n\n\n\n\n<!--\n<style>\n.testimonial-image {\n    float: left;\n    left: -16px;\n    position: relative;\n    top: -12px;\n    width: 18%;\n}\n .image-container img {\n    border-radius: 50%;\n    overflow: hidden;\n    position: relative;\n\tborder:10px solid #fff;\n}\n\n.quote-box-1 {\n    background: #dce5de;\n\tmargin-left:8%;\n    padding: 12px 12px 12px 14%;\n}\n\n.quote-box-2 {\n    background: #bfd0c2;\n    margin-left:8%;\n    padding: 12px 12px 12px 14%;\n}\n<\/style>\n-->\n\n\n<h3 class=\"wp-block-heading\">Quanto devo o dovrebbe costare una bevanda di Aloe di alto valore?<\/h3>\n\n\n\n<p>Prodotti contenenti un\u2019alta concentrazione di Aloe e stabilizzata con procedure molto laboriose che proteggono le sostanze nutritive non possono essere a buon mercato. Per le bevande i prezzi partono da un minimo di 30\u20ac a litro. Noi consigliamo una dose giornaliera da 60 a 100 ml. Una confezione da 1 litro dura circa da 15 a 25 giorni.<\/p>\n\n\n\n<p><strong>Attenzione: <\/strong>Ci sono ditte che producono confezioni pi\u00fa piccole per far sembrare il prodotto pi\u00fa a buon mercato (500 ml per 13 o 15\u20ac). I prezzi delle creme possono variare da 20 fino a 45\u20ac per una quantit\u00e1 di 120ml. Questa categoria di prezzi riguarda prodotti di altissimo livello. Poich\u00e9 l\u2019Aloe viene assorbita molto velocemente dalla cute ne basta una minima quantit\u00e1, per cui una confezione dura molto pi\u00fa a lungo delle cremi convenzionali.<\/p>\n\n\n\n<hr class=\"wp-block-separator\"\/>\n\n\n\n<h3 class=\"wp-block-heading\">Quali vantaggi si ha essere soci dell\u2019AMGI?<\/h3>\n\n\n\n<p>I soci AMGI hanno il vantaggio di essere sempre informati sulle ultime novit\u00e1 sui temi salute grazie ai terapeuti membri del team. Gli aggiornamenti sono di altissimo livello e fondamentali per essere sempre un passo avanti.<\/p>\n\n\n\n<div class=\"mag-blockquote\">\n\t\n    <div class=\"testimonial-image\">\n            <div class=\"image-container\">\n                    <img decoding=\"async\" src=\"https:\/\/www.aloe-medical-group.com\/it\/wp-content\/uploads\/sites\/3\/2021\/09\/gleichauf-schmidt-monika.png\">\n                \n            <\/div>\n        <\/div>\n        <div class=\"quote-box-1\">\n           \n                <p>Grazie per l\u2019aiuto durante tutti questi anni. Io ho imparato cos\u00ed tanto dalla dottoressa Schwemmlein, come usare i prodotti e trasmetterlo ad altri. \u00c9 bello vedere come poter aiutare la gente nelle loro problematiche di salute e in pi\u00fa avere anche un aiuto economico.<\/p>\n         <\/div>\n           <div class=\"quote-box-2\">\n               <p>Monika Gleichauf-Schmidt<\/p>\n           <\/div>\n        \n\n<\/div>\n\n\n\n\n\n<!--\n<style>\n.testimonial-image {\n    float: left;\n    left: -16px;\n    position: relative;\n    top: -12px;\n    width: 18%;\n}\n .image-container img {\n    border-radius: 50%;\n    overflow: hidden;\n    position: relative;\n\tborder:10px solid #fff;\n}\n\n.quote-box-1 {\n    background: #dce5de;\n\tmargin-left:8%;\n    padding: 12px 12px 12px 14%;\n}\n\n.quote-box-2 {\n    background: #bfd0c2;\n    margin-left:8%;\n    padding: 12px 12px 12px 14%;\n}\n<\/style>\n-->\n\n\n<h3 class=\"wp-block-heading\">Perch\u00e9 l&#8217;AMGI consiglia l&#8217;Aloe FLP?<\/h3>\n\n\n\n<p>La ragione per cui noi consigliamo l\u2019Aloe forever \u00e9 per la lunga esperienza fatta negli anni provando e paragonandola ad altri prodotti. Inoltre la trasparenza e la metodica di preparazione la f\u00e1 veramente uinica.<\/p>\n\n\n\n<hr class=\"wp-block-separator\"\/>\n\n\n\n<h3 class=\"wp-block-heading\">Che significato ha il nome della ditta &#8220;Forever Living Products&#8221;?<\/h3>\n\n\n\n<p>Il nome &#8221; Forever Living Products &#8221; pu\u00f3 venire frainteso. Logicamente non significa che si deve comprare il prodotto tutta la vita ma traducendo alle lettera significa &#8221; il prodotto esister\u00e1 per sempre&#8221;. \u00c8 il messaggio che vuole trasmettere il fondatore della ditta Rex Maughan: i suoi prodotti sono imbattibili e quindo senza tempo. Lo posso solo confermare (Dr. Susanne Schwemmlein).<\/p>\n\n\n\n<hr class=\"wp-block-separator\"\/>\n\n\n\n<h3 class=\"wp-block-heading\">Come sono le prospettive nel futuro del network marketing nella FLP?<\/h3>\n\n\n\n<p>Le prospettive sono eccezionali, il mercato \u00e9 in continua espansione e la maggior parte delle persone non ha sentito ancora parlare della ditta FLP.<\/p>\n\n\n\n<hr class=\"wp-block-separator\"\/>\n\n\n\n<h3 class=\"wp-block-heading\">Come mai molti medici prendono in considerazione i prodotti FLP?<\/h3>\n\n\n\n<p>La domanda e l&#8217;interesse per i prodotti naturalistici \u00e9 sempre pi\u00fa grande. La ditta Forever convince per la qualit\u00e1 e il servizio.<\/p>\n\n<\/div><\/div>\n\n<div class=\"alignfull\">\n\n<div class=\"background upperfooter\"><\/div>\n<div style=\"width:100%;background:#DEECE2;\">\n<div class=\"grid-container block-footer-waves\">\n\n<p><strong>Detto del Prof. Dr. M. Zacharias: \u201cLast but not least il Network Marketing sta nel cammino di tutte le innovazioni: prima vengono criticate, diffidate e poi riconosciute da tutti.\u201d<\/strong><br><em>Preso dal libro:\u201e La forza del Network Marketing\u201c di Wolfram Andes<\/em><\/p>\n\n\n\n<div class=\"wp-block-image\"><figure class=\"alignleft size-full\"><img loading=\"lazy\" decoding=\"async\" width=\"100\" height=\"141\" src=\"https:\/\/www.aloe-medical-group.com\/it\/wp-content\/uploads\/sites\/3\/2021\/09\/eric-worre.jpg\" alt=\"\" class=\"wp-image-983\"\/><\/figure><\/div>\n\n\n\n<h3 class=\"wp-block-heading\">Consigli Letteratura<\/h3>\n\n\n\n<p><strong>Go Pro<\/strong><br>Come Diventare Un Professionista del Network Marketing In Soli 7 Passi<br>Autore: Eric Worre<\/p>\n\n<\/div><div class=\"background footer\"><\/div>\n<\/div>\n\n<\/div>\n\n<style>\n.background.upperfooter {\n    background-image: url(\/upperfooterwave.png);\n    background-position: bottom;\n    background-repeat: no-repeat;\n    background-size: 100% 117px;\n    height: 117px;\n    max-height: 660px;\n    pointer-events: none;\n    width: 100%;\n}\n.background.footer {\n    background-color: #deece2;\n    background-image: url(\/footerwave.png);\n    background-position: bottom;\n    background-repeat: no-repeat;\n    background-size: 100% 117px;\n    height: 117px;\n    max-height: 660px;\n    pointer-events: none;\n    width: 100%;\n}\n\n<\/style>","protected":false},"excerpt":{"rendered":"<p>Se lei ha ancora domande sul nostro netzwerk, sulla FLP oppure sui prodotti Aloe , non esiti a contattarci Dr. Susanne Schwemmlein: schwemmlein@aloe-medical-group.com Da dove si rifornisce l&#8217;azienda delle foglie di Aloe vera? Ci sono delle aziende che comprano&nbsp; una o due volte l&#8217;anno grosse quantit\u00e1 di Aloe vera e la depositano in lager per &#8230; <a title=\"Non vogliamo lasciare risposte in sospeso\" class=\"read-more\" href=\"https:\/\/www.aloe-medical-group.com\/it\/rete-amgi\/domande-rete-marketing\/\" aria-label=\"Per saperne di pi\u00f9 su Non vogliamo lasciare risposte in sospeso\">Leggi tutto<\/a><\/p>\n","protected":false},"author":2,"featured_media":750,"parent":749,"menu_order":0,"comment_status":"closed","ping_status":"closed","template":"","meta":{"_acf_changed":false,"_editorskit_title_hidden":false,"_editorskit_reading_time":3,"_editorskit_is_block_options_detached":false,"_editorskit_block_options_position":"{}","footnotes":""},"class_list":["post-865","page","type-page","status-publish","has-post-thumbnail"],"acf":[],"_links":{"self":[{"href":"https:\/\/www.aloe-medical-group.com\/it\/wp-json\/wp\/v2\/pages\/865","targetHints":{"allow":["GET"]}}],"collection":[{"href":"https:\/\/www.aloe-medical-group.com\/it\/wp-json\/wp\/v2\/pages"}],"about":[{"href":"https:\/\/www.aloe-medical-group.com\/it\/wp-json\/wp\/v2\/types\/page"}],"author":[{"embeddable":true,"href":"https:\/\/www.aloe-medical-group.com\/it\/wp-json\/wp\/v2\/users\/2"}],"replies":[{"embeddable":true,"href":"https:\/\/www.aloe-medical-group.com\/it\/wp-json\/wp\/v2\/comments?post=865"}],"version-history":[{"count":55,"href":"https:\/\/www.aloe-medical-group.com\/it\/wp-json\/wp\/v2\/pages\/865\/revisions"}],"predecessor-version":[{"id":1998,"href":"https:\/\/www.aloe-medical-group.com\/it\/wp-json\/wp\/v2\/pages\/865\/revisions\/1998"}],"up":[{"embeddable":true,"href":"https:\/\/www.aloe-medical-group.com\/it\/wp-json\/wp\/v2\/pages\/749"}],"wp:featuredmedia":[{"embeddable":true,"href":"https:\/\/www.aloe-medical-group.com\/it\/wp-json\/wp\/v2\/media\/750"}],"wp:attachment":[{"href":"https:\/\/www.aloe-medical-group.com\/it\/wp-json\/wp\/v2\/media?parent=865"}],"curies":[{"name":"wp","href":"https:\/\/api.w.org\/{rel}","templated":true}]}}