{"id":59,"date":"2021-06-11T11:38:32","date_gmt":"2021-06-11T11:38:32","guid":{"rendered":"https:\/\/www.aloe-medical-group.com\/it\/?page_id=59"},"modified":"2021-10-27T15:23:43","modified_gmt":"2021-10-27T15:23:43","slug":"storici","status":"publish","type":"page","link":"https:\/\/www.aloe-medical-group.com\/it\/aloe-vera\/storici\/","title":{"rendered":"Pianta medicinale degli antichi &#8211; Aloe vera"},"content":{"rendered":"\n<div class=\"wp-block-image\"><figure class=\"aligncenter size-full\"><img loading=\"lazy\" decoding=\"async\" width=\"157\" height=\"12\" src=\"https:\/\/www.aloe-medical-group.com\/it\/wp-content\/uploads\/sites\/3\/2021\/06\/separator-content.png\" alt=\"\" class=\"wp-image-65\" srcset=\"https:\/\/www.aloe-medical-group.com\/it\/wp-content\/uploads\/sites\/3\/2021\/06\/separator-content.png 157w, https:\/\/www.aloe-medical-group.com\/it\/wp-content\/uploads\/sites\/3\/2021\/06\/separator-content-150x12.png 150w\" sizes=\"auto, (max-width: 157px) 100vw, 157px\" \/><\/figure><\/div>\n\n\n\n<h2 class=\"wp-block-heading\">Egitto<\/h2>\n\n\n<p><img loading=\"lazy\" decoding=\"async\" class=\"size-full wp-image-69 alignright\" src=\"https:\/\/www.aloe-medical-group.com\/it\/wp-content\/uploads\/sites\/3\/2021\/06\/aegypten.jpg\" alt=\"\" width=\"220\" height=\"220\" srcset=\"https:\/\/www.aloe-medical-group.com\/it\/wp-content\/uploads\/sites\/3\/2021\/06\/aegypten.jpg 220w, https:\/\/www.aloe-medical-group.com\/it\/wp-content\/uploads\/sites\/3\/2021\/06\/aegypten-150x150.jpg 150w\" sizes=\"auto, (max-width: 220px) 100vw, 220px\" \/>Le prime annotazioni sul succo nutritivo dell&#8217;Aloe vera furono gi\u00e1 formulate in Egitto circa di 6.000 anni f\u00e1. L&#8217; Aloe era considerata una pianta il cui &#8220;sangue&#8221; donava bellezza, salute ed immortalit\u00e1. Cleopatra e Nefertiti apprezzavano il beneficio del succo e lo utilizzavano per la cura e la salute della pelle ed attribuivano all&#8217;uso quotidiano dell&#8217;Aloe il ruolo primario per il raggiungimento della bellezza. I morti venivano imbalsamati con l&#8217;Aloe vera comprendendone l&#8217;azione battericida e fungicida! Per la loro spiritualit\u00e1, con l&#8217;annullamento della decomposizione ed il mantenimento del corpo si sarebbe ottenuta la vita eterna sia fisica sia spirituale. L&#8217;Aloe era considerata la &#8221; pianta dell&#8217;immortalit\u00e1 &#8220;. Dal &#8221; Papiro Eber &#8221; ( 1550 avanti cristo ) se ne apprende la sua azione inibitoria per le infiammazioni e calmare i dolori.<\/p>\n\n\n<div class=\"wp-block-columns is-layout-flex wp-container-core-columns-is-layout-9d6595d7 wp-block-columns-is-layout-flex\">\n<div class=\"wp-block-column is-layout-flow wp-block-column-is-layout-flow\">\n<h2>Mesopotamia<\/h2>\n<p><img loading=\"lazy\" decoding=\"async\" class=\"size-full wp-image-217 alignleft\" src=\"https:\/\/www.aloe-medical-group.com\/it\/wp-content\/uploads\/sites\/3\/2021\/06\/mesopotamien.jpg\" alt=\"\" width=\"215\" height=\"215\" srcset=\"https:\/\/www.aloe-medical-group.com\/it\/wp-content\/uploads\/sites\/3\/2021\/06\/mesopotamien.jpg 215w, https:\/\/www.aloe-medical-group.com\/it\/wp-content\/uploads\/sites\/3\/2021\/06\/mesopotamien-150x150.jpg 150w\" sizes=\"auto, (max-width: 215px) 100vw, 215px\" \/><\/p>\n<p>Sulle tavolette di Nippur (2200 avanti cristo) si trovano riferimenti scritti sull&#8217;Aloe vera. Se ne conosceva l&#8217;azione purificante per l&#8217;intestino. Nel modo di pensare di allora, le malattie erano sempre considerate come segnali dell&#8217;intrusione di demoni nel corpo. Soltanto una pianta divina li poteva scacciare e l&#8217;Aloe vera come tale era considerata divina.<\/p>\n<\/div>\n\n\n\n<div class=\"wp-block-column is-layout-flow wp-block-column-is-layout-flow\">\n<h2>Alessandro Magno<\/h2>\n<p>Nei territori asiatici di quei tempi, l&#8217;Aloe vera era divenuta un elemento costante, sempre presente nei trattamenti medici. Alessandro Magno ( 356 &#8211; 323 avanti cristo ) faceva curare le ferite dei suoi guerrieri con il succo di Aloe vera. La portava al seguito delle sue campagne di guerra, facendola piantare sui carri in modo da averne sempre scorte fresce. Si narra che Aristotele avesse convinto Alessandro Magno a conquistare l&#8217;isola di Socotra per prendere possesso delle piantagioni di Aloe vera in modo da averla a disposizione per la cura delle ferite subite in battaglia dai suoi soldati.<\/p>\n<\/div>\n<\/div>\n\n\n<h2><img loading=\"lazy\" decoding=\"async\" class=\"wp-image-213 size-full alignright\" src=\"https:\/\/www.aloe-medical-group.com\/it\/wp-content\/uploads\/sites\/3\/2021\/06\/dioskurides.png\" alt=\"\" width=\"220\" height=\"220\" srcset=\"https:\/\/www.aloe-medical-group.com\/it\/wp-content\/uploads\/sites\/3\/2021\/06\/dioskurides.png 220w, https:\/\/www.aloe-medical-group.com\/it\/wp-content\/uploads\/sites\/3\/2021\/06\/dioskurides-150x150.png 150w\" sizes=\"auto, (max-width: 220px) 100vw, 220px\" \/>Dioscoride<\/h2>\n<p>Anche i romani fecero proprie le esperienze degli egizi e dei greci sulle propriet\u00e1 benefiche della pianta di Aloe vera. Sotto l&#8217;impero di Nerone, attorno al 50 avanti cristo, viveva il medico e naturalista Dioscoride che viaggiava in tutto l&#8217;oriente. Egli scrisse, nei suoi numerosi libri di materia medica, molte ricette per il trattamento di un centinaio di malattie. Negli esaurienti capitoli sull&#8217;azione positiva delle piante, Dioscoride descrive l&#8217;Aloe come privilegiata tra le piante curative. Egli consigliava l&#8217;utilizzo del succo di Aloe per il trattamento miracoloso di numerosi disturbi: dai dolori allo stomaco a quelli dell&#8217;intestino, infiammazioni gengivali, dolori articolari, prurito, scottature solari, acne, caduta dei capelli ecc.<\/p>\n\n\n<div class=\"wp-block-columns is-layout-flex wp-container-core-columns-is-layout-9d6595d7 wp-block-columns-is-layout-flex\">\n<div class=\"wp-block-column is-layout-flow wp-block-column-is-layout-flow\" style=\"flex-basis:33%\">\n<h2>Medicina Cinese<\/h2>\n<p>Nella cultura cinese, gi\u00e1 ai tempi dei viaggi di esplorazione di Marco Polo, l&#8217;Aloe vera era una componente costante nei trattamenti medici. Il libro medico Shin-Shen la descrive come &#8220;rimedio di armonia&#8221; . Nell&#8217;impero centrale veniva considerata come un fondamentale valore vitale. In Giappone l&#8217;Aloe ebbe un analogo apprezzamento, veniva consumata come &#8221; Pianta Reale &#8220;, bevuta come succo ed utilizzata dai samurai per frizionare i loro corpi.<\/p>\n<\/div>\n\n\n\n<div class=\"wp-block-column is-layout-flow wp-block-column-is-layout-flow\" style=\"flex-basis:66%\">\n<h2>Colombo<\/h2>\n<p><img loading=\"lazy\" decoding=\"async\" class=\"size-full wp-image-216 alignright\" src=\"https:\/\/www.aloe-medical-group.com\/it\/wp-content\/uploads\/sites\/3\/2021\/06\/kolumbus.jpg\" alt=\"\" width=\"220\" height=\"220\" srcset=\"https:\/\/www.aloe-medical-group.com\/it\/wp-content\/uploads\/sites\/3\/2021\/06\/kolumbus.jpg 220w, https:\/\/www.aloe-medical-group.com\/it\/wp-content\/uploads\/sites\/3\/2021\/06\/kolumbus-150x150.jpg 150w\" sizes=\"auto, (max-width: 220px) 100vw, 220px\" \/>Con il contributo dell&#8217;Aloe vera furono scoperti nuovi mondi! Cristoforo Colombo infatti port\u00f3 vasi di Aloe vera sulle sue navi in partenza per Palos per trattare e curare, con il succo della pianta, ferite e malattie dei suoi marinai. Nel 16 secolo monaci gesuiti spagnoli &#8211; ancora oggi conosciuti come esperti conoscitori di \u00a0piante e guaritori estremamente preparati &#8211; raccolsero l&#8217;Aloe vera selvatica e la diffusero anche nei luoghi dove non era fino ad allora conosciuta. I Maya diedero il nome di &#8221; fonte di giovinezza &#8221; al succo estremamente efficace di questa pianta del deserto.<\/p>\n<\/div>\n<\/div>\n\n\n<h2>Erbe Svedesi<\/h2>\n<p><img loading=\"lazy\" decoding=\"async\" class=\"size-full wp-image-218 alignleft\" src=\"https:\/\/www.aloe-medical-group.com\/it\/wp-content\/uploads\/sites\/3\/2021\/06\/schwedenbitter.jpg\" alt=\"\" width=\"220\" height=\"220\" srcset=\"https:\/\/www.aloe-medical-group.com\/it\/wp-content\/uploads\/sites\/3\/2021\/06\/schwedenbitter.jpg 220w, https:\/\/www.aloe-medical-group.com\/it\/wp-content\/uploads\/sites\/3\/2021\/06\/schwedenbitter-150x150.jpg 150w\" sizes=\"auto, (max-width: 220px) 100vw, 220px\" \/>\u00c8 assai noto &#8221; l&#8217;elisir di lunga vita &#8221; del medico svedese Dott. Yernest, egli mor\u00ed all&#8217;et\u00e1 di 104 anni per un incidente a cavallo. A quei tempi la ricetta dell&#8217;elisir era un segreto di famiglia gi\u00e1 da diverse centinaia di anni. Successivamente la preparazione della ricetta fu resa nota.<\/p>\n<p>L&#8217;elisir oggi \u00e9 cosciuto con il nome di &#8221; Erbe Svedesi &#8221; ed ha mantenuto la stessa composizione: un oncia di soccotra-Aloe, una dose di radice di curcuma, una di radice di genziana e dell&#8217;ottimo zafferano, una dose di radice di rabarbaro, una dose di fungo di larice, una di therlak veneziano. Il tutto viene miscelato assieme ad acquavite, lasciato a macerare per 10 giorni e filtrato. A suo tempo il medico svedese gi\u00e1 assicurava che: &#8220;assumendo quotidianamente, ogni mattina da 7 ad 8 gocce del rimedio aggiunto nel vino, nel t\u00e9 oppure nel brodo, si sarebbe vissuto a lungo, senza bisogno di salassi o cure mediche. Ma la cosa straordinaria \u00e9 che questo rimedio \u00e9 ancora efficace per tutto.<\/p>\n\n\n<div class=\"wp-block-columns is-layout-flex wp-container-core-columns-is-layout-9d6595d7 wp-block-columns-is-layout-flex\">\n<div class=\"wp-block-column is-layout-flow wp-block-column-is-layout-flow\" style=\"flex-basis:50%\">\n<h2>Sanscrito<\/h2>\n<p>In sanscrito l&#8217;Aloe vera porta il nome di Ghrita-Kumari. Kumari significa anche fanciulla. Si pensava che questa pianta donasse alle donne l&#8217;energia della giovinezza e che avesse un effetto rigenerante per la natura femminile. Nella medicina Ayurvedica, l&#8217;Aloe trova molteplici possibilit\u00e1 di utilizzo, per esempio come rimedio per ringiovanire, in caso di dolori mestruali e per regolare la circolazione sanguigna. Nell&#8217;Ayurveda, l&#8217;Aloe era considerata una tra le pochissime piante in grado di riequilibrare Vata, Pita e Kapha! Vata governa la respirazione e tutto ci\u00f3 che riguarda il movimento del corpo; Pitta il metabolismo, la digestione, nonch\u00e9 l&#8217;intelligenza e Kapha regola le funzioni basate sull&#8217;elemento acqua, la stabilit\u00e1, la struttura ossea, la pelle e i tessuti.<\/p>\n<\/div>\n\n\n\n<div class=\"wp-block-column is-layout-flow wp-block-column-is-layout-flow\" style=\"flex-basis:50%\">\n<h2><img loading=\"lazy\" decoding=\"async\" class=\"size-full wp-image-214 alignright\" src=\"https:\/\/www.aloe-medical-group.com\/it\/wp-content\/uploads\/sites\/3\/2021\/06\/hildegard-bingen.jpg\" alt=\"\" width=\"220\" height=\"220\" srcset=\"https:\/\/www.aloe-medical-group.com\/it\/wp-content\/uploads\/sites\/3\/2021\/06\/hildegard-bingen.jpg 220w, https:\/\/www.aloe-medical-group.com\/it\/wp-content\/uploads\/sites\/3\/2021\/06\/hildegard-bingen-150x150.jpg 150w\" sizes=\"auto, (max-width: 220px) 100vw, 220px\" \/>Hildegard von Bingen<\/h2>\n<p>Attorno al 1100, quindi nel primo medioevo, la suora benedettina Hildegard von Bingen descrive l&#8217;Aloe come rimedio contro l&#8217;itterizia, le malattie dello stomaco e l&#8217;emicrania, contro la carie dentaria e l&#8217;ascesso purulento.<\/p>\n<\/div>\n<\/div>\n\n\n<h2>Medicina Antroposofica<\/h2>\n<p><img loading=\"lazy\" decoding=\"async\" class=\"size-full wp-image-219 alignright\" src=\"https:\/\/www.aloe-medical-group.com\/it\/wp-content\/uploads\/sites\/3\/2021\/06\/steiner.jpg\" alt=\"\" width=\"220\" height=\"220\" srcset=\"https:\/\/www.aloe-medical-group.com\/it\/wp-content\/uploads\/sites\/3\/2021\/06\/steiner.jpg 220w, https:\/\/www.aloe-medical-group.com\/it\/wp-content\/uploads\/sites\/3\/2021\/06\/steiner-150x150.jpg 150w\" sizes=\"auto, (max-width: 220px) 100vw, 220px\" \/>Secondo Rudolf Steiner nell&#8217;Aloe vera ( pianta della famiglia delle succulente ) la luna lotta con il sole; la sua caratteristica trainante \u00e9 la tensione tra l&#8217;etereo e l&#8217;astrale. L&#8217;aspetto straordinario nella segnatura dell&#8217;Aloe \u00e9 la sua capacit\u00e1 d&#8217;incanalare l&#8217;acqua e di preservare e moltiplicare ci\u00f3 che \u00e9 vivo ( i numerosi germogli! ) &#8211; malgrado condizioni esterne avverse: calura, vento e siccit\u00e1. Attraverso il suo rigido involucro esterno ed il suo ramificato sistema venoso interno, l&#8217;Aloe \u00e9 in grado in modo eccellente di proteggere il liquido dentro di s\u00e9 dalla disidratazione, rimanendo cos\u00ed viva &#8211; e questo anche nei luoghi ed in periodi particolarmente difficili della vita! Da ci\u00f3 deriva la sua azione rafforzante sull&#8217;essere umano: per l&#8217;anima, lo spirito ed il corpo.<\/p>\n\n\n<div style=\"height:10px\" aria-hidden=\"true\" class=\"wp-block-spacer\"><\/div>\n\n\n\n<div class=\"wp-block-columns is-layout-flex wp-container-core-columns-is-layout-9d6595d7 wp-block-columns-is-layout-flex\">\n<div class=\"wp-block-column is-layout-flow wp-block-column-is-layout-flow\" style=\"flex-basis:50%\">\n<h2>Il pastore Kneipp<\/h2>\n<p><img loading=\"lazy\" decoding=\"async\" class=\"size-full wp-image-215 alignleft\" src=\"https:\/\/www.aloe-medical-group.com\/it\/wp-content\/uploads\/sites\/3\/2021\/06\/kneipp.jpg\" alt=\"\" width=\"220\" height=\"220\" srcset=\"https:\/\/www.aloe-medical-group.com\/it\/wp-content\/uploads\/sites\/3\/2021\/06\/kneipp.jpg 220w, https:\/\/www.aloe-medical-group.com\/it\/wp-content\/uploads\/sites\/3\/2021\/06\/kneipp-150x150.jpg 150w\" sizes=\"auto, (max-width: 220px) 100vw, 220px\" \/>Il pastore Kneipp era un grande estimatore e prescrittore di Aloe, sopratutto per le sue propriet\u00e1 dimagranti e disintossicanti sull&#8217;appararato digerente. Nelle &#8220;cure Kneipp&#8221; infatti, l&#8217;intestino ed il sistema immunitario ad esso correlato hanno un ruolo molto importante. Fece inoltre esperienze notevoli prescrivendo l&#8217;aloe per problemi agli occhi di diverso tipo, infiammatorio e degenerativo, riportando risultati notevoli.<\/p>\n<\/div>\n\n\n\n<div class=\"wp-block-column is-layout-flow wp-block-column-is-layout-flow\" style=\"flex-basis:50%\">\n<h2>Indiani<\/h2>\n<p>Durante il 16 secolo anche le trib\u00fa indiane si affidavano alla pianta sacra dell&#8217;Aloe. Presso di loro l&#8217;Aloe apparteneva alle 16 piante sacre che venivano venerate come dei. Con il succo diluito dell&#8217;Aloe vera gli indiani strofinavano l&#8217;intero corpo, per protteggersi dagli insetti durante le loro difficili migrazioni in territori paludosi. Questa propriet\u00e1 insettifuga dell&#8217;Aloe venne in seguito utilizzata dagli indiani anche su materiali come il legno, cospargendolo di Aloe vera lo proteggevano dall&#8217;attacco di insetti, mantenendolo intatto per diversi anni.<\/p>\n<\/div>\n<\/div>\n\n\n<div class=\"alignfull\">\n\n<div class=\"background upperfooter\"><\/div>\n<div style=\"width:100%;background:#DEECE2;\">\n<div class=\"grid-container block-footer-waves\">\n\n<h2><img loading=\"lazy\" decoding=\"async\" class=\"wp-image-1576 size-full alignleft\" src=\"https:\/\/www.aloe-medical-group.com\/it\/wp-content\/uploads\/sites\/3\/2021\/10\/cancian.jpg\" alt=\"\" width=\"120\" height=\"151\" \/>Letture consigliate<\/h2>\n<p><strong>LA VERA ALOE IL SEGRETO DEL BENESSERE<\/strong><br \/>Autore: Dr Luca Cancian<\/p>\n\n<\/div><div class=\"background footer\"><\/div>\n<\/div>\n\n<\/div>\n\n<style>\n.background.upperfooter {\n    background-image: url(\/upperfooterwave.png);\n    background-position: bottom;\n    background-repeat: no-repeat;\n    background-size: 100% 117px;\n    height: 117px;\n    max-height: 660px;\n    pointer-events: none;\n    width: 100%;\n}\n.background.footer {\n    background-color: #deece2;\n    background-image: url(\/footerwave.png);\n    background-position: bottom;\n    background-repeat: no-repeat;\n    background-size: 100% 117px;\n    height: 117px;\n    max-height: 660px;\n    pointer-events: none;\n    width: 100%;\n}\n\n<\/style>","protected":false},"excerpt":{"rendered":"<p>Egitto Le prime annotazioni sul succo nutritivo dell&#8217;Aloe vera furono gi\u00e1 formulate in Egitto circa di 6.000 anni f\u00e1. L&#8217; Aloe era considerata una pianta il cui &#8220;sangue&#8221; donava bellezza, salute ed immortalit\u00e1. Cleopatra e Nefertiti apprezzavano il beneficio del succo e lo utilizzavano per la cura e la salute della pelle ed attribuivano all&#8217;uso &#8230; <a title=\"Pianta medicinale degli antichi &#8211; Aloe vera\" class=\"read-more\" href=\"https:\/\/www.aloe-medical-group.com\/it\/aloe-vera\/storici\/\" aria-label=\"Per saperne di pi\u00f9 su Pianta medicinale degli antichi &#8211; Aloe vera\">Leggi tutto<\/a><\/p>\n","protected":false},"author":2,"featured_media":67,"parent":52,"menu_order":0,"comment_status":"closed","ping_status":"closed","template":"","meta":{"_acf_changed":false,"_editorskit_title_hidden":false,"_editorskit_reading_time":4,"_editorskit_is_block_options_detached":false,"_editorskit_block_options_position":"{}","footnotes":""},"class_list":["post-59","page","type-page","status-publish","has-post-thumbnail"],"acf":[],"_links":{"self":[{"href":"https:\/\/www.aloe-medical-group.com\/it\/wp-json\/wp\/v2\/pages\/59","targetHints":{"allow":["GET"]}}],"collection":[{"href":"https:\/\/www.aloe-medical-group.com\/it\/wp-json\/wp\/v2\/pages"}],"about":[{"href":"https:\/\/www.aloe-medical-group.com\/it\/wp-json\/wp\/v2\/types\/page"}],"author":[{"embeddable":true,"href":"https:\/\/www.aloe-medical-group.com\/it\/wp-json\/wp\/v2\/users\/2"}],"replies":[{"embeddable":true,"href":"https:\/\/www.aloe-medical-group.com\/it\/wp-json\/wp\/v2\/comments?post=59"}],"version-history":[{"count":52,"href":"https:\/\/www.aloe-medical-group.com\/it\/wp-json\/wp\/v2\/pages\/59\/revisions"}],"predecessor-version":[{"id":1578,"href":"https:\/\/www.aloe-medical-group.com\/it\/wp-json\/wp\/v2\/pages\/59\/revisions\/1578"}],"up":[{"embeddable":true,"href":"https:\/\/www.aloe-medical-group.com\/it\/wp-json\/wp\/v2\/pages\/52"}],"wp:featuredmedia":[{"embeddable":true,"href":"https:\/\/www.aloe-medical-group.com\/it\/wp-json\/wp\/v2\/media\/67"}],"wp:attachment":[{"href":"https:\/\/www.aloe-medical-group.com\/it\/wp-json\/wp\/v2\/media?parent=59"}],"curies":[{"name":"wp","href":"https:\/\/api.w.org\/{rel}","templated":true}]}}