{"id":454,"date":"2021-06-23T14:55:26","date_gmt":"2021-06-23T14:55:26","guid":{"rendered":"https:\/\/www.aloe-medical-group.com\/it\/?page_id=454"},"modified":"2021-10-27T16:35:30","modified_gmt":"2021-10-27T16:35:30","slug":"domande-frequenti","status":"publish","type":"page","link":"https:\/\/www.aloe-medical-group.com\/it\/aloe-vera\/domande-frequenti\/","title":{"rendered":"Non vogliamo lasciare in sospeso nessuna domanda"},"content":{"rendered":"\n<div class=\"wp-block-image\"><figure class=\"aligncenter size-full\"><img loading=\"lazy\" decoding=\"async\" width=\"157\" height=\"12\" src=\"https:\/\/www.aloe-medical-group.com\/it\/wp-content\/uploads\/sites\/3\/2021\/06\/separator-content.png\" alt=\"\" class=\"wp-image-65\" srcset=\"https:\/\/www.aloe-medical-group.com\/it\/wp-content\/uploads\/sites\/3\/2021\/06\/separator-content.png 157w, https:\/\/www.aloe-medical-group.com\/it\/wp-content\/uploads\/sites\/3\/2021\/06\/separator-content-150x12.png 150w\" sizes=\"auto, (max-width: 157px) 100vw, 157px\" \/><\/figure><\/div>\n\n\n\n<p>Se ha ancora domande sulla nostra rete, sulla FLP e i\u00a0 suoi prodotti, mi pu\u00f3 scrivere alla seguente E-Mail:\u00a0<a href=\"mailto:schwemmlein@aloe-medical-group.com\">schwemmlein@aloe-medical-group.com<\/a><\/p>\n\n\n\n<h3 class=\"wp-block-heading\">Cosa significa la dichiarazione 100% Aloe vera?<\/h3>\n\n\n\n<p>Molti prodotti sul mercato con dichiarazione 100% Aloe vera , in realt\u00e1 ne contengono molto meno. Per esempio Aloe vera in polvere o concentrata che viene diliuta in acqua. In questi casi la quantit\u00e1 di Aloe non supera il 4%, ma la si pu\u00f3 dichiarare al 100% in base alle leggi attuali.<br>Con queste procedure inoltre si perde quasi completamente le propriet\u00e1 salutari dell\u2019Aloe. Al contrario grazie alla lavorazione brevettata della FLP, nella sua Aloe vera gel, abbiamo una concentrazione di Aloe pari o superiore all\u2019 89% mantenendo cos\u00ed quasi intatte le sue capacit\u00e1 benefice.<\/p>\n\n\n\n<h3 class=\"wp-block-heading\">Il gel di Aloe sa e odora di Aloe?<\/h3>\n\n\n\n<p>Prodotti contenenti Aloe vera stabilizzata dovrebbero avere un sapore particolare.Il gel puro ha un sapore sui generis. Questo aloe sapore lo si riesce solo in parte a nasconderlo con concentrati di frutta e questo particolare prova la qualit\u00e1 di una bevanda a base di Aloe. Fortunatamente uno si abitua molto velocemente al sapore dell\u2019Aloe.<\/p>\n\n\n\n<h3 class=\"wp-block-heading\">Ci si pone sempre pi\u00fa spesso la domanda delle sostanze contenute nella buccia?<\/h3>\n\n\n\n<p>La buccia dell\u2019Aloe contiene antrachinoni. Sostanza purgante e se presa per lungo tempo anche cancerogena. Prodotti contenenti sostanze della bucchia di Aloe non sono consigliabili. La FLP usa la buccia come concime naturale per le sue piantaggioni. La FLP con una metodica sviluppata da loro separa il gel dalla buccia senza farlo inquinare dagli antrachinoni. Con questa procedura non si deve pi\u00fa filtrare il gel per renderlo privo di antrachinoni. Con il filtraggio si perdono anche molte sostanze della pianta, con la metodica FLP tutte le sostanze contenute le ritroviamo nella bevanda.<\/p>\n\n\n\n<h3 class=\"wp-block-heading\">Quale metodo si usa per la stabilizzazione e conservazione ?<\/h3>\n\n\n\n<p>Solamente una procedura di stabilizzazione del gel entro 4-6 ore dalla raccolta garantisce tutte le sostanze nutritive nella bevanda.<\/p>\n\n\n\n<h3 class=\"wp-block-heading\">Perch\u00e9 i prodotti cosmetici di FLP contengono conservanti?<\/h3>\n\n\n\n<p>In una qualsiasi forma un prodotto deve essere conservato se deve mantenersi. La FLP ha voluto risolvere il problema usando agenti conservanti i pi\u00fa naturali possibili, che oltertutto non provocano stress all\u2019organismo.<\/p>\n\n\n\n<div class=\"wp-block-image\"><figure class=\"alignright size-large\"><img loading=\"lazy\" decoding=\"async\" width=\"150\" height=\"227\" src=\"https:\/\/www.aloe-medical-group.com\/it\/wp-content\/uploads\/sites\/3\/2021\/06\/aloe-business.png\" alt=\"\" class=\"wp-image-455\"\/><\/figure><\/div>\n\n\n\n<h3 class=\"wp-block-heading\">In quanto tempo deve essere lavorata la pianta senza che si inizia a deteriorare?<\/h3>\n\n\n\n<p>Dopo la raccolta delle foglie queste devono essere lavorate nel giro di 4-6 ore. Questo \u00e9 possibile solamente se il luogo di lavorazione non \u00e9 lontano dalla piantaggione. La FLP ha creato vicino alle piantaggioni centri di lavorazione in modo da non far degradare la pianta e con il suo brevettato processo di stabilzzazione mantenere tutte le sue propriet\u00e1 nutritive.<\/p>\n\n\n\n<h3 class=\"wp-block-heading\">Vengono i prodotti FLP usati dagli sportivi professionisti e se si, quali e perch\u00e9?<\/h3>\n\n\n\n<p>&nbsp;Un organismo di uno sportivo ha bisogno di un&#8217;ottimale approvvigionamento di sostanze nutritive in modo da avere una alta performance e veloce rigenerazione. I prodotti che usa devono essere nella lista di K\u00f6lner e doping sicuri. Prodotti FLP come Argi+, l\u2019Ultra Shake Mix, la bevanda energetica FAB e molti altri adempiano &nbsp;questi criteri.<\/p>\n\n\n\n<h3 class=\"wp-block-heading\">Vengono i prodotti FLP usati dagli sportivi professionisti e se si, quali e perch\u00e9?<\/h3>\n\n\n\n<p>Un organismo di uno sportivo ha bisogno di un&#8217;ottimale approvvigionamento di sostanze nutritive in modo da avere una alta performance e veloce rigenerazione. I prodotti che usa devono essere nella lista di K\u00f6lner e doping sicuri. Prodotti FLP come Argi+, l\u2019Ultra Shake Mix, la bevanda energetica FAB e molti altri adempiano \u00a0questi criteri.<\/p>\n\n\n\n<h3 class=\"wp-block-heading\">Devo informare il mio medico curante che assumo Aloe prodotti ?<\/h3>\n\n\n\n<p>Forever vende prodotti per la bellezza, management del peso, sport e integratori alimentari. Se il suo medico lo chiede rispondete di si.<\/p>\n\n\n\n<h3 class=\"wp-block-heading\">Posso ordinare i prodotti da un qualsiaso membro dell\u2019AMGI?<\/h3>\n\n\n\n<p>In Italia si, tramite &#8220;cliente club&#8221;. Certamente, in pi\u00fa molti soci lo fanno come lavoro.<\/p>\n\n\n\n<h3 class=\"wp-block-heading\">I soci AMGI consigliano come usare i prodotti FLP?<\/h3>\n\n\n\n<p>Sempre e volentieri<\/p>\n","protected":false},"excerpt":{"rendered":"<p>Se ha ancora domande sulla nostra rete, sulla FLP e i\u00a0 suoi prodotti, mi pu\u00f3 scrivere alla seguente E-Mail:\u00a0schwemmlein@aloe-medical-group.com Cosa significa la dichiarazione 100% Aloe vera? Molti prodotti sul mercato con dichiarazione 100% Aloe vera , in realt\u00e1 ne contengono molto meno. Per esempio Aloe vera in polvere o concentrata che viene diliuta in acqua. &#8230; <a title=\"Non vogliamo lasciare in sospeso nessuna domanda\" class=\"read-more\" href=\"https:\/\/www.aloe-medical-group.com\/it\/aloe-vera\/domande-frequenti\/\" aria-label=\"Per saperne di pi\u00f9 su Non vogliamo lasciare in sospeso nessuna domanda\">Leggi tutto<\/a><\/p>\n","protected":false},"author":2,"featured_media":456,"parent":52,"menu_order":0,"comment_status":"closed","ping_status":"closed","template":"","meta":{"_acf_changed":false,"_editorskit_title_hidden":false,"_editorskit_reading_time":3,"_editorskit_is_block_options_detached":false,"_editorskit_block_options_position":"{}","footnotes":""},"class_list":["post-454","page","type-page","status-publish","has-post-thumbnail"],"acf":[],"_links":{"self":[{"href":"https:\/\/www.aloe-medical-group.com\/it\/wp-json\/wp\/v2\/pages\/454","targetHints":{"allow":["GET"]}}],"collection":[{"href":"https:\/\/www.aloe-medical-group.com\/it\/wp-json\/wp\/v2\/pages"}],"about":[{"href":"https:\/\/www.aloe-medical-group.com\/it\/wp-json\/wp\/v2\/types\/page"}],"author":[{"embeddable":true,"href":"https:\/\/www.aloe-medical-group.com\/it\/wp-json\/wp\/v2\/users\/2"}],"replies":[{"embeddable":true,"href":"https:\/\/www.aloe-medical-group.com\/it\/wp-json\/wp\/v2\/comments?post=454"}],"version-history":[{"count":25,"href":"https:\/\/www.aloe-medical-group.com\/it\/wp-json\/wp\/v2\/pages\/454\/revisions"}],"predecessor-version":[{"id":1638,"href":"https:\/\/www.aloe-medical-group.com\/it\/wp-json\/wp\/v2\/pages\/454\/revisions\/1638"}],"up":[{"embeddable":true,"href":"https:\/\/www.aloe-medical-group.com\/it\/wp-json\/wp\/v2\/pages\/52"}],"wp:featuredmedia":[{"embeddable":true,"href":"https:\/\/www.aloe-medical-group.com\/it\/wp-json\/wp\/v2\/media\/456"}],"wp:attachment":[{"href":"https:\/\/www.aloe-medical-group.com\/it\/wp-json\/wp\/v2\/media?parent=454"}],"curies":[{"name":"wp","href":"https:\/\/api.w.org\/{rel}","templated":true}]}}