{"id":364,"date":"2021-06-23T11:52:24","date_gmt":"2021-06-23T11:52:24","guid":{"rendered":"https:\/\/www.aloe-medical-group.com\/it\/?page_id=364"},"modified":"2025-02-21T10:30:34","modified_gmt":"2025-02-21T10:30:34","slug":"qualita-lavorazione","status":"publish","type":"page","link":"https:\/\/www.aloe-medical-group.com\/it\/aloe-vera\/qualita-lavorazione\/","title":{"rendered":"Qualit\u00e1 e lavorazione"},"content":{"rendered":"\n<div class=\"wp-block-image\"><figure class=\"aligncenter size-full\"><img loading=\"lazy\" decoding=\"async\" width=\"157\" height=\"12\" src=\"https:\/\/www.aloe-medical-group.com\/it\/wp-content\/uploads\/sites\/3\/2021\/06\/separator-content.png\" alt=\"\" class=\"wp-image-65\" srcset=\"https:\/\/www.aloe-medical-group.com\/it\/wp-content\/uploads\/sites\/3\/2021\/06\/separator-content.png 157w, https:\/\/www.aloe-medical-group.com\/it\/wp-content\/uploads\/sites\/3\/2021\/06\/separator-content-150x12.png 150w\" sizes=\"auto, (max-width: 157px) 100vw, 157px\" \/><\/figure><\/div>\n\n\n<div class=\"wp-block-image caption-align-left\">\n<figure class=\"alignright size-large\"><img loading=\"lazy\" decoding=\"async\" width=\"220\" height=\"220\" src=\"https:\/\/www.aloe-medical-group.com\/it\/wp-content\/uploads\/sites\/3\/2021\/06\/rex.jpg\" alt=\"\" class=\"wp-image-387\" srcset=\"https:\/\/www.aloe-medical-group.com\/it\/wp-content\/uploads\/sites\/3\/2021\/06\/rex.jpg 220w, https:\/\/www.aloe-medical-group.com\/it\/wp-content\/uploads\/sites\/3\/2021\/06\/rex-150x150.jpg 150w\" sizes=\"auto, (max-width: 220px) 100vw, 220px\" \/><figcaption class=\"wp-element-caption\">Rex Maughan<\/figcaption><\/figure>\n<\/div>\n\n\n<h2 class=\"wp-block-heading\">Le esperienze fatte con la Forever&nbsp;dal 1978 creano fiducia.<\/h2>\n\n\n\n<p>Negli anni 50 un giovane farmacista, Bill Coats, svilupp\u00f3 per primo un procedimento per la stabilizzazione naturale del gel dell&#8217;Aloe vera. Soltanto attraverso questo procedimento pot\u00e9 arrivare nelle mani della gente di cos\u00ed tanti paesi, senza dover essere raccolto fresco. <strong>Rex Maughan<\/strong>, un commerciante di successo dell&#8217;Arizona, ottenne poi da lui questo brevetto e fond\u00f3 nel 1978 la sua ditta <strong>Forever Living Products<\/strong>.<\/p>\n\n\n\n<p>FOREVER LIVING PRODUCTS \u00e9 lo stabilimento, il produttore ed il distributore pi\u00fa grande del mondo di prodotti d&#8217;Aloe vera. Il gel grezzo, velocemente ossidabile delle foglie d&#8217;Aloe, viene stabilizzato direttamente dopo la raccolta, attraverso questo procedimento brevettato. Con ci\u00f3 le 300 differenti componenti del gel conosciute fino ad oggi, ricche d&#8217;elementi nutritivi e naturali, vengono conservate nel modo migliore. Analisi spettroscopiche hanno dimostrato che questo procedimento esclusivo lascia inalterata l&#8217;azione del gel quasi del 100% in rapporto al gel delle foglie fresche.<\/p>\n\n\n<div class=\"wp-block-image\">\n<figure class=\"alignright size-full is-resized\"><img loading=\"lazy\" decoding=\"async\" width=\"600\" height=\"601\" src=\"https:\/\/www.aloe-medical-group.com\/it\/wp-content\/uploads\/sites\/3\/2025\/02\/AidanOHare_600.jpg\" alt=\"\" class=\"wp-image-2064\" style=\"width:220px\" srcset=\"https:\/\/www.aloe-medical-group.com\/it\/wp-content\/uploads\/sites\/3\/2025\/02\/AidanOHare_600.jpg 600w, https:\/\/www.aloe-medical-group.com\/it\/wp-content\/uploads\/sites\/3\/2025\/02\/AidanOHare_600-300x300.jpg 300w, https:\/\/www.aloe-medical-group.com\/it\/wp-content\/uploads\/sites\/3\/2025\/02\/AidanOHare_600-200x200.jpg 200w\" sizes=\"auto, (max-width: 600px) 100vw, 600px\" \/><figcaption class=\"wp-element-caption\">Aidan O\u2019Hare<\/figcaption><\/figure>\n<\/div>\n\n\n<p><a href=\"https:\/\/www.aloe-medical-group.com\/it\/aloe-vera\/qualita-lavorazione\/interview-rex-maughan\/\" class=\"ek-link\">Ulteriori\u00a0informazioni sull&#8217;intervista fatta a Rex Maughan sul periodico americano Success<\/a><\/p>\n\n\n\n<p>Nel gennaio 2023, Aidan O&#8217;Hare \u00e8 stato nominato nuovo presidente del gigante dell&#8217;aloe vera Forever Living Products, con sede a Phoenix, in Arizona. Il figlio del fondatore dell&#8217;azienda, Gregg Maughan, \u00e8 amministratore delegato dell&#8217;azienda.<\/p>\n\n\n\n<div class=\"wp-block-image\"><figure class=\"aligncenter size-full\"><img loading=\"lazy\" decoding=\"async\" width=\"157\" height=\"12\" src=\"https:\/\/www.aloe-medical-group.com\/it\/wp-content\/uploads\/sites\/3\/2021\/06\/separator-content.png\" alt=\"\" class=\"wp-image-65\" srcset=\"https:\/\/www.aloe-medical-group.com\/it\/wp-content\/uploads\/sites\/3\/2021\/06\/separator-content.png 157w, https:\/\/www.aloe-medical-group.com\/it\/wp-content\/uploads\/sites\/3\/2021\/06\/separator-content-150x12.png 150w\" sizes=\"auto, (max-width: 157px) 100vw, 157px\" \/><\/figure><\/div>\n\n\n\n<h2 class=\"wp-block-heading\">La speciale lavorazione<\/h2>\n\n\n<div class=\"wp-block-image\">\n<figure class=\"alignleft size-large\"><img loading=\"lazy\" decoding=\"async\" width=\"220\" height=\"220\" src=\"https:\/\/www.aloe-medical-group.com\/it\/wp-content\/uploads\/sites\/3\/2021\/06\/aloe-ernte.png\" alt=\"\" class=\"wp-image-380\" srcset=\"https:\/\/www.aloe-medical-group.com\/it\/wp-content\/uploads\/sites\/3\/2021\/06\/aloe-ernte.png 220w, https:\/\/www.aloe-medical-group.com\/it\/wp-content\/uploads\/sites\/3\/2021\/06\/aloe-ernte-150x150.png 150w\" sizes=\"auto, (max-width: 220px) 100vw, 220px\" \/><\/figure>\n<\/div>\n\n\n<p>La raccolta viene fatta&nbsp;a mano. Non si raccoglie tutta la pianta ma solo le foglie esterne. Lavate meccanicamente vengono immediatamente sbucciate con metodo brevettato. Ci\u00f3 che rimane \u00e9 il limpido gel che contiene le benefiche sostanze attive dell&#8217;Aloe vera.<\/p>\n\n\n<div class=\"wp-block-image\">\n<figure class=\"alignright size-large\"><img loading=\"lazy\" decoding=\"async\" width=\"220\" height=\"220\" src=\"https:\/\/www.aloe-medical-group.com\/it\/wp-content\/uploads\/sites\/3\/2021\/06\/aloe-verarbeitung2.png\" alt=\"\" class=\"wp-image-379\" srcset=\"https:\/\/www.aloe-medical-group.com\/it\/wp-content\/uploads\/sites\/3\/2021\/06\/aloe-verarbeitung2.png 220w, https:\/\/www.aloe-medical-group.com\/it\/wp-content\/uploads\/sites\/3\/2021\/06\/aloe-verarbeitung2-150x150.png 150w\" sizes=\"auto, (max-width: 220px) 100vw, 220px\" \/><\/figure>\n<\/div>\n\n\n<p>Tutta la procedura di estrazione del gel, viene fatta in centri di raccolta vicino alle piantaggioni per poi stabilizzarlo in loco &#8211; questo avviene attraverso un procedimento brevettato, che impedisce in modo rilevante la perdita di sostanze nutritive e di altre componenti importanti dell&#8217;Aloe. La ditta produttrice a Dallas, Aloe Vera of America, \u00e9 nel suo genere una delle migliori strutture. Ad essa appartiene anche una sezione di ricerca avanzatissima nel campo degli integratori alimentari.<\/p>\n\n\n\n<h2 class=\"wp-block-heading\">Coltivazione biologica di piante di Aloe<\/h2>\n\n\n\n<p>Le piante di Aloe sono coltivati rigorosamente secondo principi ecologici. Nelle piantagioni di Aloe nella Repubblica Dominicana e in Texas capre selvatiche e pecore sono utilizzati che mantengono le erbacce naturalmente piccola. Inoltre, gli animali forniscono loro feci importanti sostanze nutritive che la pianta di Aloe a crescere.<\/p>\n\n\n\n<h2 class=\"wp-block-heading\">Leader del mercato mondiale<\/h2>\n\n\n<div class=\"wp-block-image\">\n<figure class=\"alignright size-large is-resized\"><img loading=\"lazy\" decoding=\"async\" width=\"220\" height=\"220\" src=\"https:\/\/www.aloe-medical-group.com\/it\/wp-content\/uploads\/sites\/3\/2021\/06\/aloe-produktion-handarbeit.png\" alt=\"\" class=\"wp-image-378\" style=\"width:220px;height:220px\" srcset=\"https:\/\/www.aloe-medical-group.com\/it\/wp-content\/uploads\/sites\/3\/2021\/06\/aloe-produktion-handarbeit.png 220w, https:\/\/www.aloe-medical-group.com\/it\/wp-content\/uploads\/sites\/3\/2021\/06\/aloe-produktion-handarbeit-150x150.png 150w\" sizes=\"auto, (max-width: 220px) 100vw, 220px\" \/><\/figure>\n<\/div>\n\n<div class=\"wp-block-image\">\n<figure class=\"alignright size-large is-resized\"><img loading=\"lazy\" decoding=\"async\" width=\"200\" height=\"200\" src=\"https:\/\/www.aloe-medical-group.com\/it\/wp-content\/uploads\/sites\/3\/2021\/06\/aloe-verarbeitung.png\" alt=\"\" class=\"wp-image-80\" style=\"width:220px;height:220px\" srcset=\"https:\/\/www.aloe-medical-group.com\/it\/wp-content\/uploads\/sites\/3\/2021\/06\/aloe-verarbeitung.png 200w, https:\/\/www.aloe-medical-group.com\/it\/wp-content\/uploads\/sites\/3\/2021\/06\/aloe-verarbeitung-150x150.png 150w\" sizes=\"auto, (max-width: 200px) 100vw, 200px\" \/><\/figure>\n<\/div>\n\n\n<p>Questo a portato ad una posizione notevole nel mercato mondiale: nel mondo pi\u00fa del 90% di tutta la superficie coltivata ad Aloe appartiene a Forever Living Products, la sezione commerciale riguardante la preparazione e la vendita \u00e9 altrettanto alta.<br>I prodotti cosmetici e gli integratori alimentari di Forever Living Products contengono tutti come ingrediente principale il prezioso gel di Aloe vera. Per differenziare questi prodotti da quelli che si trovano in commercio e che spesso contengono solo una minima quantit\u00e1 di Aloe vera, \u00e9 importante il sigillo IASC ( International Aloe Vera Science Council ) che garantisce una buona qualit\u00e1. Tra le ditte con questo marchio Forever Living Products \u00e9 tra le prime.<\/p>\n\n\n\n<div style=\"height:60px\" aria-hidden=\"true\" class=\"wp-block-spacer\"><\/div>\n\n\n\n<div class=\"wp-block-image\"><figure class=\"aligncenter size-full\"><img loading=\"lazy\" decoding=\"async\" width=\"157\" height=\"12\" src=\"https:\/\/www.aloe-medical-group.com\/it\/wp-content\/uploads\/sites\/3\/2021\/06\/separator-content.png\" alt=\"\" class=\"wp-image-65\" srcset=\"https:\/\/www.aloe-medical-group.com\/it\/wp-content\/uploads\/sites\/3\/2021\/06\/separator-content.png 157w, https:\/\/www.aloe-medical-group.com\/it\/wp-content\/uploads\/sites\/3\/2021\/06\/separator-content-150x12.png 150w\" sizes=\"auto, (max-width: 157px) 100vw, 157px\" \/><\/figure><\/div>\n\n\n\n<h2 class=\"wp-block-heading\">La stabilizzazione<\/h2>\n\n\n<div class=\"wp-block-image\">\n<figure class=\"alignright size-full is-resized\"><img loading=\"lazy\" decoding=\"async\" width=\"600\" height=\"600\" src=\"https:\/\/www.aloe-medical-group.com\/it\/wp-content\/uploads\/sites\/3\/2025\/02\/2024PET.jpg\" alt=\"\" class=\"wp-image-2069\" style=\"width:220px\" srcset=\"https:\/\/www.aloe-medical-group.com\/it\/wp-content\/uploads\/sites\/3\/2025\/02\/2024PET.jpg 600w, https:\/\/www.aloe-medical-group.com\/it\/wp-content\/uploads\/sites\/3\/2025\/02\/2024PET-300x300.jpg 300w, https:\/\/www.aloe-medical-group.com\/it\/wp-content\/uploads\/sites\/3\/2025\/02\/2024PET-200x200.jpg 200w\" sizes=\"auto, (max-width: 600px) 100vw, 600px\" \/><\/figure>\n<\/div>\n\n<div class=\"wp-block-image\">\n<figure class=\"alignright size-large\"><img loading=\"lazy\" decoding=\"async\" width=\"220\" height=\"220\" src=\"https:\/\/www.aloe-medical-group.com\/it\/wp-content\/uploads\/sites\/3\/2021\/06\/Aloe_Sterile_Abfuellanlage.jpg\" alt=\"\" class=\"wp-image-376\" srcset=\"https:\/\/www.aloe-medical-group.com\/it\/wp-content\/uploads\/sites\/3\/2021\/06\/Aloe_Sterile_Abfuellanlage.jpg 220w, https:\/\/www.aloe-medical-group.com\/it\/wp-content\/uploads\/sites\/3\/2021\/06\/Aloe_Sterile_Abfuellanlage-150x150.jpg 150w\" sizes=\"auto, (max-width: 220px) 100vw, 220px\" \/><\/figure>\n<\/div>\n\n\n<p>L&#8217; Aloe vera barbadensis, paragonata a tutti i tipi di Aloe, contiene nella polpa delle sue foglie i pi\u00fa preziosi ingredienti, perci\u00f3 ogni prodotto a base di Aloe dovrebbe essere fatto con questo tipo di Aloe. Le sue preziose sostanze deperiscono velocemente: se il biancastro e trasparente gel della pianta di Aloe viene esposto senza protezione all&#8217;aria per pi\u00fa di quattro ore si ossida ( esattamente come una mela tagliata che nel giro di poco tempo diventa marrone ). Una volta ossidato, il gel perde il suo valore nutrizionale.<\/p>\n\n\n\n<p>Perci\u00f3 il gel di Aloe va stabilizzato, in modo da conservarsi cos\u00ed fresco, subito dopo l\u00b4estrazione della polpa dalla foglia. Durante questo procedimento di stabilizzazione non devono essere utilizzati n\u00e9 calore troppo alto e n\u00e9 sostanze chimiche aggressive, che distruggerebbero le componenti originali del gel.<\/p>\n\n\n\n<div class=\"mag-blockquote\">\n\t\n    <div class=\"testimonial-image\">\n            <div class=\"image-container\">\n                    <img decoding=\"async\" src=\"https:\/\/www.aloe-medical-group.com\/it\/wp-content\/uploads\/sites\/3\/2021\/06\/bill_coats.jpg\">\n                \n            <\/div>\n        <\/div>\n        <div class=\"quote-box-1\">\n           \n                <p>Il farmacista <b>Bill Coats<\/b> del Texas, riusc\u00ed alla fine degli anni 50, a sviluppare la tecnica di conservazione ottimale<\/p>\n         <\/div>\n           <div class=\"quote-box-2\">\n               <p>Anasili spettrografiche hanno mostrato che la lavorazone dell\u2019Aloe fatta della FLP mantiene quasi il 100% delle propiet\u00e1 della pianta.<\/p>\n           <\/div>\n        \n\n<\/div>\n\n\n\n\n\n<!--\n<style>\n.testimonial-image {\n    float: left;\n    left: -16px;\n    position: relative;\n    top: -12px;\n    width: 18%;\n}\n .image-container img {\n    border-radius: 50%;\n    overflow: hidden;\n    position: relative;\n\tborder:10px solid #fff;\n}\n\n.quote-box-1 {\n    background: #dce5de;\n\tmargin-left:8%;\n    padding: 12px 12px 12px 14%;\n}\n\n.quote-box-2 {\n    background: #bfd0c2;\n    margin-left:8%;\n    padding: 12px 12px 12px 14%;\n}\n<\/style>\n-->\n\n<div class=\"wp-block-image\">\n<figure class=\"alignright size-large\"><img loading=\"lazy\" decoding=\"async\" width=\"220\" height=\"220\" src=\"https:\/\/www.aloe-medical-group.com\/it\/wp-content\/uploads\/sites\/3\/2021\/06\/aloeofamerica.jpg\" alt=\"\" class=\"wp-image-374\" srcset=\"https:\/\/www.aloe-medical-group.com\/it\/wp-content\/uploads\/sites\/3\/2021\/06\/aloeofamerica.jpg 220w, https:\/\/www.aloe-medical-group.com\/it\/wp-content\/uploads\/sites\/3\/2021\/06\/aloeofamerica-150x150.jpg 150w\" sizes=\"auto, (max-width: 220px) 100vw, 220px\" \/><\/figure>\n<\/div>\n\n\n<p>Il gel appena ricavato dalla pianta viene stabilizzato dal 2018 con una procedura nuova brevettata che usa&nbsp; la vitamina C come antiossidante e diverse temperature senza danneggiare le propriet\u00e1 nutrizionali, lasciando cos\u00ed intatte le 300 diverse sostanze nutritive contenute nell\u2019aloe.<br>Questa procedura brevettata appartiene solo al marchio <strong>Aloe Vera of America<\/strong>. Oggi l\u2019Aloe Vera of America \u00e9 la ditta pi\u00fa grande al mondo produttrice di Aloe e fa parte dell\u2019 FLP.<\/p>\n\n\n\n<h2 class=\"wp-block-heading\">IASC &#8211; Simbolo di garanzia per la coltivazione e lavorazione.<\/h2>\n\n\n\n<p>Ponete domande critiche quando acquistate prodotti di Aloe!<\/p>\n\n\n\n<ul class=\"wp-block-list\">\n<li>Quanto costa il gel?<\/li>\n\n\n\n<li>Che sapore ha?\u00a0<\/li>\n\n\n\n<li>Dove crescono le piante?<\/li>\n\n\n\n<li>Come avviene la stabilizzazione?\u00a0<\/li>\n\n\n\n<li>Quali parti della foglia vengono utilizzate?<\/li>\n\n\n\n<li>Quanto \u00e9 lungo il tragitto del trasporto?\u00a0<\/li>\n<\/ul>\n\n\n\n<figure class=\"wp-block-gallery alignright has-nested-images columns-default wp-block-gallery-1 is-layout-flex wp-block-gallery-is-layout-flex\">\n<figure class=\"wp-block-image size-large\"><img loading=\"lazy\" decoding=\"async\" width=\"140\" height=\"140\" data-id=\"373\" src=\"https:\/\/www.aloe-medical-group.com\/it\/wp-content\/uploads\/sites\/3\/2021\/06\/csm_aloecertified.png\" alt=\"\" class=\"wp-image-373\"\/><\/figure>\n\n\n\n<figure class=\"wp-block-image size-large\"><img loading=\"lazy\" decoding=\"async\" width=\"140\" height=\"140\" data-id=\"372\" src=\"https:\/\/www.aloe-medical-group.com\/it\/wp-content\/uploads\/sites\/3\/2021\/06\/csm_crueltyfree.png\" alt=\"\" class=\"wp-image-372\"\/><\/figure>\n\n\n\n<figure class=\"wp-block-image size-large\"><img loading=\"lazy\" decoding=\"async\" width=\"140\" height=\"140\" data-id=\"371\" src=\"https:\/\/www.aloe-medical-group.com\/it\/wp-content\/uploads\/sites\/3\/2021\/06\/csm_dermatest.png\" alt=\"\" class=\"wp-image-371\"\/><\/figure>\n\n\n\n<figure class=\"wp-block-image size-large\"><img loading=\"lazy\" decoding=\"async\" width=\"140\" height=\"140\" data-id=\"370\" src=\"https:\/\/www.aloe-medical-group.com\/it\/wp-content\/uploads\/sites\/3\/2021\/06\/csm_halal.png\" alt=\"\" class=\"wp-image-370\"\/><\/figure>\n\n\n\n<figure class=\"wp-block-image size-large\"><img loading=\"lazy\" decoding=\"async\" width=\"140\" height=\"140\" data-id=\"369\" src=\"https:\/\/www.aloe-medical-group.com\/it\/wp-content\/uploads\/sites\/3\/2021\/06\/csm_islamicsocietycalifornia.png\" alt=\"\" class=\"wp-image-369\"\/><\/figure>\n\n\n\n<figure class=\"wp-block-image size-large\"><img loading=\"lazy\" decoding=\"async\" width=\"140\" height=\"140\" data-id=\"368\" src=\"https:\/\/www.aloe-medical-group.com\/it\/wp-content\/uploads\/sites\/3\/2021\/06\/csm_koelnerliste.png\" alt=\"\" class=\"wp-image-368\"\/><\/figure>\n\n\n<div class=\"wp-block-image\">\n<figure class=\"alignleft size-large\"><img loading=\"lazy\" decoding=\"async\" width=\"140\" height=\"140\" data-id=\"367\" src=\"https:\/\/www.aloe-medical-group.com\/it\/wp-content\/uploads\/sites\/3\/2021\/06\/csm_kosher.png\" alt=\"\" class=\"wp-image-367\"\/><\/figure>\n<\/div><\/figure>\n\n\n\n<p>Per tutelare il lavoro da eventuali pecore nere, nel 1981 fu creato negli USA con il nome di &#8220;National Aloe Science Council&#8221;, pi\u00fa tardi &#8220;International Aloe Science Council &#8220;, un accordo tra produttori e trasformatori di Aloe vera, preparatori di merce finita, societ\u00e1 di marketing, medici e ricercatori.<\/p>\n\n\n\n<p>Lo IASC ha come compito di tutelare la preparazione dei prodotti di Aloe vera e di sviluppare standard di qualit\u00e1 controllati di materie prime e di prodotti finiti di alta qualit\u00e1. I membri del council sottostanno inoltre ad un codice etico per la tutela di modalit\u00e1 commerciali pulite.<\/p>\n\n\n\n<p>Fate attenzione che nell&#8217;acquisto di prodotti di Aloe vera ci sia assolutamente il&nbsp;marchio di certificazione ISAC&nbsp;&#8211; possibilmente stampato sulla confezione e non incollato!<\/p>\n\n\n\n<p>Grazie all&#8217;estrema purezza del processo di produzione e alla scelta mirata degli ingredienti per i singoli prodotti, la ditta&nbsp;FLP&nbsp;\u00e9 in grado di usufruire di marchi e di certificati di altre organizzazioni e gode perci\u00f3 in tutto il mondo della grande fiducia della sua clientela.<\/p>\n\n\n<div class=\"alignfull\">\n\n<div class=\"background upperfooter\"><\/div>\n<div style=\"width:100%;background:#DEECE2;\">\n<div class=\"grid-container block-footer-waves\">\n<div class=\"wp-block-image\">\n<figure class=\"alignleft size-large\"><img loading=\"lazy\" decoding=\"async\" width=\"120\" height=\"121\" src=\"https:\/\/www.aloe-medical-group.com\/it\/wp-content\/uploads\/sites\/3\/2021\/06\/fragezeichen.png\" alt=\"\" class=\"wp-image-87\"\/><\/figure>\n<\/div>\n\n\n<p><a href=\"https:\/\/www.aloe-medical-group.com\/it\/aloe-vera\/domande-frequenti\/\" class=\"ek-link\">Al seguito le domande pi\u00fa frequenti sui prodotti Aloe.<\/a><\/p>\n\n<\/div><div class=\"background footer\"><\/div>\n<\/div>\n\n<\/div>\n\n<style>\n.background.upperfooter {\n    background-image: url(\/upperfooterwave.png);\n    background-position: bottom;\n    background-repeat: no-repeat;\n    background-size: 100% 117px;\n    height: 117px;\n    max-height: 660px;\n    pointer-events: none;\n    width: 100%;\n}\n.background.footer {\n    background-color: #deece2;\n    background-image: url(\/footerwave.png);\n    background-position: bottom;\n    background-repeat: no-repeat;\n    background-size: 100% 117px;\n    height: 117px;\n    max-height: 660px;\n    pointer-events: none;\n    width: 100%;\n}\n\n<\/style>","protected":false},"excerpt":{"rendered":"<p>Le esperienze fatte con la Forever&nbsp;dal 1978 creano fiducia. Negli anni 50 un giovane farmacista, Bill Coats, svilupp\u00f3 per primo un procedimento per la stabilizzazione naturale del gel dell&#8217;Aloe vera. Soltanto attraverso questo procedimento pot\u00e9 arrivare nelle mani della gente di cos\u00ed tanti paesi, senza dover essere raccolto fresco. Rex Maughan, un commerciante di successo &#8230; <a title=\"Qualit\u00e1 e lavorazione\" class=\"read-more\" href=\"https:\/\/www.aloe-medical-group.com\/it\/aloe-vera\/qualita-lavorazione\/\" aria-label=\"Per saperne di pi\u00f9 su Qualit\u00e1 e lavorazione\">Leggi tutto<\/a><\/p>\n","protected":false},"author":2,"featured_media":381,"parent":52,"menu_order":0,"comment_status":"closed","ping_status":"closed","template":"","meta":{"_acf_changed":false,"_editorskit_title_hidden":false,"_editorskit_reading_time":4,"_editorskit_is_block_options_detached":false,"_editorskit_block_options_position":"{}","footnotes":""},"class_list":["post-364","page","type-page","status-publish","has-post-thumbnail"],"acf":[],"_links":{"self":[{"href":"https:\/\/www.aloe-medical-group.com\/it\/wp-json\/wp\/v2\/pages\/364","targetHints":{"allow":["GET"]}}],"collection":[{"href":"https:\/\/www.aloe-medical-group.com\/it\/wp-json\/wp\/v2\/pages"}],"about":[{"href":"https:\/\/www.aloe-medical-group.com\/it\/wp-json\/wp\/v2\/types\/page"}],"author":[{"embeddable":true,"href":"https:\/\/www.aloe-medical-group.com\/it\/wp-json\/wp\/v2\/users\/2"}],"replies":[{"embeddable":true,"href":"https:\/\/www.aloe-medical-group.com\/it\/wp-json\/wp\/v2\/comments?post=364"}],"version-history":[{"count":96,"href":"https:\/\/www.aloe-medical-group.com\/it\/wp-json\/wp\/v2\/pages\/364\/revisions"}],"predecessor-version":[{"id":2074,"href":"https:\/\/www.aloe-medical-group.com\/it\/wp-json\/wp\/v2\/pages\/364\/revisions\/2074"}],"up":[{"embeddable":true,"href":"https:\/\/www.aloe-medical-group.com\/it\/wp-json\/wp\/v2\/pages\/52"}],"wp:featuredmedia":[{"embeddable":true,"href":"https:\/\/www.aloe-medical-group.com\/it\/wp-json\/wp\/v2\/media\/381"}],"wp:attachment":[{"href":"https:\/\/www.aloe-medical-group.com\/it\/wp-json\/wp\/v2\/media?parent=364"}],"curies":[{"name":"wp","href":"https:\/\/api.w.org\/{rel}","templated":true}]}}