{"id":315,"date":"2021-06-22T16:41:38","date_gmt":"2021-06-22T16:41:38","guid":{"rendered":"https:\/\/www.aloe-medical-group.com\/it\/?page_id=315"},"modified":"2021-10-27T16:05:05","modified_gmt":"2021-10-27T16:05:05","slug":"ingredienti","status":"publish","type":"page","link":"https:\/\/www.aloe-medical-group.com\/it\/aloe-vera\/ingredienti\/","title":{"rendered":"Componenti di Aloe vera"},"content":{"rendered":"\n<div class=\"wp-block-image\"><figure class=\"aligncenter size-full\"><img loading=\"lazy\" decoding=\"async\" width=\"157\" height=\"12\" src=\"https:\/\/www.aloe-medical-group.com\/it\/wp-content\/uploads\/sites\/3\/2021\/06\/separator-content.png\" alt=\"\" class=\"wp-image-65\" srcset=\"https:\/\/www.aloe-medical-group.com\/it\/wp-content\/uploads\/sites\/3\/2021\/06\/separator-content.png 157w, https:\/\/www.aloe-medical-group.com\/it\/wp-content\/uploads\/sites\/3\/2021\/06\/separator-content-150x12.png 150w\" sizes=\"auto, (max-width: 157px) 100vw, 157px\" \/><\/figure><\/div>\n\n\n\n<h2 class=\"wp-block-heading\">Effetto sinergico<\/h2>\n\n\n\n<p>Fino ad ora sono stati trovati almeno 160 importanti componenti nell&#8217;Aloe vera. Alcuni esperti parlano addirittura della presenza di 300\/400 sostanze vitali. I ricercatori, inoltre, sono unanimi nel ritenere che nessuna singola sostanza vada considerata isolatamente, rispetto agli effetti dell&#8217;azione terapeutica, ma che deve essere valutato l&#8217;effetto sinergico di tutti i componenti.<\/p>\n\n\n\n<p>Questa \u00e9 la propriet\u00e1 veramente eccezionale dell&#8217;Aloe vera:<br>riunisce in s\u00e9 l&#8217;azione di preziose sostanze accordandole in perfetta armonia e rendendolo possibile al nostro corpo non solo di fare provvista di componenti vitali ma di beneficiare di un&#8217;azione sinergica complessiva che va oltre l&#8217;azione delle&nbsp;singole &#8220;sostanze attive&#8221;.&nbsp;<\/p>\n\n\n\n<h2 class=\"wp-block-heading\">Mono e Polisaccaridi<\/h2>\n\n\n\n<div class=\"wp-block-image caption-align-left\"><figure class=\"alignright size-large\"><img loading=\"lazy\" decoding=\"async\" width=\"440\" height=\"387\" src=\"https:\/\/www.aloe-medical-group.com\/it\/wp-content\/uploads\/sites\/3\/2021\/06\/aloe-inhaltsstoffe-polysaccharide.png\" alt=\"\" class=\"wp-image-337\" srcset=\"https:\/\/www.aloe-medical-group.com\/it\/wp-content\/uploads\/sites\/3\/2021\/06\/aloe-inhaltsstoffe-polysaccharide.png 440w, https:\/\/www.aloe-medical-group.com\/it\/wp-content\/uploads\/sites\/3\/2021\/06\/aloe-inhaltsstoffe-polysaccharide-300x264.png 300w\" sizes=\"auto, (max-width: 440px) 100vw, 440px\" \/><\/figure><\/div>\n\n\n\n<p>stimolante per il sistema immunitario, facilitano la digestione e sono in grado di catturare sostanze dannose, come il colesterolo o l&#8217;eccesso di bile prodotta, che normalmente verrebbero assorbite, facilitandone l&#8217;eliminazione.<\/p>\n\n\n\n<p>I pi\u00fa importanti sono&nbsp;<strong>le molecole di zuccheri a catena lunga <\/strong>( sopratutto i polimannani ), che penetrano nelle pareti dell&#8217;intestino senza spezzarsi e che, una volta assorbite nel sangue, possono svolgere il loro effetto immunoregolatore. Si posizionano anche all&#8217;interno delle pareti dell&#8217;intestino protteggendolo ed impedendo cos\u00ed l&#8217;assorbimento di sostanze non desiderate nella circolazione sanguigna.<\/p>\n\n\n\n<p>La sostanza attiva pi\u00fa efficace dell&#8217;Aloe vera \u00e9 l&#8217;acemannano, che viene prodotto dal nostro corpo fino alla pubert\u00e1. Ha un&#8217;azione rafforzante sul sistema immunitario, inibente le infiammazioni\u00a0e con la propriet\u00e1 di aiutare il sistema digestivo ad assorbire meglio tutte le sostanze vitali. Nel gel dell&#8217;Aloe vera sono state trovate tutte le sostanze appartenenti a questo gruppo:\u00a0<strong><a href=\"https:\/\/www.aloe-medical-group.com\/it\/aloe-vera\/acemannan\/\" class=\"ek-link\">acemannano<\/a>, aldopentosi, arabinosi, cellulosa, galattosi, acido galatturonico,\u00a0acido glucoronico, glucosio, acido\u00a0hexuronico, mannosio, acido manuronico, pentosano, ramnosio,\u00a0acido uronico, \u00a0xylosio.<\/strong>\u00a0<\/p>\n\n\n\n<h2 class=\"wp-block-heading\">Aminoacidi<\/h2>\n\n\n\n<p>Ci sono 20 differenti aminoacidi che servono al corpo per la sintesi delle proteine. Alcuni di essi non possono essere prodotti dal corpo stesso, si tratta degli <strong>aminoacidi essenziali<\/strong>. Se nella nostra alimentazione mancano questi elementi fondamentali per la vita, possono subentrare tutti gli effetti negativi causati dalla loro carenza.<\/p>\n\n\n\n<p>Il gel di Aloe vera contiene almeno sette degli otto aminoacidi essenziali, ai quali inoltre si aggiungono molti dei preziosi aminoacidi non essenziali che sostengono positivamente l&#8217;organismo umano.<\/p>\n\n\n\n<h2 class=\"wp-block-heading\">Enzimi<\/h2>\n\n\n\n<p>Possono essere considerati come dei catalizzatori, che rendono possibili i processi chimici, accelerandoli oppure frenandoli. Gli enzimi presenti nell&#8217;aloe vera gel aiutano la digestione, l&#8217;assorbimento degli zuccheri, delle proteine e dei grassi del cibo. Gli esperti sono concordi nell&#8217;affermare che alcuni enzimi presenti nel gel dell&#8217;Aloe vera possono distruggere i radicali liberi presenti nel corpo umano ed i dannosi veleni provenienti dall&#8217;ambiente.<\/p>\n\n\n\n<p>Quelli che seguono, sono alcuni degli enzimi che sono stati trovati nel gel dell&#8217;aloe vera: <strong>fosfatasi, amilasi, bradichinasi, carbossipeptidasi, catalasi, lipasi e perossidasi.<\/strong><\/p>\n\n\n\n<div class=\"mag-blockquote\">\n\t\n    <div class=\"testimonial-image\">\n            <div class=\"image-container\">\n                    <img decoding=\"async\" src=\"https:\/\/www.aloe-medical-group.com\/it\/wp-content\/uploads\/sites\/3\/2021\/06\/susanne.jpg\">\n                \n            <\/div>\n        <\/div>\n        <div class=\"quote-box-1\">\n           \n                <p>La priopriet\u00e1 adattoggena dell&#8217;Aloe vera e la particolare lavorazione della ditta Forever sono nel campo della salute un aiuto enorme sia nella prevenzione che nel stimolare la genesi spontanea.<\/p>\n<p>Adattoggene sono le fitosostanze che proteggono dagli influssi negativi di varia natura. Una condizione fondamentale della pianta adattoggena, \u00e9 che se prese in alte dosi e per periodi lunghi non hanno nessun effetto collaterale.<\/p>\n         <\/div>\n           <div class=\"quote-box-2\">\n               <p>Dr. Susanne Schwemmlein, studio per la medicina preventiva, M\u00fcnchen.<\/p>\n           <\/div>\n        \n\n<\/div>\n\n\n\n\n\n<!--\n<style>\n.testimonial-image {\n    float: left;\n    left: -16px;\n    position: relative;\n    top: -12px;\n    width: 18%;\n}\n .image-container img {\n    border-radius: 50%;\n    overflow: hidden;\n    position: relative;\n\tborder:10px solid #fff;\n}\n\n.quote-box-1 {\n    background: #dce5de;\n\tmargin-left:8%;\n    padding: 12px 12px 12px 14%;\n}\n\n.quote-box-2 {\n    background: #bfd0c2;\n    margin-left:8%;\n    padding: 12px 12px 12px 14%;\n}\n<\/style>\n-->\n\n\n<h2 class=\"wp-block-heading\">Minerali ed Elementi a traccia<\/h2>\n\n\n\n<p>Sono essenziali per mantenere uno stato di salute buono. Essi sono indispensabili per la funzione delle vitamine e degli enzimi e s&#8217;influenzano reciprocamente nella loro funzione. Un rapporto scompensato dei singoli microelementi \u00e9 strettamente determinante nella formazione del cancro e dell&#8217;infarto. La positiva influenza dell&#8217;Aloe vera, si evidenzia anche per la presenza di numerosi minerali ed elementi a traccia:<\/p>\n\n\n\n<ul class=\"wp-block-list\"><li><strong>Ferro: <\/strong>importante, tra i vari compiti, per la formazione del sangue ed il rafforzamento della circolazione sanguigna, che porta ad un inalzamento generale dello stato di salute.<\/li><li><strong>Calcio:<\/strong> necessario per le ossa ed i denti, ma importante anche per la circolazione sanguigna e per la trasmissione degli stimili nei muscoli e nei nervi.<\/li><li><strong>Magnesio: <\/strong>aiuta nei processi di disintossicazione ed \u00e9 necessario per la formazione del sangue, cos\u00ed come per ossa, cartilagine, tendini e legamenti.<\/li><li><strong>Selenio: <\/strong>aiuta le cellule nella distruzione dei radicali liberi, che si formano in un numero maggiore in condizioni di stress, d&#8217;inquinamento ambientale, da fumo della sigaretta ecc.. In caso di carenza di selenio i tessuti invecchiano prima.<\/li><li><strong>Zinco: <\/strong>protegge dai radicali liberi e rafforza il sistema immunitario. Stimola inoltre il rimarginarsi dell ferite ed inibisce le infiammazioni, tutela e sopporta l&#8217;apparato genito-urinario, preservandolo da cistiti e prostatiti.<\/li><\/ul>\n\n\n\n<p>Altri importanti minerali ed elementi a traccia nell&#8217;Aloe vera sono: <strong>cromo, potassio, rame, natrio.<\/strong><\/p>\n\n\n\n<figure class=\"wp-block-image size-large\"><img loading=\"lazy\" decoding=\"async\" width=\"982\" height=\"373\" src=\"https:\/\/www.aloe-medical-group.com\/it\/wp-content\/uploads\/sites\/3\/2021\/06\/aloe-aufgeschnitten.png\" alt=\"\" class=\"wp-image-330\" srcset=\"https:\/\/www.aloe-medical-group.com\/it\/wp-content\/uploads\/sites\/3\/2021\/06\/aloe-aufgeschnitten.png 982w, https:\/\/www.aloe-medical-group.com\/it\/wp-content\/uploads\/sites\/3\/2021\/06\/aloe-aufgeschnitten-300x114.png 300w, https:\/\/www.aloe-medical-group.com\/it\/wp-content\/uploads\/sites\/3\/2021\/06\/aloe-aufgeschnitten-768x292.png 768w\" sizes=\"auto, (max-width: 982px) 100vw, 982px\" \/><\/figure>\n\n\n\n<h2 class=\"wp-block-heading\">Vitamine<\/h2>\n\n\n\n<p>La quantit\u00e1 di vitamine presenti nell&#8217;aloe vera \u00e9 esigua rispetto a molte qualit\u00e1 di frutta e verdura, ma \u00e9 comunque estremamente importante e necessaria per l&#8217;effetto sinergico che crea con tutte le altre sostanze attive.<\/p>\n\n\n\n<p>La pianta contiene:<\/p>\n\n\n\n<ul class=\"wp-block-list\"><li><strong>Vitamina B 1: <\/strong>importante per il mantenimento dell&#8217;energia dell&#8217;organismo. Una leggera carenza porta a una irritabilit\u00e1 e deboleza fisica.<\/li><li><strong>Vitamina B 2: <\/strong>viene utilizzata nel corpo per i processi di disintossicazione, poich\u00e9 accelera i processi ossidativi. \u00c8 importante anche per la formazione dei globuli rossi.<\/li><li><strong>Vitamina B 6: <\/strong>\u00e9 indispensabile come co-enzima nel ricambio del metabolismo degli aminoacidi ed \u00e9 necessaria per la sintesi dell&#8217;emoglobina.<\/li><li><strong>Vitamina B 12: <\/strong>\u00e9 necessaria per la sintesi degli acidi nucleici. Una carenza conduce ad una minore separazione cellulare del midollo ( anemia perniciosa ). Questa vitamina \u00e9 presente normalmente soltanto nelle carni, l&#8217;aggiunta di gel d&#8217;aloe vera, quindi, ad una dieta vegetariana \u00e9 stremamente importante.<\/li><li><strong>Vitamina C: <\/strong>rafforza il sistema immunitario, \u00e9 necessaria&nbsp; per la formazione delle ossa, denti, sangue ed ormoni; protegge le cellule dall&#8217;invecchiamento precoce e inibisce l&#8217;effetto delle sostanze tossiche.<\/li><li><strong>Vitamina E: <\/strong>protegge le cellule dall&#8217;invecchiamento precoce, annullando i radicali liberi. Sostiene i processi di guarigione, aiuta in caso di disturbi reumatici e rafforza il cuore e la circolazione.<\/li><li><strong>ProVitamina A:<\/strong> viene trasformata in vitamina A soltanto dal corpo. Aiuta i processi visivi, \u00e9 necessaria nella formazione dei globuli rossi e degli ormoni sessuali, promuove la crescita della pelle e delle mucose.<\/li><\/ul>\n\n\n\n<h2 class=\"wp-block-heading\">Sostanze vegetarie secondarie<\/h2>\n\n\n\n<p>Sono presenti nelle piante solo in piccole quantit\u00e1, ma ne determinano il sapore, il profumo ed il colore. La maggior parte di esse \u00e9 farmacologicamente molto efficace.<\/p>\n\n\n\n<p>Il gel d&#8217;Aloe vera contiene anche:<\/p>\n\n\n\n<ul class=\"wp-block-list\"><li><strong>Oli eterici, <\/strong>che possono agire come inibenti per le infiammazioni e come antibatterici.&nbsp;<\/li><li><strong>Lignine, <\/strong>che come fibre stimolano la digestione. Hanno anche una grande capacit\u00e1 di penetrare profondamente all&#8217;interno dell&#8217;epidermide e l\u00ed di fungere da veicolanti per altre sostanze importanti, legandole a s\u00e9, infatti riescono a trasportarle negli strati cutanei pi\u00fa profondi.<\/li><li><strong>Acido salicilico, <\/strong>la sostanza attiva dell&#8217;aspirina, agisce come antidolorifico, abbassa la febbre e calma le infiammzioni.<\/li><li><strong>Steroli, <\/strong>leniscono le infiammazioni ed abbassano il quantitativo di colesterolo nel sangue.<\/li><li><strong>Saponine, <\/strong>sono glicosidi dall&#8217;effetto purificante ed antisettico e che compongono circa il 3% del gel di Aloe.<\/li><li><strong>Antrachinoni, <\/strong>si trovano sopratutto nella buccia della foglia ed hanno un&#8217;azione drenante. In alte concentrazioni queste sostanze sono velenose, ma in tracce molto esigue, cos\u00ed come si presentano nel nostro gel. Hanno un effetto antibatterico, fungicida ed antivirale.<\/li><li><strong>Tannino, <\/strong>dall&#8217;effetto lenitivo delle infiammazioni ed antimicrobico.<\/li><\/ul>\n\n\n<div class=\"alignfull\">\n\n<div class=\"background upperfooter\"><\/div>\n<div style=\"width:100%;background:#DEECE2;\">\n<div class=\"grid-container block-footer-waves\">\n\n<h2 class=\"wp-block-heading\">Suggerimento utile<\/h2>\n\n\n\n<p>Prodotti a base&nbsp;di Aloe vera, che contengono antrachinoni in alte concentrazioni, dovute alla presenza della buccia della foglia, necessitano di prescrizione e dovrebbero essere utilizzati soltanto su indicazione medica.<br>I prodotti a base di Aloe&nbsp; vera della Forever Living Products sono composti soltanto dal gel della polpa delle foglie, stimolante la salute. La buccia della foglia viene tolta accuratamente durante la lavorazione. Per questo motivo tali prodotti possono essere utilizzati tranquillamente.<\/p>\n\n\n\n<p>Copyright<br>#66030704 | \u00a9 logos2012 &#8211; Fotolia.com<br>#115972011 | \u00a9 khumthong &#8211; Fotolia.com<\/p>\n\n<\/div><div class=\"background footer\"><\/div>\n<\/div>\n\n<\/div>\n\n<style>\n.background.upperfooter {\n    background-image: url(\/upperfooterwave.png);\n    background-position: bottom;\n    background-repeat: no-repeat;\n    background-size: 100% 117px;\n    height: 117px;\n    max-height: 660px;\n    pointer-events: none;\n    width: 100%;\n}\n.background.footer {\n    background-color: #deece2;\n    background-image: url(\/footerwave.png);\n    background-position: bottom;\n    background-repeat: no-repeat;\n    background-size: 100% 117px;\n    height: 117px;\n    max-height: 660px;\n    pointer-events: none;\n    width: 100%;\n}\n\n<\/style>","protected":false},"excerpt":{"rendered":"<p>Effetto sinergico Fino ad ora sono stati trovati almeno 160 importanti componenti nell&#8217;Aloe vera. Alcuni esperti parlano addirittura della presenza di 300\/400 sostanze vitali. I ricercatori, inoltre, sono unanimi nel ritenere che nessuna singola sostanza vada considerata isolatamente, rispetto agli effetti dell&#8217;azione terapeutica, ma che deve essere valutato l&#8217;effetto sinergico di tutti i componenti. Questa &#8230; <a title=\"Componenti di Aloe vera\" class=\"read-more\" href=\"https:\/\/www.aloe-medical-group.com\/it\/aloe-vera\/ingredienti\/\" aria-label=\"Per saperne di pi\u00f9 su Componenti di Aloe vera\">Leggi tutto<\/a><\/p>\n","protected":false},"author":2,"featured_media":329,"parent":52,"menu_order":0,"comment_status":"closed","ping_status":"closed","template":"","meta":{"_acf_changed":false,"_editorskit_title_hidden":false,"_editorskit_reading_time":5,"_editorskit_is_block_options_detached":false,"_editorskit_block_options_position":"{}","footnotes":""},"class_list":["post-315","page","type-page","status-publish","has-post-thumbnail"],"acf":[],"_links":{"self":[{"href":"https:\/\/www.aloe-medical-group.com\/it\/wp-json\/wp\/v2\/pages\/315","targetHints":{"allow":["GET"]}}],"collection":[{"href":"https:\/\/www.aloe-medical-group.com\/it\/wp-json\/wp\/v2\/pages"}],"about":[{"href":"https:\/\/www.aloe-medical-group.com\/it\/wp-json\/wp\/v2\/types\/page"}],"author":[{"embeddable":true,"href":"https:\/\/www.aloe-medical-group.com\/it\/wp-json\/wp\/v2\/users\/2"}],"replies":[{"embeddable":true,"href":"https:\/\/www.aloe-medical-group.com\/it\/wp-json\/wp\/v2\/comments?post=315"}],"version-history":[{"count":28,"href":"https:\/\/www.aloe-medical-group.com\/it\/wp-json\/wp\/v2\/pages\/315\/revisions"}],"predecessor-version":[{"id":1599,"href":"https:\/\/www.aloe-medical-group.com\/it\/wp-json\/wp\/v2\/pages\/315\/revisions\/1599"}],"up":[{"embeddable":true,"href":"https:\/\/www.aloe-medical-group.com\/it\/wp-json\/wp\/v2\/pages\/52"}],"wp:featuredmedia":[{"embeddable":true,"href":"https:\/\/www.aloe-medical-group.com\/it\/wp-json\/wp\/v2\/media\/329"}],"wp:attachment":[{"href":"https:\/\/www.aloe-medical-group.com\/it\/wp-json\/wp\/v2\/media?parent=315"}],"curies":[{"name":"wp","href":"https:\/\/api.w.org\/{rel}","templated":true}]}}