{"id":285,"date":"2021-06-18T12:01:29","date_gmt":"2021-06-18T12:01:29","guid":{"rendered":"https:\/\/www.aloe-medical-group.com\/it\/?page_id=285"},"modified":"2021-10-27T15:27:21","modified_gmt":"2021-10-27T15:27:21","slug":"botanica","status":"publish","type":"page","link":"https:\/\/www.aloe-medical-group.com\/it\/aloe-vera\/botanica\/","title":{"rendered":"Botanica dell&#8217;Aloe vera"},"content":{"rendered":"\n<div class=\"wp-block-image caption-align-left\"><figure class=\"aligncenter size-large\"><img loading=\"lazy\" decoding=\"async\" width=\"157\" height=\"12\" src=\"https:\/\/www.aloe-medical-group.com\/it\/wp-content\/uploads\/sites\/3\/2021\/06\/separator-content.png\" alt=\"\" class=\"wp-image-65\" srcset=\"https:\/\/www.aloe-medical-group.com\/it\/wp-content\/uploads\/sites\/3\/2021\/06\/separator-content.png 157w, https:\/\/www.aloe-medical-group.com\/it\/wp-content\/uploads\/sites\/3\/2021\/06\/separator-content-150x12.png 150w\" sizes=\"auto, (max-width: 157px) 100vw, 157px\" \/><\/figure><\/div>\n\n\n\n<h2 class=\"wp-block-heading\">Descrizione Botanica<\/h2>\n\n\n\n<div class=\"wp-block-image\"><figure class=\"alignright size-large\"><img loading=\"lazy\" decoding=\"async\" width=\"220\" height=\"220\" src=\"https:\/\/www.aloe-medical-group.com\/it\/wp-content\/uploads\/sites\/3\/2021\/06\/aloe-pflanze-botanik.png\" alt=\"\" class=\"wp-image-293\" srcset=\"https:\/\/www.aloe-medical-group.com\/it\/wp-content\/uploads\/sites\/3\/2021\/06\/aloe-pflanze-botanik.png 220w, https:\/\/www.aloe-medical-group.com\/it\/wp-content\/uploads\/sites\/3\/2021\/06\/aloe-pflanze-botanik-150x150.png 150w\" sizes=\"auto, (max-width: 220px) 100vw, 220px\" \/><\/figure><\/div>\n\n\n\n<p>L&#8217; Aloe vera \u00e9 una pianta xerofita, appartenente alla famiglia delle liliacee, possiede la capacit\u00e1 di evitare l&#8217;eccessiva disidratazione e di sopravivere in periodi di lunga siccit\u00e1.\u00a0Non ha tronco, quando\u00a0\u00e9 presente pu\u00f3 arrivare fino a 25 cm di altezza, ha circa 20 foglie che formano un rosone dritto e compatto. Queste foglie sono lunghe dai 40 fino ai 50 cm, larghe dai 6 fino ai 7 cm, sono spesse e carnose, in grado di accumulare acqua ( l&#8217;Aloe appartiene alle succulente ).<\/p>\n\n\n\n<p>La forma assomiglia ad una spada\u00a0leggermente concava, incurvata in fuori ed aculeata al margine, con un orlo rosa chiaro e con pallidi e rigidi denti spinosi lunghi 2mm e distanti dai 10 fino a 20 mm l&#8217;un l&#8217;altro. Il colore \u00e9 grigio-verde, con coloriture rosse; nelle piante giovani si possono riscontrare talvolta delle macchie.<\/p>\n\n\n\n<h2 class=\"wp-block-heading\">Diffusione<\/h2>\n\n\n\n<div class=\"wp-block-image\"><figure class=\"alignright size-large\"><img loading=\"lazy\" decoding=\"async\" width=\"220\" height=\"220\" src=\"https:\/\/www.aloe-medical-group.com\/it\/wp-content\/uploads\/sites\/3\/2021\/06\/botanik-verbreitung.jpg\" alt=\"\" class=\"wp-image-291\" srcset=\"https:\/\/www.aloe-medical-group.com\/it\/wp-content\/uploads\/sites\/3\/2021\/06\/botanik-verbreitung.jpg 220w, https:\/\/www.aloe-medical-group.com\/it\/wp-content\/uploads\/sites\/3\/2021\/06\/botanik-verbreitung-150x150.jpg 150w\" sizes=\"auto, (max-width: 220px) 100vw, 220px\" \/><\/figure><\/div>\n\n\n\n<p>La terra originaria dell&#8217;Aloe \u00e9 la regione di Citt\u00e1 del Capo in Sud Africa, ma anche il Sudan e la penisola Arabica. Al giorno d&#8217;oggi questa specie si trova selvatica, ma viene anche coltivata nel nord Africa &#8211; dal Marocco fino all&#8217;Egitto -, nel vicino Oriente, in Asia &#8211; sopratutto in India &#8211; e in tutta la zona del mediterraneo del sud &#8211; a Madeira, nelle isole di Capoverde e nelle Canarie -. L&#8217;Aloe venne introdotta nell&#8217;America Centrale e nel Sud America, soprattutto nelle Antille, Puerto Rico, Giamaica, Messico e nelle\u00a0Ande, dove oggi si trova anche selvatica.<\/p>\n\n\n\n<h2 class=\"wp-block-heading\">Coltivazione<\/h2>\n\n\n\n<div class=\"wp-block-image\"><figure class=\"alignright size-large\"><img loading=\"lazy\" decoding=\"async\" width=\"220\" height=\"220\" src=\"https:\/\/www.aloe-medical-group.com\/it\/wp-content\/uploads\/sites\/3\/2021\/06\/aloe-ernte-blatt.png\" alt=\"\" class=\"wp-image-290\" srcset=\"https:\/\/www.aloe-medical-group.com\/it\/wp-content\/uploads\/sites\/3\/2021\/06\/aloe-ernte-blatt.png 220w, https:\/\/www.aloe-medical-group.com\/it\/wp-content\/uploads\/sites\/3\/2021\/06\/aloe-ernte-blatt-150x150.png 150w\" sizes=\"auto, (max-width: 220px) 100vw, 220px\" \/><\/figure><\/div>\n\n\n\n<p>L&#8217; Aloe cresce selvatica nelle zone tropicali e subtropicali. Attecchisce particolarmente bene su terreno sabbioso e asciutto, su terreno argilloso e calcareo e si lascia coltivare abbastanza facilmente. Potremmo coltivarla in ogni famiglia, in giardino, sul balcone o in casa e, per le sue caratteristiche di &#8221; rimedio universale &#8220;, potremmo definirla &#8221; il nostro medico nel vaso da fiori &#8220;.<\/p>\n\n\n\n<p>Ma non essendo sempre facile da coltivare alla nostra latitudine, sopratutto perch\u00e9 il nostro clima non le permette l&#8217;arrichimento di nutrienti, che i luoghi di origine garantiscono, possiamo optare per prodotti di Aloe importati che, grazie alle moderne ed affidabili metodologie di stabilizzazione, sono molto vicini alla qualit\u00e1 e capacit\u00e1 d&#8217;effetto della polpa contenuta nelle foglie fresce. I principali fornitori di gel di Aloe vera sono il nord America. Soltanto in&nbsp;Messico nel 2001 c&#8217;erano 525 ettari di superficie coltivata ad Aloe vera, il cui valore di mercato mondiale corrisponde a circa 30 milioni di dollari.<\/p>\n\n\n\n<p>L&#8217; Aloe vera ha bisogno di almeno 320 giorni di sole l&#8217;anno, si nutre al 98% dall&#8217;aria e non sopporta pesticidi. Solamente dopo un periodo che va da 3 a 4 anni le foglie sono mature per la raccolta.<\/p>\n\n\n<div class=\"alignfull\">\n\n<div class=\"background upperfooter\"><\/div>\n<div style=\"width:100%;background:#DEECE2;\">\n<div class=\"grid-container block-footer-waves\">\n\n<div class=\"wp-block-image\"><figure class=\"alignleft size-large\"><img loading=\"lazy\" decoding=\"async\" width=\"120\" height=\"168\" src=\"https:\/\/www.aloe-medical-group.com\/it\/wp-content\/uploads\/sites\/3\/2021\/06\/aloe-vera-the-medicine-plant_atherton.jpg\" alt=\"\" class=\"wp-image-289\"\/><\/figure><\/div>\n\n\n\n<h2 class=\"gb-headline gb-headline-5c7006e2 gb-headline-text\">Consigli Letteratura<\/h2>\n\n\n\n<p><strong>Aloe vera &#8211; The Medicine Plant<\/strong><br>Dr. Peter Atherton<\/p>\n\n<\/div><div class=\"background footer\"><\/div>\n<\/div>\n\n<\/div>\n\n<style>\n.background.upperfooter {\n    background-image: url(\/upperfooterwave.png);\n    background-position: bottom;\n    background-repeat: no-repeat;\n    background-size: 100% 117px;\n    height: 117px;\n    max-height: 660px;\n    pointer-events: none;\n    width: 100%;\n}\n.background.footer {\n    background-color: #deece2;\n    background-image: url(\/footerwave.png);\n    background-position: bottom;\n    background-repeat: no-repeat;\n    background-size: 100% 117px;\n    height: 117px;\n    max-height: 660px;\n    pointer-events: none;\n    width: 100%;\n}\n\n<\/style>","protected":false},"excerpt":{"rendered":"<p>Descrizione Botanica L&#8217; Aloe vera \u00e9 una pianta xerofita, appartenente alla famiglia delle liliacee, possiede la capacit\u00e1 di evitare l&#8217;eccessiva disidratazione e di sopravivere in periodi di lunga siccit\u00e1.\u00a0Non ha tronco, quando\u00a0\u00e9 presente pu\u00f3 arrivare fino a 25 cm di altezza, ha circa 20 foglie che formano un rosone dritto e compatto. Queste foglie sono &#8230; <a title=\"Botanica dell&#8217;Aloe vera\" class=\"read-more\" href=\"https:\/\/www.aloe-medical-group.com\/it\/aloe-vera\/botanica\/\" aria-label=\"Per saperne di pi\u00f9 su Botanica dell&#8217;Aloe vera\">Leggi tutto<\/a><\/p>\n","protected":false},"author":2,"featured_media":300,"parent":52,"menu_order":0,"comment_status":"closed","ping_status":"closed","template":"","meta":{"_acf_changed":false,"_editorskit_title_hidden":false,"_editorskit_reading_time":2,"_editorskit_is_block_options_detached":false,"_editorskit_block_options_position":"{}","footnotes":""},"class_list":["post-285","page","type-page","status-publish","has-post-thumbnail"],"acf":[],"_links":{"self":[{"href":"https:\/\/www.aloe-medical-group.com\/it\/wp-json\/wp\/v2\/pages\/285","targetHints":{"allow":["GET"]}}],"collection":[{"href":"https:\/\/www.aloe-medical-group.com\/it\/wp-json\/wp\/v2\/pages"}],"about":[{"href":"https:\/\/www.aloe-medical-group.com\/it\/wp-json\/wp\/v2\/types\/page"}],"author":[{"embeddable":true,"href":"https:\/\/www.aloe-medical-group.com\/it\/wp-json\/wp\/v2\/users\/2"}],"replies":[{"embeddable":true,"href":"https:\/\/www.aloe-medical-group.com\/it\/wp-json\/wp\/v2\/comments?post=285"}],"version-history":[{"count":17,"href":"https:\/\/www.aloe-medical-group.com\/it\/wp-json\/wp\/v2\/pages\/285\/revisions"}],"predecessor-version":[{"id":1583,"href":"https:\/\/www.aloe-medical-group.com\/it\/wp-json\/wp\/v2\/pages\/285\/revisions\/1583"}],"up":[{"embeddable":true,"href":"https:\/\/www.aloe-medical-group.com\/it\/wp-json\/wp\/v2\/pages\/52"}],"wp:featuredmedia":[{"embeddable":true,"href":"https:\/\/www.aloe-medical-group.com\/it\/wp-json\/wp\/v2\/media\/300"}],"wp:attachment":[{"href":"https:\/\/www.aloe-medical-group.com\/it\/wp-json\/wp\/v2\/media?parent=285"}],"curies":[{"name":"wp","href":"https:\/\/api.w.org\/{rel}","templated":true}]}}