{"id":2,"date":"2021-06-08T18:34:57","date_gmt":"2021-06-08T18:34:57","guid":{"rendered":"https:\/\/www.aloe-medical-group.com\/it\/?page_id=2"},"modified":"2021-10-27T15:05:39","modified_gmt":"2021-10-27T15:05:39","slug":"home","status":"publish","type":"page","link":"https:\/\/www.aloe-medical-group.com\/it\/","title":{"rendered":"Aloe Medical Group International &#8211; AMGI"},"content":{"rendered":"\n<div class=\"wp-block-image\"><figure class=\"aligncenter size-full\"><img loading=\"lazy\" decoding=\"async\" width=\"157\" height=\"12\" src=\"https:\/\/www.aloe-medical-group.com\/it\/wp-content\/uploads\/sites\/3\/2021\/06\/separator-content.png\" alt=\"\" class=\"wp-image-65\" srcset=\"https:\/\/www.aloe-medical-group.com\/it\/wp-content\/uploads\/sites\/3\/2021\/06\/separator-content.png 157w, https:\/\/www.aloe-medical-group.com\/it\/wp-content\/uploads\/sites\/3\/2021\/06\/separator-content-150x12.png 150w\" sizes=\"auto, (max-width: 157px) 100vw, 157px\" \/><\/figure><\/div>\n\n\n\n<div class=\"wp-block-columns is-layout-flex wp-container-core-columns-is-layout-9d6595d7 wp-block-columns-is-layout-flex\">\n<div class=\"wp-block-column is-layout-flow wp-block-column-is-layout-flow\">\n<p>L&#8217; Aloe Medical Group International \u00e9 una rete composta da medici, terapeuti, persone interessate alla medicina preventiva ed eventualmente ad uno sviluppo commerciale.<\/p>\n\n\n\n<ul class=\"wp-block-list\"><li>Noi come AMGI cerchiamo di raccogliere a livello internazionale esperienze, studi e articoli scientifici sull&#8217;Aloe vera.<\/li><li>Vi informiamo attraverso i nostri incontri, seminari in maniera scientifica sulle qualit\u00e1 e propriet\u00e1 di questa pianta, conosciuta da pi\u00fa di 5000 anni in quasi tutte le civilt\u00e1.<\/li><li>Stiamo creando opportunit\u00e0 uniche per la crescita.<\/li><\/ul>\n<\/div>\n\n\n\n<div class=\"wp-block-column is-layout-flow wp-block-column-is-layout-flow\">\n<figure class=\"wp-block-image size-large\"><img loading=\"lazy\" decoding=\"async\" width=\"500\" height=\"282\" src=\"https:\/\/www.aloe-medical-group.com\/it\/wp-content\/uploads\/sites\/3\/2021\/06\/csm_Teamphoto-Kick-Off-.Januar-2016.jpg\" alt=\"\" class=\"wp-image-21\" srcset=\"https:\/\/www.aloe-medical-group.com\/it\/wp-content\/uploads\/sites\/3\/2021\/06\/csm_Teamphoto-Kick-Off-.Januar-2016.jpg 500w, https:\/\/www.aloe-medical-group.com\/it\/wp-content\/uploads\/sites\/3\/2021\/06\/csm_Teamphoto-Kick-Off-.Januar-2016-300x169.jpg 300w\" sizes=\"auto, (max-width: 500px) 100vw, 500px\" \/><\/figure>\n<\/div>\n<\/div>\n\n\n<div class=\"alignfull\">\n\n<div class=\"background upperfooter\"><\/div>\n<div style=\"width:100%;background:#DEECE2;\">\n<div class=\"grid-container block-footer-waves\">\n\n<h3 class=\"has-text-align-center wp-block-heading\">Abbiamo svegliato il tuo interesse per l&#8217;Aloe vera?<\/h3>\n\n\n\n<p class=\"has-text-align-center\">Ci mandi una E-Mail, noi le mandiamo il nome di una nostra associata che sta nelle sue vicinanze.<\/p>\n\n\n<div class=\"gb-button-wrapper gb-button-wrapper-6cea4b25\">\n\n<a class=\"gb-button gb-button-69c24b2b gb-button-text\" href=\"https:\/\/www.aloe-medical-group.com\/it\/mitglied-werden\/kontakt\/\">Il tuo contatto<\/a>\n\n<\/div>\n<\/div><div class=\"background footer\"><\/div>\n<\/div>\n\n<\/div>\n\n<style>\n.background.upperfooter {\n    background-image: url(\/upperfooterwave.png);\n    background-position: bottom;\n    background-repeat: no-repeat;\n    background-size: 100% 117px;\n    height: 117px;\n    max-height: 660px;\n    pointer-events: none;\n    width: 100%;\n}\n.background.footer {\n    background-color: #deece2;\n    background-image: url(\/footerwave.png);\n    background-position: bottom;\n    background-repeat: no-repeat;\n    background-size: 100% 117px;\n    height: 117px;\n    max-height: 660px;\n    pointer-events: none;\n    width: 100%;\n}\n\n<\/style>","protected":false},"excerpt":{"rendered":"<p>L&#8217; Aloe Medical Group International \u00e9 una rete composta da medici, terapeuti, persone interessate alla medicina preventiva ed eventualmente ad uno sviluppo commerciale. Noi come AMGI cerchiamo di raccogliere a livello internazionale esperienze, studi e articoli scientifici sull&#8217;Aloe vera. Vi informiamo attraverso i nostri incontri, seminari in maniera scientifica sulle qualit\u00e1 e propriet\u00e1 di questa &#8230; <a title=\"Aloe Medical Group International &#8211; AMGI\" class=\"read-more\" href=\"https:\/\/www.aloe-medical-group.com\/it\/\" aria-label=\"Per saperne di pi\u00f9 su Aloe Medical Group International &#8211; AMGI\">Leggi tutto<\/a><\/p>\n","protected":false},"author":2,"featured_media":0,"parent":0,"menu_order":0,"comment_status":"closed","ping_status":"open","template":"","meta":{"_acf_changed":false,"_editorskit_title_hidden":false,"_editorskit_reading_time":1,"_editorskit_is_block_options_detached":false,"_editorskit_block_options_position":"{}","footnotes":""},"class_list":["post-2","page","type-page","status-publish"],"acf":[],"_links":{"self":[{"href":"https:\/\/www.aloe-medical-group.com\/it\/wp-json\/wp\/v2\/pages\/2","targetHints":{"allow":["GET"]}}],"collection":[{"href":"https:\/\/www.aloe-medical-group.com\/it\/wp-json\/wp\/v2\/pages"}],"about":[{"href":"https:\/\/www.aloe-medical-group.com\/it\/wp-json\/wp\/v2\/types\/page"}],"author":[{"embeddable":true,"href":"https:\/\/www.aloe-medical-group.com\/it\/wp-json\/wp\/v2\/users\/2"}],"replies":[{"embeddable":true,"href":"https:\/\/www.aloe-medical-group.com\/it\/wp-json\/wp\/v2\/comments?post=2"}],"version-history":[{"count":62,"href":"https:\/\/www.aloe-medical-group.com\/it\/wp-json\/wp\/v2\/pages\/2\/revisions"}],"predecessor-version":[{"id":1552,"href":"https:\/\/www.aloe-medical-group.com\/it\/wp-json\/wp\/v2\/pages\/2\/revisions\/1552"}],"wp:attachment":[{"href":"https:\/\/www.aloe-medical-group.com\/it\/wp-json\/wp\/v2\/media?parent=2"}],"curies":[{"name":"wp","href":"https:\/\/api.w.org\/{rel}","templated":true}]}}