{"id":1525,"date":"2021-10-22T15:57:37","date_gmt":"2021-10-22T15:57:37","guid":{"rendered":"https:\/\/www.aloe-medical-group.com\/it\/?page_id=1525"},"modified":"2021-11-02T17:29:57","modified_gmt":"2021-11-02T17:29:57","slug":"interview-rex-maughan","status":"publish","type":"page","link":"https:\/\/www.aloe-medical-group.com\/it\/aloe-vera\/qualita-lavorazione\/interview-rex-maughan\/","title":{"rendered":"Intervista con Rex Maughan"},"content":{"rendered":"\n<div class=\"wp-block-image caption-align-left\"><figure class=\"alignright size-large\"><img loading=\"lazy\" decoding=\"async\" width=\"220\" height=\"220\" src=\"https:\/\/www.aloe-medical-group.com\/it\/wp-content\/uploads\/sites\/3\/2021\/06\/rex.jpg\" alt=\"\" class=\"wp-image-387\" srcset=\"https:\/\/www.aloe-medical-group.com\/it\/wp-content\/uploads\/sites\/3\/2021\/06\/rex.jpg 220w, https:\/\/www.aloe-medical-group.com\/it\/wp-content\/uploads\/sites\/3\/2021\/06\/rex-150x150.jpg 150w\" sizes=\"auto, (max-width: 220px) 100vw, 220px\" \/><figcaption>Rex Maughan<\/figcaption><\/figure><\/div>\n\n\n\n<p>Rex Maughan, imprenditore nel settore immobiliare, quando fond\u00f2 la Forever Living, scelse di rinunciare completamente alla pubblicit\u00e0 per far conoscere i propri prodotti e \u00a0nei primi 17 anni si concentr\u00f2 sopratutto sulla crescita e sul marketing dell\u2019azienda. Dopo aver raggiunto e superato il miliardo di dollari proprio con la vendita dei prodotti Forever, il suo segreto non \u00a0poteva pi\u00f9 essere mantenuto. Durante questi 17 anni, infatti, Rex Maughan era riuscito a \u00a0fondare in sordina una Societ\u00e0 a Tempe, in Arizona, che si occupava quasi esclusivamente di prodotti a base di Aloe vera.<\/p>\n\n\n\n<p>Questa piccola ditta a conduzione familiare, creata in sordina, senza pubblicit\u00e0 o annunci, prese il nome di Forever Living Products International Inc.. Quando raggiunse, come detto, il fatturato di oltre 1 Miliardo di Dollari &#8211; con 4 milioni di distributori in 44 paesi nel mondo &#8211; assunse per la prima volta un PR, per potersi espandere ancora di pi\u00f9. Il suo impero oggi \u00e9 un esempio, di cosa pu\u00f2 succedere, se, con una gestione aziendale prudente, si segue una linea ben precisa.<\/p>\n\n\n\n<h3 class=\"gb-headline gb-headline-cef3802f gb-headline-text\">Segue un&#8217;intervista a Rex Maughan fondatore e proprietario della Forever living Products:<\/h3>\n\n\n\n<h3 class=\"wp-block-heading\">Quali sono le sue origini ?<\/h3>\n\n\n\n<p>Io sono cresciuto in un ranch in Idaho, dove si coltivava frumento e si allevavano animali. Mio padre diceva sempre, se una persona vuole divertirsi, deve pagare.<\/p>\n\n\n\n<p>Io ho vissuto nella natura, ma avevo sempre altri sogni, diversi da quello di essere un agricoltore e allevatore. Dopo aver frequentato la Arizona State University andai a Phoenix e iniziai ad interessarmi di revisione dei conti e del settore immobiliare. \u00c8 stato bello. Nel 1967 ho preso in gestione gli uffici per la Del Webb. Iniziai quindi per lavoro ad avere molti contatti con la Prudential in Denver: &nbsp;tanto da trasferirmi da Phoenix a Chicago.<\/p>\n\n\n\n<h3 class=\"wp-block-heading\">Come le \u00e9 venuta l&#8217;idea di fondare la Forever Living?<\/h3>\n\n\n\n<p>Diversi amici mi invitavamo spesso a delle manifestazioni dove illustravano il Network Marketing. Poich\u00e9 Del Webb era l&#8217;unico imprenditore del posto che era quotato nella borsa di New York, la mia presenza dava credibilit\u00e0.&nbsp;<\/p>\n\n\n\n<h3 class=\"wp-block-heading\">Era interessato alle societ\u00e1 dei suoi amici?<\/h3>\n\n\n\n<p>Io ci andavo e analizzavo i loro piani marketing. La maggior parte di questi erano strutturati in modo che solo le persone che avevano fondato le societ\u00e0 traevano i maggiori guadagni. Per questo motivo volli creare io stesso il piano marketing per una societ\u00e0. Non avevo nessuna idea n\u00e9 avevo cercato alcun prodotto da vendere. Per\u00f2 avevo intuito che con un piano giusto e corretto si poteva creare un&#8217;organizzazione molto redditizia e stabile. In pi\u00f9 non volevo che i collaboratori venissero sfruttati, per cui sviluppaii un piano con bonus legati alle vendite. Il collaboratore poteva avere fin dall&#8217;inizio un margine di guadagno del 43%.<\/p>\n\n\n\n<h3 class=\"wp-block-heading\">In che modo questo aiuta il proprietario dell&#8217;azienda?<\/h3>\n\n\n\n<p>Se si inizia a guadagnare bene anche a livelli pi\u00f9 bassi, ci si pu\u00f2 permettere di espandere. Per l&#8217;imprenditore \u00e9 meglio guadagnare meno da un numero elevato di singoli distributori che fare grossi guadagni da piccoli gruppi.<\/p>\n\n\n\n<h3 class=\"wp-block-heading\">Come ha trovato il prodotto da vendere?<\/h3>\n\n\n\n<p>Erano molto popolari macchine che producevano acqua distillata e sistemi antifurto, ma io volevo qualcosa di diverso. Mi ero sempre interessato a prodotti per la salute e pensai che sicuramente altri facevano lo stesso. Io per\u00f2 non volevo i classici prodotti per la dieta, saponi o vitamine. In seguito venni a contatto con alcuni medici che stavano cercando di vendere prodotti a base di Aloe Vera. Considerato che io sono un tipo molto attento, usando il prodotto sulla mia pelle scottata dal sole, notai subito il grande giovamento ricevuto. Cos\u00ec considerai due cose: primo che i prodotti di Aloe erano molto difficili da trovare e secondo che, se solo la met\u00e0 dei benefici dell\u2019Aloe che decantavano i medici, fossero stati veri, quello era proprio il prodotto che stavo cercando. Cos\u00ed \u00e8 nata l&#8217;idea di creare un Network Marketing con prodotti a base d&#8217;Aloe. D&#8217;altra parte 17 anni fa quasi nessuno conosceva l&#8217;Aloe, oggi quasi tutte le donne la conoscono, gli uomini ancora no.<\/p>\n\n\n\n<h3 class=\"wp-block-heading\">Okay, allora cos&#8217;\u00e9?<\/h3>\n\n\n\n<p>Si tratta del gel naturale estratto dalle foglie della pianta &#8211; fa parte della famiglia delle liliacee ed ha spine come il cactus. La pianta cresce con foglie concentriche. La raccolta delle foglie si esegue 4\/5 volte l&#8217;anno, cogliendo pi\u00f9 esterne e mature. Il gel si estrae dopo aver rimosso con cura la buccia e per mantenere tutte le sue propriet\u00e0 viene subito stabilizzato, con l\u2019aggiunta di uno stabilizzatore naturale che ne impedisce l\u2019ossidazione .<\/p>\n\n\n\n<h3 class=\"gb-headline gb-headline-bd080f4f gb-headline-text\">Qual&#8217;\u00e9 la differenza tra i suoi prodotti d&#8217;Aloe e gli altri?<\/h3>\n\n\n\n<p>Alcune ditte producono con una concentrazione d&#8217;Aloe di 40:1, altre la usano in forma liofilizzata, seccata o in cosmetici. Noi abbiamo visto che la miglior forma di produzione, per quanto riguarda l&#8217;efficacia e il mantenimento, \u00e9 il Gel.<\/p>\n\n\n\n<h3 class=\"wp-block-heading\">Io pensavo che l&#8217;Aloe era solo per uso sterno, con lei la vediamo anche come alimento?&nbsp;<\/h3>\n\n\n\n<p>La si usa nei modi pi\u00f9 svariati. Contiene molte vitamine, aminoacidi e molti altri elementi vitali come la vit.B12, che normalmente si trova solo in alimenti di origine animale. Il nostro prodotto pi\u00f9 venduto \u00e8 la bevanda di Aloe Vera. Quando la si beve si sente che l&#8217;energia della natura crescere in noi; \u00e8 anche \u00e9 molto conosciuta dai vegetariani. Molti medici hanno confermato la sua azione rivitalizzante e la sua capacit\u00e0 di stimolare le funzioni del corpo, per non parlare del valido sostegno che fornisce nelle problematiche gastro-intestinali, dopo un periodo di assunzione.<\/p>\n\n\n\n<p>Aiuta molto anche nelle forme artritiche: una Signora di 70 anni venne da me con le lacrime agli occhi a dirmi che l&#8217;Aloe l&#8217;aveva liberata dai dolori articolari, permettendole di riprendere a ballare ed \u00e8 ottima per tutte le attivit\u00e0 sportive, gli atleti segnalano che usando il gel recuperano pi\u00f9 velocemente piccole ferite e la loro forma fisica.<\/p>\n\n\n\n<h3 class=\"wp-block-heading\">Qual\u2019\u00e8 stata la strategia marketing, per presentare il prodotto ?&nbsp;<\/h3>\n\n\n\n<p>Alcune Imprese vengono spesso controllate &nbsp;dalla FDA, perch\u00e9 esaltavano i loro prodotti in modo esagerato nel reclamizzarli. Noi abbiamo capito che era molto meglio comportarci in prudente, soprattutto parlando di prodotti per la salute. I clienti avrebbero potuto leggere direttamente le doti dell&#8217;Aloe negli articoli su riviste specializzate o nella letteratura medica. Inoltre \u00e8 con noi un dipendente che prima lavorava con la FDA che ci ha aiutato molto su come comportarci al meglio per non incorrere in problemi.<br>Per quanto riguarda il reddito, poi, ho capito che \u00e8 pi\u00f9 appropriato non fare grandi promesse &nbsp;come $ 10.000 al mese di guadagno per attirare l&#8217;attenzione. Molto meglio e pi\u00f9 facile parlare che si possono guadagnare di 500$ al mese, Se \u00e8 pi\u00f9, si \u00e8 piacevolmente sorpresi.<\/p>\n\n\n\n<h3 class=\"wp-block-heading\">Come ha ingrandito la sua Azienda?<\/h3>\n\n\n\n<p>Siamo stati consigliati da un gruppo di 3 medici e abbiamo iniziato nel 1978 con la vendita di Aloe Vera bevanda e lozione. Con il tempo le nostre vendite sono aumentate cos\u00ec tanto che si \u00e8 reso necessario comprare piantagioni di Aloe, poi nel 1981 il rapporto con i medici si \u00e9 stato concluso.<\/p>\n\n\n\n<p>Mi sono tenuto sempre lontano dal fare grandi debiti. C&#8217;\u00e9 molta differenza tra il settore immobiliare e il settore di commercio.&nbsp;<\/p>\n\n\n\n<h3 class=\"wp-block-heading\">Quali cose ha dovuto imparare per dirigere la Forever Living Products?<\/h3>\n\n\n\n<p>Io ho dovuto imparare a parlare di fronte a grandi folle. Per molto tempo la mia azienda \u00e8 rimasta sconosciuta a molt, un segreto ben custodito. Pensi che una ditta nostra vicina ha saputo dopo 5 anni che trattavamo prodotti per la salute a base di Aloe.<\/p>\n\n\n\n<h3 class=\"wp-block-heading\">L&#8217;Aloe vera \u00e8 la sua unica attivit\u00e0?<\/h3>\n\n\n\n<p>Abbiamo una societ\u00e0 affiliata la Forever Resort e poi porti turistici sul lago Mead e sul lago Mohave in Nevada; alcuni alberghi in Alaska e capanni di pesca. \u00c8 nostro anche il Soutfork Ranch, dove fu girata al serie &#8221; Dallas &#8220;. Si tratta di &nbsp;una piccola parte del nostro business che fattura circa. 25 milioni di dollari.<\/p>\n\n\n\n<h3 class=\"wp-block-heading\">Qual&#8217;\u00e9 la vostra strategia internazionale?<\/h3>\n\n\n\n<p>Al posto di una organizzazione centrale a livello internazionale, abbiamo creato in ogni paese societ\u00e0 locali che importano e comprano direttamente i prodotti da Aloe Vera of America. Lo abbiamo fatto, perch\u00e9 se ci fossero cambiamenti radicali in uno di questi paesi, diventa pi\u00f9 semplice gestirli e adeguarsi. Pi\u00f9 complicato \u00e8 quando si \u00e8 coinvolti direttamente nelle operazioni import\/export. Diversamente abbiamo modo di rispondere pi\u00f9 rapidamente a tutte le problematiche legali insorte e favorire le soluzioni.<\/p>\n\n\n\n<h3 class=\"wp-block-heading\">Dov&#8217;\u00e8 la vostra maggiore crescita?<\/h3>\n\n\n\n<p>Nel mese di aprile, abbiamo aperto le sedi in Argentina e Bolivia, nel mese di giugno in Israele. In caldo ci sono di Taiwan, Grecia e Polonia. Nell&#8217;ultima settimana sono stato in occasione del nostro raduno annuale a Varsavia. Quattro persone sono venute alla manifestazione dalla Slovacchia perch\u00e9 a loro piacciono i nostri prodotti. Proprio per questo dal prossimo autunno apriremo in Slovenia e nella Repubblica Ceca e nel mese di Novembre 1995 anche in Germania.<\/p>\n\n\n\n<h3 class=\"wp-block-heading\">Quel&#8217;\u00e8 la differenza tra la Forever Living Products e la sua azienda immobiliare?<\/h3>\n\n\n\n<p>La grossa differenza tra le due attivit\u00e1 \u00e9 che nel mondo immobiliare ogni trattazione \u00e9 sempre una piccola battaglia per guadagnare di pi\u00fa. Nella Forever molta gente viene da me mi dice: grazie, perch\u00e9 mi hai reso benestante.<\/p>\n","protected":false},"excerpt":{"rendered":"<p>Rex Maughan, imprenditore nel settore immobiliare, quando fond\u00f2 la Forever Living, scelse di rinunciare completamente alla pubblicit\u00e0 per far conoscere i propri prodotti e \u00a0nei primi 17 anni si concentr\u00f2 sopratutto sulla crescita e sul marketing dell\u2019azienda. Dopo aver raggiunto e superato il miliardo di dollari proprio con la vendita dei prodotti Forever, il suo &#8230; <a title=\"Intervista con Rex Maughan\" class=\"read-more\" href=\"https:\/\/www.aloe-medical-group.com\/it\/aloe-vera\/qualita-lavorazione\/interview-rex-maughan\/\" aria-label=\"Per saperne di pi\u00f9 su Intervista con Rex Maughan\">Leggi tutto<\/a><\/p>\n","protected":false},"author":2,"featured_media":1084,"parent":364,"menu_order":0,"comment_status":"closed","ping_status":"closed","template":"","meta":{"_acf_changed":false,"_editorskit_title_hidden":false,"_editorskit_reading_time":6,"_editorskit_is_block_options_detached":false,"_editorskit_block_options_position":"{}","footnotes":""},"class_list":["post-1525","page","type-page","status-publish","has-post-thumbnail"],"acf":[],"_links":{"self":[{"href":"https:\/\/www.aloe-medical-group.com\/it\/wp-json\/wp\/v2\/pages\/1525","targetHints":{"allow":["GET"]}}],"collection":[{"href":"https:\/\/www.aloe-medical-group.com\/it\/wp-json\/wp\/v2\/pages"}],"about":[{"href":"https:\/\/www.aloe-medical-group.com\/it\/wp-json\/wp\/v2\/types\/page"}],"author":[{"embeddable":true,"href":"https:\/\/www.aloe-medical-group.com\/it\/wp-json\/wp\/v2\/users\/2"}],"replies":[{"embeddable":true,"href":"https:\/\/www.aloe-medical-group.com\/it\/wp-json\/wp\/v2\/comments?post=1525"}],"version-history":[{"count":10,"href":"https:\/\/www.aloe-medical-group.com\/it\/wp-json\/wp\/v2\/pages\/1525\/revisions"}],"predecessor-version":[{"id":1896,"href":"https:\/\/www.aloe-medical-group.com\/it\/wp-json\/wp\/v2\/pages\/1525\/revisions\/1896"}],"up":[{"embeddable":true,"href":"https:\/\/www.aloe-medical-group.com\/it\/wp-json\/wp\/v2\/pages\/364"}],"wp:featuredmedia":[{"embeddable":true,"href":"https:\/\/www.aloe-medical-group.com\/it\/wp-json\/wp\/v2\/media\/1084"}],"wp:attachment":[{"href":"https:\/\/www.aloe-medical-group.com\/it\/wp-json\/wp\/v2\/media?parent=1525"}],"curies":[{"name":"wp","href":"https:\/\/api.w.org\/{rel}","templated":true}]}}