{"id":865,"date":"2021-09-06T15:56:44","date_gmt":"2021-09-06T15:56:44","guid":{"rendered":"https:\/\/www.aloe-medical-group.com\/es\/?page_id=865"},"modified":"2021-11-03T14:14:51","modified_gmt":"2021-11-03T14:14:51","slug":"preguntas-ret-marketing","status":"publish","type":"page","link":"https:\/\/www.aloe-medical-group.com\/es\/red-amgi\/preguntas-ret-marketing\/","title":{"rendered":"No queremos dejar ninguna pregunta suya sin responder"},"content":{"rendered":"\n<div class=\"wp-block-image\"><figure class=\"aligncenter size-full\"><img loading=\"lazy\" decoding=\"async\" width=\"157\" height=\"12\" src=\"https:\/\/www.aloe-medical-group.com\/es\/wp-content\/uploads\/sites\/4\/2021\/06\/separator-content.png\" alt=\"\" class=\"wp-image-65\" srcset=\"https:\/\/www.aloe-medical-group.com\/es\/wp-content\/uploads\/sites\/4\/2021\/06\/separator-content.png 157w, https:\/\/www.aloe-medical-group.com\/es\/wp-content\/uploads\/sites\/4\/2021\/06\/separator-content-150x12.png 150w\" sizes=\"auto, (max-width: 157px) 100vw, 157px\" \/><\/figure><\/div>\n\n\n<div class=\"gb-container gb-container-5322a033\"><div class=\"gb-inside-container\">\n\n<p>Si tiene m\u00e1s preguntas sobre nuestra red, FLP o productos de Aloe Vera, no dude en preguntarme. Atentamente, Dra. Susanne Schwemmlein: <a href=\"mailto:schwemmlein@aloe-medical-group.com\" class=\"ek-link\">schwemmlein@aloe-medical-group.com<\/a><\/p>\n\n\n\n<hr class=\"wp-block-separator\"\/>\n\n\n\n<h3 class=\"wp-block-heading\">\u00bfCual es la procedencia de las plantas Aloe Vera del fabricante?<\/h3>\n\n\n\n<p>Hay fabricantes que compran una o dos veces al a\u00f1o un gran volumen de plantas y las almacenan hasta su elaboraci\u00f3n. Lo mejor para usted ser\u00e1 elegir a un productor que cultiva sus propias plantas Aloe Vera barbadensis en su propia plantaci\u00f3n. Solo as\u00ed tendr\u00e1 la garant\u00eda de frescura y valor nutritivo. \u00a0<\/p>\n\n\n\n<hr class=\"wp-block-separator\"\/>\n\n\n\n<h3 class=\"wp-block-heading\">\u00bfQui\u00e9n est\u00e1 detr\u00e1s del grupo AMGI y por qu\u00e9 se cre\u00f3 este grupo?<\/h3>\n\n\n\n<p>La fundadora de Aloe Medical Group International es la Doctora Susanne Schwemmlein. Con ello, quiso poner a disposici\u00f3n de todos los socios el conocimiento de m\u00e9dicos, terapeutas y en general todas las personas interesadas en los temas de salud.\u00a0<\/p>\n\n\n\n<hr class=\"wp-block-separator\"\/>\n\n\n\n<h3 class=\"wp-block-heading\">\u00bfPor qu\u00e9 se acusa a FLP en Internet de ser un sistema \u201cbola de nieve\u201d?<\/h3>\n\n\n\n<p>En Internet circulan muchas publicaciones de personas que carecen del conocimiento necesario, sin embargo nos \u201cbombardean\u201d con su terminolog\u00eda. Los sistemas \u201cbola de nieve\u201d son ilegales. Generalmente no hay productos, solo se mueve el dinero entre los participantes, desde abajo hasta arriba.\u00a0Los participantes reciben dinero por atraer a personas al sistema que aporten dinero.\u00a0No se produce ni se vende nada. No se crea utilidad para nadie, simplemente se mueve el dinero.\u00a0Este tipo de sistemas lleva el estigma de la \u201cvida corta\u201d. Casi siempre desaparecen despu\u00e9s de unas semanas o meses. Se descubren y se proh\u00edben.\u00a0Este es un ejemplo del \u201csistema de bola de nieve\u201d:\u201cEnv\u00ede un cheque bancario de 100\u20ac a la direcci\u00f3n indicada arriba. Despu\u00e9s borre la direcci\u00f3n de arriba y escriba la suya abajo. Env\u00ede el escrito modificado al mayor n\u00famero de personas posibles. Pronto ser\u00e1 millonario.\u201d<br><em>Fuente: \u201cLa Fuerza del Network Marketing\u201d, por Wolfram Andes<\/em><\/p>\n\n\n\n<hr class=\"wp-block-separator\"\/>\n\n\n\n<h3 class=\"wp-block-heading\">\u00bfPor qu\u00e9 FLP no es un sistema de bola de nieve?<\/h3>\n\n\n\n<p>Forever est\u00e1 en el mercado hace d\u00e9cadas y, tras un examen jur\u00eddico exhaustivo, ha recibido licencia para realizar sus actividades en 160 pa\u00edses. Forever cumple con todos los criterios aplicables a una empresa Network seria:<\/p>\n\n\n\n<ul class=\"wp-block-list\"><li>Cada distribuidor tiene un contrato directamente con la Empresa. Es condici\u00f3n imprescindible para actuar y adquirir productos a precio de mayorista.<\/li><li>En los documentos de la Empresa se hace hincapi\u00e9 sobre la necesidad de estar dado de alta como aut\u00f3nomo, ya que tanto los gastos como los ingresos se tienen que declarar a Hacienda.<\/li><li>No existe ninguna obligaci\u00f3n de aportar nuevos distribuidores. Cualquier distribuidor puede limitarse, si quiere, a adquirir los productos para sus necesidades personales.<\/li><li>Cada distribuidor compra los productos, que quiere vender a sus clientes, personalmente en la Empresa. &#8211; Los pagos se realizan solamente por la venta de productos, pudiendo el distribuidor participar de las ventas de productos de su equipo de distribuidores.<\/li><li>Los pagos de comisiones siempre se realizan directamente desde la Empresa. No se mueve dinero entre los distribuidores.<\/li><li>La entidades \u201cnetwork\u201d serias ofrecen la posibilidad de devolver productos y reembolsar el importe. Se retiene un porcentaje por la gesti\u00f3n. No hay ninguna raz\u00f3n para tener \u201cel garage lleno de productos\u201d. Las directivas de las empresas deber\u00edan indicar la posibilidad de retorno con reembolso.<\/li><li>Algunas compa\u00f1\u00edas \u201cnetwork\u201d est\u00e1n en el mercado desde hace d\u00e9cadas, lo que demuestra que el \u201cnetwork marketing\u201d funciona estupendamente a largo plazo.<\/li><\/ul>\n\n\n\n<hr class=\"wp-block-separator\"\/>\n\n\n\n<h3 class=\"wp-block-heading\">\u00bfCu\u00e1nto debe o puede costar una bebida de aloe de alta calidad?<\/h3>\n\n\n\n<p>Los productos puros de gel de aloe vera estabilizado no son baratos, no pueden ser baratos debido &nbsp;al complicado proceso de estabilizaci\u00f3n y la alta porci\u00f3n de trabajo manual. Un precio de por lo menos 30\u20ac por litro de gel de aloe vera bebible es normal. Nosotros recomendamos la ingesti\u00f3n diaria de 60 a 100 ml de gel de aloe vera. Un envase de 1000 ml dura aproximadamente 15 a 25 d\u00edas.&nbsp;<\/p>\n\n\n\n<p><strong>Atenci\u00f3n<\/strong>: Hay empresas que ofrecen envases con menos cantidad, por lo tanto pueden dar un precio inferior (p.ej. 500 ml por 13 a 15 \u20ac). Para cremas a base de gel de aloe vera estabilizado hay que contar con 15 a 18 \u20ac por unos 120 ml. Seg\u00fan los dem\u00e1s ingredientes puede llegar a 20 a 45 \u20ac. Pero tambi\u00e9n recibir\u00e1 productos de alta calidad que justifican su alto precio. Puesto que el gel de aloe vera penetra r\u00e1pidamente en la piel, se necesita poca cantidad de crema, de modo que un envase dura mucho tiempo.&nbsp;<\/p>\n\n\n\n<hr class=\"wp-block-separator\"\/>\n\n\n\n<h3 class=\"wp-block-heading\">\u00bfQu\u00e9 ventaja obtienen los socios de AMGI del sistema del fabricante FLP?<\/h3>\n\n\n\n<p>Los socios de AMGI se benefician del conocimiento acerca del tema salud gracias a los profesionales el equipo. El asesoramiento a la hora de utilizar los productos tiene, por tanto, un nivel muy alto. Esto ayuda a convencer a las personas interesadas en el producto y ayudar as\u00ed a crear una estructura de distribuci\u00f3n propia.<\/p>\n\n\n\n<div class=\"mag-blockquote\">\n\t\n    <div class=\"testimonial-image\">\n            <div class=\"image-container\">\n                    <img decoding=\"async\" src=\"https:\/\/www.aloe-medical-group.com\/es\/wp-content\/uploads\/sites\/4\/2021\/11\/LeKane.png\">\n                \n            <\/div>\n        <\/div>\n        <div class=\"quote-box-1\">\n           \n                <p>Quiero mostrar mi m\u00e1s sincero agradecimiento por el apoyo recibido a lo largo de estos \u00faltimos a\u00f1os, a la fundadora de AMGI, la Dra. Susanne Schwemmlein. Desde que comenz\u00f3 mi camino con Forever, ella no solo ha sido para m\u00ed una gran profesional, sino tambi\u00e9n una amiga de total confianza con la que he podido desarrollar mi trabajo. Me ilusiona mucho este proyecto porque me permite ayudar a los dem\u00e1s a conseguir mejorar la salud y el bienestar en sus vidas.<\/p>\n         <\/div>\n           <div class=\"quote-box-2\">\n               <p>Cheryl LeKane<\/p>\n           <\/div>\n        \n\n<\/div>\n\n\n\n\n\n<!--\n<style>\n.testimonial-image {\n    float: left;\n    left: -16px;\n    position: relative;\n    top: -12px;\n    width: 18%;\n}\n .image-container img {\n    border-radius: 50%;\n    overflow: hidden;\n    position: relative;\n\tborder:10px solid #fff;\n}\n\n.quote-box-1 {\n    background: #dce5de;\n\tmargin-left:8%;\n    padding: 12px 12px 12px 14%;\n}\n\n.quote-box-2 {\n    background: #bfd0c2;\n    margin-left:8%;\n    padding: 12px 12px 12px 14%;\n}\n<\/style>\n-->\n\n\n<h3 class=\"wp-block-heading\">\u00bfPor qu\u00e9 AMGI recomienda solo al fabricante FLP?<\/h3>\n\n\n\n<p>La raz\u00f3n principal para ellos es la experiencia adquirida con los productos de Forever, el conocimiento exacto de los lugares de producci\u00f3n, la direcci\u00f3n de la compa\u00f1\u00eda, as\u00ed como la \u00e9tica de distribuci\u00f3n.&nbsp;<\/p>\n\n\n\n<hr class=\"wp-block-separator\"\/>\n\n\n\n<h3 class=\"wp-block-heading\">\u00bfQu\u00e9 significa el nombre corporativo de \u201cForever Living Products?<\/h3>\n\n\n\n<p>El nombre \u201cForever Living Products\u201d a menudo se malinterpreta. Naturalmente no quiere transmitir que el que consume estos productos vaya a vivir para siempre, sino en su traducci\u00f3n correcta significa que son productos que existir\u00e1n siempre. Esto es precisamente lo que el fundador de la compa\u00f1\u00eda, Rex Maugham, quiso expresar. Sus productos no tienen competencia por su calidad y por eso seguir\u00e1n all\u00ed siempre. Yo lo puedo confirmar\u00a0[Dra. Susanne Schwemmlein]<\/p>\n\n\n\n<hr class=\"wp-block-separator\"\/>\n\n\n\n<h3 class=\"wp-block-heading\">\u00bfQu\u00e9 oportunidades de futuro ofrece el Network Marketing en FLP?<\/h3>\n\n\n\n<p>Magn\u00edficas. El mercado est\u00e1 lejos de estar saturado. La mayor\u00eda de las personas nunca han o\u00eddo hablar de la empresa Forever.\u00a0<\/p>\n\n\n\n<hr class=\"wp-block-separator\"\/>\n\n\n\n<h3 class=\"wp-block-heading\">\u00bfC\u00f3mo es posible que tantos m\u00e9dicos serios defienden los productos FLP?<\/h3>\n\n\n\n<p>El inter\u00e9s por productos naturales est\u00e1 en auge. Los productos de Forever convencen por su alta calidad y la satisfacci\u00f3n de los clientes.<\/p>\n\n<\/div><\/div>\n\n<div class=\"alignfull\">\n\n<div class=\"background upperfooter\"><\/div>\n<div style=\"width:100%;background:#DEECE2;\">\n<div class=\"grid-container block-footer-waves\">\n\n<p>Cita de M. Zacharias: \u201cY finalmente, Network Marketing toma el camino al que se dirigen \u00a0todas las innovaciones: Primero est\u00e1 la sonrisa, despu\u00e9s la cr\u00edtica y finalmente es reconocido por todos.\u00bb<br><em>Fuente: \u201cLa fuerza del Network Marketing\u201d, por\u00a0Wolfram Andes<\/em><\/p>\n\n<\/div><div class=\"background footer\"><\/div>\n<\/div>\n\n<\/div>\n\n<style>\n.background.upperfooter {\n    background-image: url(\/upperfooterwave.png);\n    background-position: bottom;\n    background-repeat: no-repeat;\n    background-size: 100% 117px;\n    height: 117px;\n    max-height: 660px;\n    pointer-events: none;\n    width: 100%;\n}\n.background.footer {\n    background-color: #deece2;\n    background-image: url(\/footerwave.png);\n    background-position: bottom;\n    background-repeat: no-repeat;\n    background-size: 100% 117px;\n    height: 117px;\n    max-height: 660px;\n    pointer-events: none;\n    width: 100%;\n}\n\n<\/style>","protected":false},"excerpt":{"rendered":"<p>Si tiene m\u00e1s preguntas sobre nuestra red, FLP o productos de Aloe Vera, no dude en preguntarme. Atentamente, Dra. Susanne Schwemmlein: schwemmlein@aloe-medical-group.com \u00bfCual es la procedencia de las plantas Aloe Vera del fabricante? Hay fabricantes que compran una o dos veces al a\u00f1o un gran volumen de plantas y las almacenan hasta su elaboraci\u00f3n. Lo &#8230; <a title=\"No queremos dejar ninguna pregunta suya sin responder\" class=\"read-more\" href=\"https:\/\/www.aloe-medical-group.com\/es\/red-amgi\/preguntas-ret-marketing\/\" aria-label=\"Leer m\u00e1s sobre No queremos dejar ninguna pregunta suya sin responder\">Leer m\u00e1s<\/a><\/p>\n","protected":false},"author":2,"featured_media":750,"parent":749,"menu_order":0,"comment_status":"closed","ping_status":"closed","template":"","meta":{"_acf_changed":false,"_editorskit_title_hidden":false,"_editorskit_reading_time":4,"_editorskit_is_block_options_detached":false,"_editorskit_block_options_position":"{}","footnotes":""},"class_list":["post-865","page","type-page","status-publish","has-post-thumbnail"],"acf":[],"_links":{"self":[{"href":"https:\/\/www.aloe-medical-group.com\/es\/wp-json\/wp\/v2\/pages\/865","targetHints":{"allow":["GET"]}}],"collection":[{"href":"https:\/\/www.aloe-medical-group.com\/es\/wp-json\/wp\/v2\/pages"}],"about":[{"href":"https:\/\/www.aloe-medical-group.com\/es\/wp-json\/wp\/v2\/types\/page"}],"author":[{"embeddable":true,"href":"https:\/\/www.aloe-medical-group.com\/es\/wp-json\/wp\/v2\/users\/2"}],"replies":[{"embeddable":true,"href":"https:\/\/www.aloe-medical-group.com\/es\/wp-json\/wp\/v2\/comments?post=865"}],"version-history":[{"count":37,"href":"https:\/\/www.aloe-medical-group.com\/es\/wp-json\/wp\/v2\/pages\/865\/revisions"}],"predecessor-version":[{"id":1754,"href":"https:\/\/www.aloe-medical-group.com\/es\/wp-json\/wp\/v2\/pages\/865\/revisions\/1754"}],"up":[{"embeddable":true,"href":"https:\/\/www.aloe-medical-group.com\/es\/wp-json\/wp\/v2\/pages\/749"}],"wp:featuredmedia":[{"embeddable":true,"href":"https:\/\/www.aloe-medical-group.com\/es\/wp-json\/wp\/v2\/media\/750"}],"wp:attachment":[{"href":"https:\/\/www.aloe-medical-group.com\/es\/wp-json\/wp\/v2\/media?parent=865"}],"curies":[{"name":"wp","href":"https:\/\/api.w.org\/{rel}","templated":true}]}}