{"id":855,"date":"2021-09-06T15:23:05","date_gmt":"2021-09-06T15:23:05","guid":{"rendered":"https:\/\/www.aloe-medical-group.com\/es\/?page_id=855"},"modified":"2021-11-03T13:55:34","modified_gmt":"2021-11-03T13:55:34","slug":"entrevista-schwemmlein","status":"publish","type":"page","link":"https:\/\/www.aloe-medical-group.com\/es\/red-amgi\/entrevista-schwemmlein\/","title":{"rendered":"\u00abMi camino es la medicina hol\u00edstica\u00bb"},"content":{"rendered":"\n<div class=\"wp-block-image\"><figure class=\"aligncenter size-full\"><img loading=\"lazy\" decoding=\"async\" width=\"157\" height=\"12\" src=\"https:\/\/www.aloe-medical-group.com\/es\/wp-content\/uploads\/sites\/4\/2021\/06\/separator-content.png\" alt=\"\" class=\"wp-image-65\" srcset=\"https:\/\/www.aloe-medical-group.com\/es\/wp-content\/uploads\/sites\/4\/2021\/06\/separator-content.png 157w, https:\/\/www.aloe-medical-group.com\/es\/wp-content\/uploads\/sites\/4\/2021\/06\/separator-content-150x12.png 150w\" sizes=\"auto, (max-width: 157px) 100vw, 157px\" \/><\/figure><\/div>\n\n\n<div class=\"gb-container gb-container-0bc1b6ba\"><div class=\"gb-inside-container\">\n\n<p><strong>Dra. Susanne Schwemmlein<\/strong><br>Soy la Doctora Susanne Schwemmlein con formaci\u00f3n adicional en homeopat\u00eda, naturopat\u00eda, medicina ortomolecular y medicina Mayr moderna.<\/p>\n\n\n\n<p><strong>\u00bfC\u00f3mo ha conocido Forever?<\/strong><br>En 2002 de forma indirecta a trav\u00e9s de una pediatra conocida. Sent\u00eda curiosidad y quer\u00eda probar los productos a toda costa. El resultado fue tan positivo que hasta hoy soy una cliente entusiasta de los productos y los recomiendo.&nbsp;<\/p>\n\n\n\n<p><strong>\u00bfQu\u00e9 le sugiere el nombre de la compa\u00f1\u00eda?<\/strong><br>El nombre \u201cForever Living Products\u201d se malinterpreta a menudo. Naturalmente no quiere transmitir que el consumidor de estos productos vivir\u00e1 para siempre, sino traducido correctamente quiere decir \u201cproductos que existir\u00e1n siempre\u201d. Precisamente esto quiso expresar el fundador de la compa\u00f1\u00eda, Rex Maughan: La calidad de sus productos no tiene rival y por eso son eternos. Y desde luego, yo lo confirmo.<\/p>\n\n\n\n<figure class=\"wp-block-image size-full\"><img loading=\"lazy\" decoding=\"async\" width=\"300\" height=\"72\" src=\"https:\/\/www.aloe-medical-group.com\/es\/wp-content\/uploads\/sites\/4\/2021\/09\/flp-logo-sw.png\" alt=\"\" class=\"wp-image-836\"\/><\/figure>\n\n\n\n<div class=\"wp-block-columns is-layout-flex wp-container-core-columns-is-layout-9d6595d7 wp-block-columns-is-layout-flex\">\n<div class=\"wp-block-column is-layout-flow wp-block-column-is-layout-flow\" style=\"flex-basis:50%\">\n<p><strong>Por favor, d\u00edgame algo sobre su reputaci\u00f3n.<\/strong><br>Circulan muchas cosas por nuestras cabezas y en Internet. La empresa Forever es absolutamente limpia y resistir\u00e1 cualquier comprobaci\u00f3n esc\u00e9ptica.&nbsp;<\/p>\n\n\n\n<p><strong>\u00bfC\u00f3mo trabaja usted con Forever?<\/strong><br>Yo utilizo los productos a diario, los recomiendo y hago cursos en seminarios para el uso de los productos. Una buena formaci\u00f3n ense\u00f1a al oyente ayudar y ayudarse a s\u00ed mismo, para alcanzar una prevenci\u00f3n de la salud con sentido.&nbsp;<\/p>\n\n\n\n<p><strong>\u00bfC\u00f3mo se puede ganar dinero con Forever?<\/strong><br>Forever es una empresa familiar grande, tradicional, estable y bien dirigida. Aqu\u00ed no se invierte en publicidad, sino en clientes satisfechos, as\u00ed como en calidad y en el desarrollo de los productos a la \u00faltima. El potencial ahorrado se incorpora en un plan de remuneraci\u00f3n exclusivo.<\/p>\n<\/div>\n\n\n\n<div class=\"wp-block-column is-layout-flow wp-block-column-is-layout-flow\" style=\"flex-basis:50%\">\n<p><strong>\u00bfEs posible trabajar con Forever de forma exclusiva?<\/strong><br>Es una profesi\u00f3n bonita, se gana dinero porque las personas notan que un buen asesoramiento y el correcto empleo de los productos los hace m\u00e1s saludables y estar en mejor forma. Este \u00e9xito lo quieren compartir con otras personas, incluso m\u00e1s all\u00e1 de las fronteras. La Empresa est\u00e1 presente en el 80% de los pa\u00edses del mundo con sucursales propias. Por eso es posible construir el negocio a nivel internacional.&nbsp;<\/p>\n\n\n\n<p><strong>\u00bfC\u00f3mo se vislumbra el futuro en esta profesi\u00f3n?<\/strong><br>Por lo tanto, todos los que est\u00e1n abiertos a esta corriente cada vez m\u00e1s fuerte del sistema sanitario, es bienvenido en nuestro equipo.&nbsp;<\/p>\n<\/div>\n<\/div>\n\n<\/div><\/div>\n\n<div class=\"alignfull\">\n\n<div class=\"background upperfooter\"><\/div>\n<div style=\"width:100%;background:#DEECE2;\">\n<div class=\"grid-container block-footer-waves\">\n\n<p>El esfuerzo de muchos a\u00f1os permiti\u00f3 a la Dra. Schwemmlein<br>crear equipos de mucho \u00e9xito:<br>ForeverMed | BE Forever Group | Forever on Fire | EYP Group | Aloe Dental Group<\/p>\n\n<\/div><div class=\"background footer\"><\/div>\n<\/div>\n\n<\/div>\n\n<style>\n.background.upperfooter {\n    background-image: url(\/upperfooterwave.png);\n    background-position: bottom;\n    background-repeat: no-repeat;\n    background-size: 100% 117px;\n    height: 117px;\n    max-height: 660px;\n    pointer-events: none;\n    width: 100%;\n}\n.background.footer {\n    background-color: #deece2;\n    background-image: url(\/footerwave.png);\n    background-position: bottom;\n    background-repeat: no-repeat;\n    background-size: 100% 117px;\n    height: 117px;\n    max-height: 660px;\n    pointer-events: none;\n    width: 100%;\n}\n\n<\/style>","protected":false},"excerpt":{"rendered":"<p>Dra. Susanne SchwemmleinSoy la Doctora Susanne Schwemmlein con formaci\u00f3n adicional en homeopat\u00eda, naturopat\u00eda, medicina ortomolecular y medicina Mayr moderna. \u00bfC\u00f3mo ha conocido Forever?En 2002 de forma indirecta a trav\u00e9s de una pediatra conocida. Sent\u00eda curiosidad y quer\u00eda probar los productos a toda costa. El resultado fue tan positivo que hasta hoy soy una cliente entusiasta &#8230; <a title=\"\u00abMi camino es la medicina hol\u00edstica\u00bb\" class=\"read-more\" href=\"https:\/\/www.aloe-medical-group.com\/es\/red-amgi\/entrevista-schwemmlein\/\" aria-label=\"Leer m\u00e1s sobre \u00abMi camino es la medicina hol\u00edstica\u00bb\">Leer m\u00e1s<\/a><\/p>\n","protected":false},"author":2,"featured_media":750,"parent":749,"menu_order":0,"comment_status":"closed","ping_status":"closed","template":"","meta":{"_acf_changed":false,"_editorskit_title_hidden":false,"_editorskit_reading_time":1,"_editorskit_is_block_options_detached":false,"_editorskit_block_options_position":"{}","footnotes":""},"class_list":["post-855","page","type-page","status-publish","has-post-thumbnail"],"acf":[],"_links":{"self":[{"href":"https:\/\/www.aloe-medical-group.com\/es\/wp-json\/wp\/v2\/pages\/855","targetHints":{"allow":["GET"]}}],"collection":[{"href":"https:\/\/www.aloe-medical-group.com\/es\/wp-json\/wp\/v2\/pages"}],"about":[{"href":"https:\/\/www.aloe-medical-group.com\/es\/wp-json\/wp\/v2\/types\/page"}],"author":[{"embeddable":true,"href":"https:\/\/www.aloe-medical-group.com\/es\/wp-json\/wp\/v2\/users\/2"}],"replies":[{"embeddable":true,"href":"https:\/\/www.aloe-medical-group.com\/es\/wp-json\/wp\/v2\/comments?post=855"}],"version-history":[{"count":20,"href":"https:\/\/www.aloe-medical-group.com\/es\/wp-json\/wp\/v2\/pages\/855\/revisions"}],"predecessor-version":[{"id":1740,"href":"https:\/\/www.aloe-medical-group.com\/es\/wp-json\/wp\/v2\/pages\/855\/revisions\/1740"}],"up":[{"embeddable":true,"href":"https:\/\/www.aloe-medical-group.com\/es\/wp-json\/wp\/v2\/pages\/749"}],"wp:featuredmedia":[{"embeddable":true,"href":"https:\/\/www.aloe-medical-group.com\/es\/wp-json\/wp\/v2\/media\/750"}],"wp:attachment":[{"href":"https:\/\/www.aloe-medical-group.com\/es\/wp-json\/wp\/v2\/media?parent=855"}],"curies":[{"name":"wp","href":"https:\/\/api.w.org\/{rel}","templated":true}]}}