{"id":749,"date":"2021-09-03T14:14:18","date_gmt":"2021-09-03T14:14:18","guid":{"rendered":"https:\/\/www.aloe-medical-group.com\/es\/?page_id=749"},"modified":"2021-12-13T10:41:06","modified_gmt":"2021-12-13T10:41:06","slug":"red-amgi","status":"publish","type":"page","link":"https:\/\/www.aloe-medical-group.com\/es\/red-amgi\/","title":{"rendered":"\u00bfQuienes somos?"},"content":{"rendered":"\n<div class=\"wp-block-image\"><figure class=\"aligncenter size-full\"><img loading=\"lazy\" decoding=\"async\" width=\"157\" height=\"12\" src=\"https:\/\/www.aloe-medical-group.com\/es\/wp-content\/uploads\/sites\/4\/2021\/06\/separator-content.png\" alt=\"\" class=\"wp-image-65\" srcset=\"https:\/\/www.aloe-medical-group.com\/es\/wp-content\/uploads\/sites\/4\/2021\/06\/separator-content.png 157w, https:\/\/www.aloe-medical-group.com\/es\/wp-content\/uploads\/sites\/4\/2021\/06\/separator-content-150x12.png 150w\" sizes=\"auto, (max-width: 157px) 100vw, 157px\" \/><\/figure><\/div>\n\n\n\n\n<div class=\"gb-container gb-container-0bc1b6ba\"><div class=\"gb-inside-container\">\n\n<div class=\"wp-block-columns is-layout-flex wp-container-core-columns-is-layout-9d6595d7 wp-block-columns-is-layout-flex\">\n<div class=\"wp-block-column is-layout-flow wp-block-column-is-layout-flow\">\n<h3 class=\"wp-block-heading\">Seminarios<\/h3>\n\n\n\n<p>Aloe no es siempre lo mismo. Aqu\u00ed puede adquirir conocimiento sobre la calidad y las aplicaciones de los productos de Aloe Vera.&nbsp;Nuestra empresa asociada es l\u00edder mundial desde hace d\u00e9cadas.<\/p>\n\n\n\n<h3 class=\"gb-headline gb-headline-fd0c3376 gb-headline-text\">Foros de Salud<\/h3>\n\n\n\n<p>Este evento ofrece la oportunidad de formaci\u00f3n a trav\u00e9s de conferencias sobre los m\u00e1s diversos temas de salud. \u00abAutoresponsabilidad a trav\u00e9s del Conocimiento\u00bb.<\/p>\n<\/div>\n\n\n\n<div class=\"wp-block-column is-layout-flow wp-block-column-is-layout-flow\">\n<h3 class=\"gb-headline gb-headline-8b8daae6 gb-headline-text\">El objetivo<\/h3>\n\n\n\n<p>Los terapeutas ense\u00f1an unos a otros y ponen sus conocimientos a disposici\u00f3n de los miembros y de todos&nbsp;de aquellos que disfrutan cuidando de su salud de forma activa.&nbsp;Este innovador concepto comprende al mismo tiempo la posibilidad de construirse una segunda fuente de ingresos.&nbsp;<\/p>\n<\/div>\n<\/div>\n\n<\/div><\/div>\n\n<div class=\"alignfull\">\n\n<div class=\"background upperfooter\"><\/div>\n<div style=\"width:100%;background:#DEECE2;\">\n<div class=\"grid-container block-footer-waves\">\n\n<h2 class=\"gb-headline gb-headline-e005443d gb-headline-text\">La salud es el mercado del futuro<\/h2>\n\n<\/div><div class=\"background footer\"><\/div>\n<\/div>\n\n<\/div>\n\n<style>\n.background.upperfooter {\n    background-image: url(\/upperfooterwave.png);\n    background-position: bottom;\n    background-repeat: no-repeat;\n    background-size: 100% 117px;\n    height: 117px;\n    max-height: 660px;\n    pointer-events: none;\n    width: 100%;\n}\n.background.footer {\n    background-color: #deece2;\n    background-image: url(\/footerwave.png);\n    background-position: bottom;\n    background-repeat: no-repeat;\n    background-size: 100% 117px;\n    height: 117px;\n    max-height: 660px;\n    pointer-events: none;\n    width: 100%;\n}\n\n<\/style>","protected":false},"excerpt":{"rendered":"<p>La fundadora, Dra. Susanne Schwemmlein Debido a mi formaci\u00f3n cl\u00e1sica home\u00f3pata y natur\u00f3pata &#8211; con consulta propia en M\u00fanich desde 1997 &#8211; mi gran inter\u00e9s se centra en los m\u00e9todos alternativos de curaci\u00f3n. Desde 2002 me ocupo de forma intensa con la planta curativa Aloe Vera y sus efectos en los pacientes. Entusiasmada con lo &#8230; <a title=\"\u00bfQuienes somos?\" class=\"read-more\" href=\"https:\/\/www.aloe-medical-group.com\/es\/red-amgi\/\" aria-label=\"Leer m\u00e1s sobre \u00bfQuienes somos?\">Leer m\u00e1s<\/a><\/p>\n","protected":false},"author":2,"featured_media":750,"parent":0,"menu_order":0,"comment_status":"closed","ping_status":"closed","template":"","meta":{"_acf_changed":false,"_editorskit_title_hidden":false,"_editorskit_reading_time":1,"_editorskit_is_block_options_detached":false,"_editorskit_block_options_position":"{}","footnotes":""},"class_list":["post-749","page","type-page","status-publish","has-post-thumbnail"],"acf":[],"_links":{"self":[{"href":"https:\/\/www.aloe-medical-group.com\/es\/wp-json\/wp\/v2\/pages\/749","targetHints":{"allow":["GET"]}}],"collection":[{"href":"https:\/\/www.aloe-medical-group.com\/es\/wp-json\/wp\/v2\/pages"}],"about":[{"href":"https:\/\/www.aloe-medical-group.com\/es\/wp-json\/wp\/v2\/types\/page"}],"author":[{"embeddable":true,"href":"https:\/\/www.aloe-medical-group.com\/es\/wp-json\/wp\/v2\/users\/2"}],"replies":[{"embeddable":true,"href":"https:\/\/www.aloe-medical-group.com\/es\/wp-json\/wp\/v2\/comments?post=749"}],"version-history":[{"count":64,"href":"https:\/\/www.aloe-medical-group.com\/es\/wp-json\/wp\/v2\/pages\/749\/revisions"}],"predecessor-version":[{"id":1920,"href":"https:\/\/www.aloe-medical-group.com\/es\/wp-json\/wp\/v2\/pages\/749\/revisions\/1920"}],"wp:featuredmedia":[{"embeddable":true,"href":"https:\/\/www.aloe-medical-group.com\/es\/wp-json\/wp\/v2\/media\/750"}],"wp:attachment":[{"href":"https:\/\/www.aloe-medical-group.com\/es\/wp-json\/wp\/v2\/media?parent=749"}],"curies":[{"name":"wp","href":"https:\/\/api.w.org\/{rel}","templated":true}]}}