{"id":713,"date":"2021-06-28T14:02:18","date_gmt":"2021-06-28T14:02:18","guid":{"rendered":"https:\/\/www.aloe-medical-group.com\/es\/?page_id=713"},"modified":"2021-11-03T14:42:04","modified_gmt":"2021-11-03T14:42:04","slug":"primeros-auxilios","status":"publish","type":"page","link":"https:\/\/www.aloe-medical-group.com\/es\/aplicaciones\/primeros-auxilios\/","title":{"rendered":"Primeros auxilios"},"content":{"rendered":"\n<div class=\"wp-block-image\"><figure class=\"aligncenter size-full\"><img loading=\"lazy\" decoding=\"async\" width=\"157\" height=\"12\" src=\"https:\/\/www.aloe-medical-group.com\/es\/wp-content\/uploads\/sites\/4\/2021\/06\/separator-content.png\" alt=\"\" class=\"wp-image-65\" srcset=\"https:\/\/www.aloe-medical-group.com\/es\/wp-content\/uploads\/sites\/4\/2021\/06\/separator-content.png 157w, https:\/\/www.aloe-medical-group.com\/es\/wp-content\/uploads\/sites\/4\/2021\/06\/separator-content-150x12.png 150w\" sizes=\"auto, (max-width: 157px) 100vw, 157px\" \/><\/figure><\/div>\n\n\n\n<h3 class=\"gb-headline gb-headline-0ae20025 gb-headline-text\"><mark class=\"gb-highlight\"><strong>Informaci\u00f3n solo para miembros!<\/strong><\/mark><\/h3>\n\n\n\n\n\n<div class=\"mag-blockquote\">\n\t\n    <div class=\"testimonial-image\">\n            <div class=\"image-container\">\n                    <img decoding=\"async\" src=\"https:\/\/www.aloe-medical-group.com\/es\/wp-content\/uploads\/sites\/4\/2021\/06\/kessler-doris.png\">\n                \n            <\/div>\n        <\/div>\n        <div class=\"quote-box-1\">\n           \n                <p>En cortes, raspaduras de la piel, tirones y esguinces, quemaduras de sol, neurodermitis y acn\u00e9, o con varios problemas internos los productos de Forever son para m\u00ed, para mi familia, pero tambi\u00e9n para mis pacientes, siempre el remedio de primera opci\u00f3n. Los componentes de los productos y su alta calidad me garantizan unos resultados maravillosos. Siempre puedo confiar en ello.<\/p>\n         <\/div>\n           <div class=\"quote-box-2\">\n               <p>Doris Kessler, natur\u00f3pata, K\u00f6nigswinter<\/p>\n           <\/div>\n        \n\n<\/div>\n\n\n\n\n\n<!--\n<style>\n.testimonial-image {\n    float: left;\n    left: -16px;\n    position: relative;\n    top: -12px;\n    width: 18%;\n}\n .image-container img {\n    border-radius: 50%;\n    overflow: hidden;\n    position: relative;\n\tborder:10px solid #fff;\n}\n\n.quote-box-1 {\n    background: #dce5de;\n\tmargin-left:8%;\n    padding: 12px 12px 12px 14%;\n}\n\n.quote-box-2 {\n    background: #bfd0c2;\n    margin-left:8%;\n    padding: 12px 12px 12px 14%;\n}\n<\/style>\n-->\n\n","protected":false},"excerpt":{"rendered":"<p>Informaci\u00f3n solo para miembros! Si pudi\u00e9semos preguntar&nbsp;a nuestras bisabuelas cual es la mejor planta curativa, dir\u00edan sin duda que Aloe Vera. Hasta bien entrados los a\u00f1os 1950, eran pocas las casas o las ventanas&nbsp;donde no se encontraba este \u00abm\u00e9dico en la maceta\u00bb. Aloe Vera era conocida como la&nbsp;planta de primeros auxilios para&nbsp;peque\u00f1as molestias como picaduras &#8230; <a title=\"Primeros auxilios\" class=\"read-more\" href=\"https:\/\/www.aloe-medical-group.com\/es\/aplicaciones\/primeros-auxilios\/\" aria-label=\"Leer m\u00e1s sobre Primeros auxilios\">Leer m\u00e1s<\/a><\/p>\n","protected":false},"author":2,"featured_media":720,"parent":484,"menu_order":0,"comment_status":"closed","ping_status":"closed","template":"","meta":{"_acf_changed":false,"_editorskit_title_hidden":false,"_editorskit_reading_time":2,"_editorskit_is_block_options_detached":false,"_editorskit_block_options_position":"{}","footnotes":""},"class_list":["post-713","page","type-page","status-publish","has-post-thumbnail"],"acf":[],"_links":{"self":[{"href":"https:\/\/www.aloe-medical-group.com\/es\/wp-json\/wp\/v2\/pages\/713","targetHints":{"allow":["GET"]}}],"collection":[{"href":"https:\/\/www.aloe-medical-group.com\/es\/wp-json\/wp\/v2\/pages"}],"about":[{"href":"https:\/\/www.aloe-medical-group.com\/es\/wp-json\/wp\/v2\/types\/page"}],"author":[{"embeddable":true,"href":"https:\/\/www.aloe-medical-group.com\/es\/wp-json\/wp\/v2\/users\/2"}],"replies":[{"embeddable":true,"href":"https:\/\/www.aloe-medical-group.com\/es\/wp-json\/wp\/v2\/comments?post=713"}],"version-history":[{"count":30,"href":"https:\/\/www.aloe-medical-group.com\/es\/wp-json\/wp\/v2\/pages\/713\/revisions"}],"predecessor-version":[{"id":1792,"href":"https:\/\/www.aloe-medical-group.com\/es\/wp-json\/wp\/v2\/pages\/713\/revisions\/1792"}],"up":[{"embeddable":true,"href":"https:\/\/www.aloe-medical-group.com\/es\/wp-json\/wp\/v2\/pages\/484"}],"wp:featuredmedia":[{"embeddable":true,"href":"https:\/\/www.aloe-medical-group.com\/es\/wp-json\/wp\/v2\/media\/720"}],"wp:attachment":[{"href":"https:\/\/www.aloe-medical-group.com\/es\/wp-json\/wp\/v2\/media?parent=713"}],"curies":[{"name":"wp","href":"https:\/\/api.w.org\/{rel}","templated":true}]}}