{"id":652,"date":"2021-06-25T17:08:23","date_gmt":"2021-06-25T17:08:23","guid":{"rendered":"https:\/\/www.aloe-medical-group.com\/es\/?page_id=652"},"modified":"2021-11-02T18:30:50","modified_gmt":"2021-11-02T18:30:50","slug":"mascotas","status":"publish","type":"page","link":"https:\/\/www.aloe-medical-group.com\/es\/aplicaciones\/mascotas\/","title":{"rendered":"Aloe vera tambi\u00e9n para nuestras mascotas"},"content":{"rendered":"\n<div class=\"wp-block-image\"><figure class=\"aligncenter size-full\"><img loading=\"lazy\" decoding=\"async\" width=\"157\" height=\"12\" src=\"https:\/\/www.aloe-medical-group.com\/es\/wp-content\/uploads\/sites\/4\/2021\/06\/separator-content.png\" alt=\"\" class=\"wp-image-65\" srcset=\"https:\/\/www.aloe-medical-group.com\/es\/wp-content\/uploads\/sites\/4\/2021\/06\/separator-content.png 157w, https:\/\/www.aloe-medical-group.com\/es\/wp-content\/uploads\/sites\/4\/2021\/06\/separator-content-150x12.png 150w\" sizes=\"auto, (max-width: 157px) 100vw, 157px\" \/><\/figure><\/div>\n\n\n\n<h3 class=\"gb-headline gb-headline-0619884a gb-headline-text\"><strong><mark class=\"gb-highlight\">Informaci\u00f3n solo para miembros!<\/mark><\/strong><\/h3>\n\n\n\n\n\n<div class=\"mag-blockquote\">\n\t\n    <div class=\"testimonial-image\">\n            <div class=\"image-container\">\n                    <img decoding=\"async\" src=\"https:\/\/www.aloe-medical-group.com\/es\/wp-content\/uploads\/sites\/4\/2021\/06\/alessandro-benvenuti.png\">\n                \n            <\/div>\n        <\/div>\n        <div class=\"quote-box-1\">\n           \n                <p>Quien ha escuchado la conferencia que he dado conjuntamente con la Dra. Susanne Schwemmlein, la fundadora de \u201cAloe-Medical-Group\u201d, sabe qu\u00e9 eficaz son los productos de Forever en mi campo de trabajo. No quisiera prescindir de ellos. Junto con mi esposa estamos construyendo una red grande.<\/p>\n         <\/div>\n           <div class=\"quote-box-2\">\n               <p>Doctor Alessandro Benvenuti, veterinario, home\u00f3pata, medicina ortomolecular y mitocondrial<\/p>\n           <\/div>\n        \n\n<\/div>\n\n\n\n\n\n<!--\n<style>\n.testimonial-image {\n    float: left;\n    left: -16px;\n    position: relative;\n    top: -12px;\n    width: 18%;\n}\n .image-container img {\n    border-radius: 50%;\n    overflow: hidden;\n    position: relative;\n\tborder:10px solid #fff;\n}\n\n.quote-box-1 {\n    background: #dce5de;\n\tmargin-left:8%;\n    padding: 12px 12px 12px 14%;\n}\n\n.quote-box-2 {\n    background: #bfd0c2;\n    margin-left:8%;\n    padding: 12px 12px 12px 14%;\n}\n<\/style>\n-->\n\n\n<div class=\"mag-blockquote\">\n\t\n    <div class=\"testimonial-image\">\n            <div class=\"image-container\">\n                    <img decoding=\"async\" src=\"https:\/\/www.aloe-medical-group.com\/es\/wp-content\/uploads\/sites\/4\/2021\/06\/ingrid-daffner.png\">\n                \n            <\/div>\n        <\/div>\n        <div class=\"quote-box-1\">\n           \n                <p>Hace muchos a\u00f1os que utilizo en mi consulta veterinaria productos de aloe vera de Forever &#8211; Mis tratamientos se basan globalmente en m\u00e9todos naturales y estos productos de alta calidad son el complemento ideal para mi trabajo con mis peludos pacientes de una forma muy efectiva. Los productos de Aloe Vera de Forever forman ya parte sustancial de mis recomendaciones para las terapias y juegan un papel muy importante en mi consulta.<\/p>\n         <\/div>\n           <div class=\"quote-box-2\">\n               <p>Ingrid Daffner, veterinaria<\/p>\n           <\/div>\n        \n\n<\/div>\n\n\n\n\n\n<!--\n<style>\n.testimonial-image {\n    float: left;\n    left: -16px;\n    position: relative;\n    top: -12px;\n    width: 18%;\n}\n .image-container img {\n    border-radius: 50%;\n    overflow: hidden;\n    position: relative;\n\tborder:10px solid #fff;\n}\n\n.quote-box-1 {\n    background: #dce5de;\n\tmargin-left:8%;\n    padding: 12px 12px 12px 14%;\n}\n\n.quote-box-2 {\n    background: #bfd0c2;\n    margin-left:8%;\n    padding: 12px 12px 12px 14%;\n}\n<\/style>\n-->\n\n\n\n<div class=\"alignfull\">\n\n<div class=\"background upperfooter\"><\/div>\n<div style=\"width:100%;background:#DEECE2;\">\n<div class=\"grid-container block-footer-waves\">\n\n<div class=\"wp-block-image\"><figure class=\"alignleft size-large\"><img loading=\"lazy\" decoding=\"async\" width=\"180\" height=\"212\" src=\"https:\/\/www.aloe-medical-group.com\/es\/wp-content\/uploads\/sites\/4\/2021\/06\/aloe-vera-natures-gift-david_urch.jpg\" alt=\"\" class=\"wp-image-654\"\/><\/figure><\/div>\n\n\n\n<h2 class=\"wp-block-heading\">Lectura recomendada<\/h2>\n\n\n\n<p><strong>Aloe Vera &#8211; Nature\u00b4s Gift<\/strong><br>Dr.&nbsp; David Urch<\/p>\n\n<\/div><div class=\"background footer\"><\/div>\n<\/div>\n\n<\/div>\n\n<style>\n.background.upperfooter {\n    background-image: url(\/upperfooterwave.png);\n    background-position: bottom;\n    background-repeat: no-repeat;\n    background-size: 100% 117px;\n    height: 117px;\n    max-height: 660px;\n    pointer-events: none;\n    width: 100%;\n}\n.background.footer {\n    background-color: #deece2;\n    background-image: url(\/footerwave.png);\n    background-position: bottom;\n    background-repeat: no-repeat;\n    background-size: 100% 117px;\n    height: 117px;\n    max-height: 660px;\n    pointer-events: none;\n    width: 100%;\n}\n\n<\/style>","protected":false},"excerpt":{"rendered":"<p>Informaci\u00f3n solo para miembros! Los propietarios de animales y criadores nunca se han visto ante un reto como el de hoy en d\u00eda para cuidar de la salud de los animales.&nbsp;&nbsp;Muchos problemas fundamentales de nutrici\u00f3n&nbsp;de los animales se hallan en una falta de nutrientes b\u00e1sicos. Tambi\u00e9n a menudo es la bien intencionada sobrealimentaci\u00f3n del animal &#8230; <a title=\"Aloe vera tambi\u00e9n para nuestras mascotas\" class=\"read-more\" href=\"https:\/\/www.aloe-medical-group.com\/es\/aplicaciones\/mascotas\/\" aria-label=\"Leer m\u00e1s sobre Aloe vera tambi\u00e9n para nuestras mascotas\">Leer m\u00e1s<\/a><\/p>\n","protected":false},"author":2,"featured_media":1368,"parent":484,"menu_order":0,"comment_status":"closed","ping_status":"closed","template":"","meta":{"_acf_changed":false,"_editorskit_title_hidden":false,"_editorskit_reading_time":5,"_editorskit_is_block_options_detached":false,"_editorskit_block_options_position":"{}","footnotes":""},"class_list":["post-652","page","type-page","status-publish","has-post-thumbnail"],"acf":[],"_links":{"self":[{"href":"https:\/\/www.aloe-medical-group.com\/es\/wp-json\/wp\/v2\/pages\/652","targetHints":{"allow":["GET"]}}],"collection":[{"href":"https:\/\/www.aloe-medical-group.com\/es\/wp-json\/wp\/v2\/pages"}],"about":[{"href":"https:\/\/www.aloe-medical-group.com\/es\/wp-json\/wp\/v2\/types\/page"}],"author":[{"embeddable":true,"href":"https:\/\/www.aloe-medical-group.com\/es\/wp-json\/wp\/v2\/users\/2"}],"replies":[{"embeddable":true,"href":"https:\/\/www.aloe-medical-group.com\/es\/wp-json\/wp\/v2\/comments?post=652"}],"version-history":[{"count":66,"href":"https:\/\/www.aloe-medical-group.com\/es\/wp-json\/wp\/v2\/pages\/652\/revisions"}],"predecessor-version":[{"id":1695,"href":"https:\/\/www.aloe-medical-group.com\/es\/wp-json\/wp\/v2\/pages\/652\/revisions\/1695"}],"up":[{"embeddable":true,"href":"https:\/\/www.aloe-medical-group.com\/es\/wp-json\/wp\/v2\/pages\/484"}],"wp:featuredmedia":[{"embeddable":true,"href":"https:\/\/www.aloe-medical-group.com\/es\/wp-json\/wp\/v2\/media\/1368"}],"wp:attachment":[{"href":"https:\/\/www.aloe-medical-group.com\/es\/wp-json\/wp\/v2\/media?parent=652"}],"curies":[{"name":"wp","href":"https:\/\/api.w.org\/{rel}","templated":true}]}}