{"id":595,"date":"2021-06-25T16:03:20","date_gmt":"2021-06-25T16:03:20","guid":{"rendered":"https:\/\/www.aloe-medical-group.com\/es\/?page_id=595"},"modified":"2021-11-02T18:22:53","modified_gmt":"2021-11-02T18:22:53","slug":"belleza","status":"publish","type":"page","link":"https:\/\/www.aloe-medical-group.com\/es\/aplicaciones\/belleza\/","title":{"rendered":"Belleza con Aloe vera"},"content":{"rendered":"\n<div class=\"wp-block-image\"><figure class=\"aligncenter size-full\"><img loading=\"lazy\" decoding=\"async\" width=\"157\" height=\"12\" src=\"https:\/\/www.aloe-medical-group.com\/es\/wp-content\/uploads\/sites\/4\/2021\/06\/separator-content.png\" alt=\"\" class=\"wp-image-65\" srcset=\"https:\/\/www.aloe-medical-group.com\/es\/wp-content\/uploads\/sites\/4\/2021\/06\/separator-content.png 157w, https:\/\/www.aloe-medical-group.com\/es\/wp-content\/uploads\/sites\/4\/2021\/06\/separator-content-150x12.png 150w\" sizes=\"auto, (max-width: 157px) 100vw, 157px\" \/><\/figure><\/div>\n\n\n\n<h3 class=\"gb-headline gb-headline-0ae20025 gb-headline-text\"><mark class=\"gb-highlight\"><strong>Informaci\u00f3n\u00a0solo para miembros!<\/strong><\/mark><\/h3>\n\n\n\n\n\n<div class=\"mag-blockquote\">\n\t\n    <div class=\"testimonial-image\">\n            <div class=\"image-container\">\n                    <img decoding=\"async\" src=\"https:\/\/www.aloe-medical-group.com\/es\/wp-content\/uploads\/sites\/4\/2021\/06\/aloevera-gelly.jpg\">\n                \n            <\/div>\n        <\/div>\n        <div class=\"quote-box-1\">\n           \n                <p>Consejo: Aloe Vera debe estar siempre en primer lugar en el orden de ingredientes. Solo recomendamos productos de Aloe Vera que consisten su <b>mayor parte de Aloe Vera.<\/b><\/p>\n         <\/div>\n           <div class=\"quote-box-2\">\n               <p>p.ej. \u00a0Aloe Vera Gelly &#8211; \u00a0es un gel que contiene 85% de Aloe Vera<\/p>\n           <\/div>\n        \n\n<\/div>\n\n\n\n\n\n<!--\n<style>\n.testimonial-image {\n    float: left;\n    left: -16px;\n    position: relative;\n    top: -12px;\n    width: 18%;\n}\n .image-container img {\n    border-radius: 50%;\n    overflow: hidden;\n    position: relative;\n\tborder:10px solid #fff;\n}\n\n.quote-box-1 {\n    background: #dce5de;\n\tmargin-left:8%;\n    padding: 12px 12px 12px 14%;\n}\n\n.quote-box-2 {\n    background: #bfd0c2;\n    margin-left:8%;\n    padding: 12px 12px 12px 14%;\n}\n<\/style>\n-->\n\n\n\n\n<div class=\"mag-blockquote\">\n\t\n    <div class=\"testimonial-image\">\n            <div class=\"image-container\">\n                    <img decoding=\"async\" src=\"https:\/\/www.aloe-medical-group.com\/es\/wp-content\/uploads\/sites\/4\/2021\/11\/staufer.png\">\n                \n            <\/div>\n        <\/div>\n        <div class=\"quote-box-1\">\n           \n                <p>En mi gabinete asesoro y apoyo a clientes que acuden con problemas de piel. Adem\u00e1s, les aplico tratamientos de belleza para mantener y mejorar su aspecto. De este modo les ayudo a sentirse mejor consigo mismos.<\/p>\n<p>Los productos de Aloe Vera FOREVER que yo utilizo son \u00fanicos porque aportan todos los elementos importantes tan necesarios para mantener saludable la piel, nuestro \u00f3rgano m\u00e1s grande. Por sus sustancias activas el Aloe Vera tiene una capacidad especial de penetraci\u00f3n, con un mejor efecto regenerador sobre las c\u00e9lulas epiteliales. De esta forma, mejoramos visiblemente el estado de la piel y podemos ralentizar el efecto envejecimiento.<\/p>\n         <\/div>\n           <div class=\"quote-box-2\">\n               <p>Petra Staufer, especialista en Nutrici\u00f3n, Belleza y Bienestar<\/p>\n           <\/div>\n        \n\n<\/div>\n\n\n\n\n\n<!--\n<style>\n.testimonial-image {\n    float: left;\n    left: -16px;\n    position: relative;\n    top: -12px;\n    width: 18%;\n}\n .image-container img {\n    border-radius: 50%;\n    overflow: hidden;\n    position: relative;\n\tborder:10px solid #fff;\n}\n\n.quote-box-1 {\n    background: #dce5de;\n\tmargin-left:8%;\n    padding: 12px 12px 12px 14%;\n}\n\n.quote-box-2 {\n    background: #bfd0c2;\n    margin-left:8%;\n    padding: 12px 12px 12px 14%;\n}\n<\/style>\n-->\n\n\n\n<div class=\"alignfull\">\n\n<div class=\"background upperfooter\"><\/div>\n<div style=\"width:100%;background:#DEECE2;\">\n<div class=\"grid-container block-footer-waves\">\n\n<h3 class=\"wp-block-heading\">Petra Staufer, AMGI Espa\u00f1a<\/h3>\n\n\n\n<div class=\"wp-block-image\"><figure class=\"alignleft size-large is-resized\"><img loading=\"lazy\" decoding=\"async\" src=\"https:\/\/www.aloe-medical-group.com\/es\/wp-content\/uploads\/sites\/4\/2021\/06\/staufer.jpg\" alt=\"\" class=\"wp-image-596\" width=\"208\" height=\"208\" srcset=\"https:\/\/www.aloe-medical-group.com\/es\/wp-content\/uploads\/sites\/4\/2021\/06\/staufer.jpg 160w, https:\/\/www.aloe-medical-group.com\/es\/wp-content\/uploads\/sites\/4\/2021\/06\/staufer-150x150.jpg 150w\" sizes=\"auto, (max-width: 208px) 100vw, 208px\" \/><\/figure><\/div>\n\n\n\n<p>Fue en el a\u00f1o 2005 cuando empec\u00e9 a desarrollar mi entusiasmo por la planta Aloe Vera, gracias a una vivencia personal maravillosa. Hace ya muchos a\u00f1os que resido en Espa\u00f1a y represento aqu\u00ed a Aloe Medical Group International (AMGI). A trav\u00e9s de nuestra red se puede apreciar el intercambio de experiencias con otros colegas, la alta calidad de formaci\u00f3n, as\u00ed como el acceso a valiosos conocimientos m\u00e9dicos. Gracias al alto nivel de especializaci\u00f3n de AMGI he logrado contar con la inestimable colaboraci\u00f3n del Dr. S\u00e1nchez Grima, m\u00e9dico traumat\u00f3logo y oste\u00f3pata, especialista tambi\u00e9n en acupuntura y TCM, quien ahora es en Espa\u00f1a el n\u00famero 1 en materia de Aloe Vera. Me siento muy afortunada al poder compartir mi pasi\u00f3n con mi equipo y todas mis amistades. Gracias a Espa\u00f1a, que es ahora mi segunda casa.<\/p>\n\n<\/div><div class=\"background footer\"><\/div>\n<\/div>\n\n<\/div>\n\n<style>\n.background.upperfooter {\n    background-image: url(\/upperfooterwave.png);\n    background-position: bottom;\n    background-repeat: no-repeat;\n    background-size: 100% 117px;\n    height: 117px;\n    max-height: 660px;\n    pointer-events: none;\n    width: 100%;\n}\n.background.footer {\n    background-color: #deece2;\n    background-image: url(\/footerwave.png);\n    background-position: bottom;\n    background-repeat: no-repeat;\n    background-size: 100% 117px;\n    height: 117px;\n    max-height: 660px;\n    pointer-events: none;\n    width: 100%;\n}\n\n<\/style>","protected":false},"excerpt":{"rendered":"<p>Informaci\u00f3n\u00a0solo para miembros! Es lo que ha dado verdadera fama a la planta de Aloe Vera: sus efectos sobre la piel humana. Desde Nefertiti y Cle\u00f3patra nos fueron transmitidas las propiedades reafirmantes, tonificantes y curativas del gel de Aloe. Una maravillosa reputaci\u00f3n precede a Aloe: rejuvenece la piel, minimiza los poros, previene las arrugas, hace &#8230; <a title=\"Belleza con Aloe vera\" class=\"read-more\" href=\"https:\/\/www.aloe-medical-group.com\/es\/aplicaciones\/belleza\/\" aria-label=\"Leer m\u00e1s sobre Belleza con Aloe vera\">Leer m\u00e1s<\/a><\/p>\n","protected":false},"author":2,"featured_media":601,"parent":484,"menu_order":0,"comment_status":"closed","ping_status":"closed","template":"","meta":{"_acf_changed":false,"_editorskit_title_hidden":false,"_editorskit_reading_time":3,"_editorskit_is_block_options_detached":false,"_editorskit_block_options_position":"{}","footnotes":""},"class_list":["post-595","page","type-page","status-publish","has-post-thumbnail"],"acf":[],"_links":{"self":[{"href":"https:\/\/www.aloe-medical-group.com\/es\/wp-json\/wp\/v2\/pages\/595","targetHints":{"allow":["GET"]}}],"collection":[{"href":"https:\/\/www.aloe-medical-group.com\/es\/wp-json\/wp\/v2\/pages"}],"about":[{"href":"https:\/\/www.aloe-medical-group.com\/es\/wp-json\/wp\/v2\/types\/page"}],"author":[{"embeddable":true,"href":"https:\/\/www.aloe-medical-group.com\/es\/wp-json\/wp\/v2\/users\/2"}],"replies":[{"embeddable":true,"href":"https:\/\/www.aloe-medical-group.com\/es\/wp-json\/wp\/v2\/comments?post=595"}],"version-history":[{"count":59,"href":"https:\/\/www.aloe-medical-group.com\/es\/wp-json\/wp\/v2\/pages\/595\/revisions"}],"predecessor-version":[{"id":1672,"href":"https:\/\/www.aloe-medical-group.com\/es\/wp-json\/wp\/v2\/pages\/595\/revisions\/1672"}],"up":[{"embeddable":true,"href":"https:\/\/www.aloe-medical-group.com\/es\/wp-json\/wp\/v2\/pages\/484"}],"wp:featuredmedia":[{"embeddable":true,"href":"https:\/\/www.aloe-medical-group.com\/es\/wp-json\/wp\/v2\/media\/601"}],"wp:attachment":[{"href":"https:\/\/www.aloe-medical-group.com\/es\/wp-json\/wp\/v2\/media?parent=595"}],"curies":[{"name":"wp","href":"https:\/\/api.w.org\/{rel}","templated":true}]}}