{"id":59,"date":"2021-06-11T11:38:32","date_gmt":"2021-06-11T11:38:32","guid":{"rendered":"https:\/\/www.aloe-medical-group.com\/es\/?page_id=59"},"modified":"2021-11-02T16:41:21","modified_gmt":"2021-11-02T16:41:21","slug":"historia","status":"publish","type":"page","link":"https:\/\/www.aloe-medical-group.com\/es\/aloe-vera\/historia\/","title":{"rendered":"La planta curadora de la antig\u00fcedad &#8211; Aloe vera"},"content":{"rendered":"\n<div class=\"wp-block-image\"><figure class=\"aligncenter size-full\"><img loading=\"lazy\" decoding=\"async\" width=\"157\" height=\"12\" src=\"https:\/\/www.aloe-medical-group.com\/es\/wp-content\/uploads\/sites\/4\/2021\/06\/separator-content.png\" alt=\"\" class=\"wp-image-65\" srcset=\"https:\/\/www.aloe-medical-group.com\/es\/wp-content\/uploads\/sites\/4\/2021\/06\/separator-content.png 157w, https:\/\/www.aloe-medical-group.com\/es\/wp-content\/uploads\/sites\/4\/2021\/06\/separator-content-150x12.png 150w\" sizes=\"auto, (max-width: 157px) 100vw, 157px\" \/><\/figure><\/div>\n\n\n\n<h2 class=\"wp-block-heading\">Egipto<\/h2>\n\n\n<p><img loading=\"lazy\" decoding=\"async\" class=\"size-full wp-image-69 alignright\" src=\"https:\/\/www.aloe-medical-group.com\/es\/wp-content\/uploads\/sites\/4\/2021\/06\/aegypten.jpg\" alt=\"\" width=\"220\" height=\"220\" srcset=\"https:\/\/www.aloe-medical-group.com\/es\/wp-content\/uploads\/sites\/4\/2021\/06\/aegypten.jpg 220w, https:\/\/www.aloe-medical-group.com\/es\/wp-content\/uploads\/sites\/4\/2021\/06\/aegypten-150x150.jpg 150w\" sizes=\"auto, (max-width: 220px) 100vw, 220px\" \/>Los primeros registros acerca de la savia nutritiva de Aloe Vera se realizaron hace casi 6000 a\u00f1os en Egipto. Se consideraba una planta cuya \u00absangre\u00bb proporcionaba belleza, salud e inmortalidad. Tanto Cle\u00f3patra como Nefertiti apreciaban el jugo benefactor y lo utilizaban en sus cuidados diarios de belleza. El uso de Aloe era considerado como el af\u00e1n por la belleza corporal. Los cad\u00e1veres se embalsamaban con Aloe &#8211; por su efecto bactericida y fungicida. Se cre\u00eda que al impedir la descomposici\u00f3n del cuerpo se alcanzar\u00eda la vida eterna &#8211; tanto corporal como espiritual. La planta de Aloe se ten\u00eda por \u00abla planta de la inmortalidad. En el \u00abPapiro Eber\u00bb (1550 a.C.) se mencionan sus efectos anti-inflamatorios y analg\u00e9sicos.<\/p>\n\n\n<div class=\"wp-block-columns is-layout-flex wp-container-core-columns-is-layout-9d6595d7 wp-block-columns-is-layout-flex\">\n<div class=\"wp-block-column is-layout-flow wp-block-column-is-layout-flow\">\n<h2>Mesopotamia<\/h2>\n<p><img loading=\"lazy\" decoding=\"async\" class=\"size-full wp-image-217 alignleft\" src=\"https:\/\/www.aloe-medical-group.com\/es\/wp-content\/uploads\/sites\/4\/2021\/06\/mesopotamien.jpg\" alt=\"\" width=\"215\" height=\"215\" srcset=\"https:\/\/www.aloe-medical-group.com\/es\/wp-content\/uploads\/sites\/4\/2021\/06\/mesopotamien.jpg 215w, https:\/\/www.aloe-medical-group.com\/es\/wp-content\/uploads\/sites\/4\/2021\/06\/mesopotamien-150x150.jpg 150w\" sizes=\"auto, (max-width: 215px) 100vw, 215px\" \/>En las tablas de barro de Nippur (2200 a.C.) ya se hizo menci\u00f3n escrita de Aloe. Sus propiedades para limpiar el tracto intestinal eran conocidas. Tal y como se comprend\u00edan las cosas en aquellos tiempos, las enfermedades eran interpretadas siempre como una se\u00f1al de la penetraci\u00f3n del diablo en el cuerpo. Solo una planta divina pod\u00eda ahuyentar los demonios. O sea, ALOE era considerada una planta divina.<\/p>\n<\/div>\n\n\n\n<div class=\"wp-block-column is-layout-flow wp-block-column-is-layout-flow\">\n<h2>Alejandro Magno<\/h2>\n<p>En los pa\u00edses asi\u00e1ticos, la planta de Aloe ya constitu\u00eda una parte integrante de los tratamientos m\u00e9dicos. Alejandro Magno (356 &#8211; 323 a.C.) mandaba curar las heridas de sus guerreros con el jugo de Aloe y dispon\u00eda que se plantara en los carros de combate para tener siempre suministros frescos durante sus campa\u00f1as. Dicen que Arist\u00f3teles convenci\u00f3 a Alejandro Magno para conquistar la isla Socotra con el fin de hacerse con las plantaciones de Aloe &#8211; de este modo se dispon\u00eda de suficiente material para cuidar de los guerreros heridos.<\/p>\n<\/div>\n<\/div>\n\n\n<h2>Diosc\u00f3rides<\/h2>\n<p>Tambi\u00e9n los romanos aprovecharon la experiencia de egipcios y griegos con los efectos beneficiosos de la planta de Aloe. Durante el reinado del emperador Ner\u00f3n, en torno a 50 d.C., vivi\u00f3 el m\u00e9dico naturalista Diosc\u00f3rides, que viajaba por todo Oriente. Este m\u00e9dico escribi\u00f3 un tratado de farmacolog\u00eda en varios tomos, incluyendo muchas recetas para el tratamiento de cientos de enfermedades. En los amplios cap\u00edtulos sobre el efecto positivo de las plantas, describe la planta de Aloe como una de sus plantas preferidas. \u00c9l recomendaba el jugo de aloe para el tratamiento de heridas, en caso de molestias estomacales e intestinales, para inflamaciones de las enc\u00edas, dolores articulares, prurito, insolaci\u00f3n, acn\u00e9, alopecia, etc.<\/p>\n\n\n<div class=\"wp-block-columns is-layout-flex wp-container-core-columns-is-layout-9d6595d7 wp-block-columns-is-layout-flex\">\n<div class=\"wp-block-column is-layout-flow wp-block-column-is-layout-flow\" style=\"flex-basis:33%\">\n<h2>La medicina china<\/h2>\n<p>Ya en tiempos de los viajes de Marco Polo, la cultura china conoc\u00eda los beneficios de Aloe en los tratamientos m\u00e9dicos. En el libro de curaciones Shi-Shen es descrita como \u00abMedio de la Armon\u00eda\u00bb &#8211; un valor central de la vida en el Reino del Medio. Una valoraci\u00f3n similar se hizo en Jap\u00f3n: era venerada como \u00abla planta real\u00bb, se com\u00eda y se beb\u00eda su jugo; los Samurai la utilizaban como ung\u00fcento.<\/p>\n<\/div>\n\n\n\n<div class=\"wp-block-column is-layout-flow wp-block-column-is-layout-flow\" style=\"flex-basis:66%\">\n<h2>Col\u00f3n<\/h2>\n<p><img loading=\"lazy\" decoding=\"async\" class=\"size-full wp-image-216 alignright\" src=\"https:\/\/www.aloe-medical-group.com\/es\/wp-content\/uploads\/sites\/4\/2021\/06\/kolumbus.jpg\" alt=\"\" width=\"220\" height=\"220\" srcset=\"https:\/\/www.aloe-medical-group.com\/es\/wp-content\/uploads\/sites\/4\/2021\/06\/kolumbus.jpg 220w, https:\/\/www.aloe-medical-group.com\/es\/wp-content\/uploads\/sites\/4\/2021\/06\/kolumbus-150x150.jpg 150w\" sizes=\"auto, (max-width: 220px) 100vw, 220px\" \/>Con Aloe Vera se descubrieron nuevos mundos: Crist\u00f3bal Col\u00f3n llevaba en sus barcos macetas con plantas de Aloe para curar con su jugo las heridas de sus tripulantes.<\/p>\n<p>En el siglo 16 los monjes jesuitas espa\u00f1oles &#8211; hasta hoy famosos por ser los m\u00e1s entendidos en plantas y sus efectos curativos &#8211; coleccionaban la planta silvestre de Aloe y la propagaci\u00f3n en lugares donde a\u00fan era desconocida. Los indios mayas dieron nombre al jugo de esta planta del desierto: \u00abFuente de Juventud\u00bb.\u00a0<\/p>\n<\/div>\n<\/div>\n\n\n<h2>Amargo Sueco<\/h2>\n<p><img loading=\"lazy\" decoding=\"async\" class=\"size-full wp-image-218 alignleft\" src=\"https:\/\/www.aloe-medical-group.com\/es\/wp-content\/uploads\/sites\/4\/2021\/06\/schwedenbitter.jpg\" alt=\"\" width=\"220\" height=\"220\" srcset=\"https:\/\/www.aloe-medical-group.com\/es\/wp-content\/uploads\/sites\/4\/2021\/06\/schwedenbitter.jpg 220w, https:\/\/www.aloe-medical-group.com\/es\/wp-content\/uploads\/sites\/4\/2021\/06\/schwedenbitter-150x150.jpg 150w\" sizes=\"auto, (max-width: 220px) 100vw, 220px\" \/>Tambi\u00e9n es conocido el elixir de la vida del m\u00e9dico sueco Dr. Yernes, quien muri\u00f3 a los 104 a\u00f1os tras un accidente de equitaci\u00f3n. La receta del elixir fue durante siglos un secreto de familia. Este elixir sueco que hoy se conoce por el nombre de \u00abhierbas suecas\u00bb \u00a0tiene m\u00e1s o menos la misma composici\u00f3n que entonces, a saber: una onza de Aloe Socotra, una porci\u00f3n a partes iguales de Zedoaria, ra\u00edz de genencia y el mejor azafr\u00e1n, una porci\u00f3n de ra\u00edz de ruibarbo, una porci\u00f3n del hongo Laricifomes officinalis, una porci\u00f3n de melaza veneciana, mezclar todo con una pinta de buen brandy y dejar reposar durante diez d\u00edas y finalmente se filtra. El m\u00e9dico sueco asegur\u00f3 \u00abtodos los d\u00edas de 7 a 8 gotas mezclados con vino, t\u00e9 o caldo, y usted vivir\u00e1 muchos a\u00f1os sin necesidad de sangrados o de m\u00e9dicos. Lo maravilloso es que vale para todo\u00bb.<\/p>\n\n\n<div class=\"wp-block-columns is-layout-flex wp-container-core-columns-is-layout-9d6595d7 wp-block-columns-is-layout-flex\">\n<div class=\"wp-block-column is-layout-flow wp-block-column-is-layout-flow\" style=\"flex-basis:50%\">\n<h2>S\u00e1nscrito<\/h2>\n<p>En s\u00e1nscrito Aloe lleva el nombre de Ghrita-Kumari. Kumari significa en s\u00e1nscrito \u00abni\u00f1a\u00bb. Se cre\u00eda que esta planta daba a las mujeres la energ\u00eda de la juventud y que ten\u00eda un efecto regenerador de la naturaleza femenina. En la medicina ayurv\u00e9dica de la India se encuentran diversas posibilidades de aplicar Aloe Vera, por ejemplo como medio rejuvenecedor, contra las molestias menstruales y para estabilizar la circulaci\u00f3n. En ayurveda se la considera como la planta del equilibrio entre Pitta, Kapha y Vata &#8211; como una de las escasas plantas.<\/p>\n<\/div>\n\n\n\n<div class=\"wp-block-column is-layout-flow wp-block-column-is-layout-flow\" style=\"flex-basis:50%\">\n<h2><img loading=\"lazy\" decoding=\"async\" class=\"size-full wp-image-214 alignright\" src=\"https:\/\/www.aloe-medical-group.com\/es\/wp-content\/uploads\/sites\/4\/2021\/06\/hildegard-bingen.jpg\" alt=\"\" width=\"220\" height=\"220\" srcset=\"https:\/\/www.aloe-medical-group.com\/es\/wp-content\/uploads\/sites\/4\/2021\/06\/hildegard-bingen.jpg 220w, https:\/\/www.aloe-medical-group.com\/es\/wp-content\/uploads\/sites\/4\/2021\/06\/hildegard-bingen-150x150.jpg 150w\" sizes=\"auto, (max-width: 220px) 100vw, 220px\" \/>Hildegard von Bingen<\/h2>\n<p>Entorno al a\u00f1o 1100, o sea, en la Alta Edad Media, la monja benedictina Hildegard von Bingen describe Aloe como remedio para la ictericia, enfermedades estomacales y migra\u00f1a, contra caries y \u00falceras supurantes.<\/p>\n<\/div>\n<\/div>\n\n\n<h2>La medicina Antroposof\u00eda<\/h2>\n<p><img loading=\"lazy\" decoding=\"async\" class=\"size-full wp-image-219 alignright\" src=\"https:\/\/www.aloe-medical-group.com\/es\/wp-content\/uploads\/sites\/4\/2021\/06\/steiner.jpg\" alt=\"\" width=\"220\" height=\"220\" srcset=\"https:\/\/www.aloe-medical-group.com\/es\/wp-content\/uploads\/sites\/4\/2021\/06\/steiner.jpg 220w, https:\/\/www.aloe-medical-group.com\/es\/wp-content\/uploads\/sites\/4\/2021\/06\/steiner-150x150.jpg 150w\" sizes=\"auto, (max-width: 220px) 100vw, 220px\" \/>Seg\u00fan Rudolf Steiner, en la planta de Aloe (planta del elemento acu\u00e1tico) se libra una lucha entre la luna y el sol &#8211; siendo su caracter\u00edstica principal la tensi\u00f3n entre lo eterice y lo astral. Lo especial de Aloe es su capacidad de organizar el agua, preservar lo vivo y multiplicarlo (numerosos esquejes), a pesar de unas circunstancias adversas como calor, viento, sequedad. Gracias a su dura piel externa y su complejo sistema de venas interiores, la planta Aloe consigue de forma magistral proteger su sustancia acuosa de la evaporaci\u00f3n y mantenerse as\u00ed viva.<\/p>\n\n\n<div style=\"height:10px\" aria-hidden=\"true\" class=\"wp-block-spacer\"><\/div>\n\n\n\n<div class=\"wp-block-columns is-layout-flex wp-container-core-columns-is-layout-9d6595d7 wp-block-columns-is-layout-flex\">\n<div class=\"wp-block-column is-layout-flow wp-block-column-is-layout-flow\" style=\"flex-basis:50%\">\n<h2>Kneipp<\/h2>\n<p><img loading=\"lazy\" decoding=\"async\" class=\"size-full wp-image-215 alignleft\" src=\"https:\/\/www.aloe-medical-group.com\/es\/wp-content\/uploads\/sites\/4\/2021\/06\/kneipp.jpg\" alt=\"\" width=\"220\" height=\"220\" srcset=\"https:\/\/www.aloe-medical-group.com\/es\/wp-content\/uploads\/sites\/4\/2021\/06\/kneipp.jpg 220w, https:\/\/www.aloe-medical-group.com\/es\/wp-content\/uploads\/sites\/4\/2021\/06\/kneipp-150x150.jpg 150w\" sizes=\"auto, (max-width: 220px) 100vw, 220px\" \/>Kneipp fue un gran admirador de Aloe Vera y la prescrib\u00eda con frecuencia &#8211; como planta y en forma de polvo. Apreciaba especialmente su efectividad como remedio para la desintoxicaci\u00f3n y purificaci\u00f3n del tracto gastrointestinal &#8211; especialmente en combinaci\u00f3n con las famosas curas de Kneipp, el intestino y el sistema inmunol\u00f3gico &#8211; asociado con el intestino &#8211; jugaba un papel importante. Tambi\u00e9n comprob\u00f3 la efectividad de Aloe en problemas oculares &#8211; tanto de tipo inflamatorio como degenerativo. \u00a0A menudo emple\u00f3 Aloe con \u00e9xito en estos casos.<\/p>\n<\/div>\n\n\n\n<div class=\"wp-block-column is-layout-flow wp-block-column-is-layout-flow\" style=\"flex-basis:50%\">\n<h2>Los indios<\/h2>\n<p>Durante el siglo 16, las tribus indias americanas se familiarizaron con la planta medicinal Aloe. Era para ellos una de las 16 plantas sagradas, que se veneraban como si fuesen dioses. Dilu\u00edan el jugo de Aloe con agua y se untaban todo el cuerpo con esta sencilla mezcla para proteger sus cuerpos durante las duras marchas en terreno pantanoso Esta propiedad repelente de insectos de Aloe fue utilizada tambi\u00e9n por los indios para proteger los materiales vulnerables a los ataques de los insectos, como la madera. De este modo permanec\u00eda durante muchos a\u00f1os sin da\u00f1os.<\/p>\n<\/div>\n<\/div>\n\n\n<div class=\"alignfull\">\n\n<div class=\"background upperfooter\"><\/div>\n<div style=\"width:100%;background:#DEECE2;\">\n<div class=\"grid-container block-footer-waves\">\n\n<div class=\"wp-block-image\"><figure class=\"alignleft size-full\"><img loading=\"lazy\" decoding=\"async\" width=\"110\" height=\"181\" src=\"https:\/\/www.aloe-medical-group.com\/es\/wp-content\/uploads\/sites\/4\/2021\/11\/natures-silent-healer.png\" alt=\"\" class=\"wp-image-1551\"\/><\/figure><\/div>\n\n\n\n<h2 class=\"wp-block-heading\">Lectura recomendada<\/h2>\n\n\n\n<p><strong>Aloe Vera &#8211; Nature\u00b4s silent healer<\/strong><br>Dr. Audun Myskja<br>ISBN-13: 978-0954507107<\/p>\n\n<\/div><div class=\"background footer\"><\/div>\n<\/div>\n\n<\/div>\n\n<style>\n.background.upperfooter {\n    background-image: url(\/upperfooterwave.png);\n    background-position: bottom;\n    background-repeat: no-repeat;\n    background-size: 100% 117px;\n    height: 117px;\n    max-height: 660px;\n    pointer-events: none;\n    width: 100%;\n}\n.background.footer {\n    background-color: #deece2;\n    background-image: url(\/footerwave.png);\n    background-position: bottom;\n    background-repeat: no-repeat;\n    background-size: 100% 117px;\n    height: 117px;\n    max-height: 660px;\n    pointer-events: none;\n    width: 100%;\n}\n\n<\/style>","protected":false},"excerpt":{"rendered":"<p>Egipto Los primeros registros acerca de la savia nutritiva de Aloe Vera se realizaron hace casi 6000 a\u00f1os en Egipto. Se consideraba una planta cuya \u00absangre\u00bb proporcionaba belleza, salud e inmortalidad. Tanto Cle\u00f3patra como Nefertiti apreciaban el jugo benefactor y lo utilizaban en sus cuidados diarios de belleza. El uso de Aloe era considerado como &#8230; <a title=\"La planta curadora de la antig\u00fcedad &#8211; Aloe vera\" class=\"read-more\" href=\"https:\/\/www.aloe-medical-group.com\/es\/aloe-vera\/historia\/\" aria-label=\"Leer m\u00e1s sobre La planta curadora de la antig\u00fcedad &#8211; Aloe vera\">Leer m\u00e1s<\/a><\/p>\n","protected":false},"author":2,"featured_media":67,"parent":52,"menu_order":0,"comment_status":"closed","ping_status":"closed","template":"","meta":{"_acf_changed":false,"_editorskit_title_hidden":false,"_editorskit_reading_time":4,"_editorskit_is_block_options_detached":false,"_editorskit_block_options_position":"{}","footnotes":""},"class_list":["post-59","page","type-page","status-publish","has-post-thumbnail"],"acf":[],"_links":{"self":[{"href":"https:\/\/www.aloe-medical-group.com\/es\/wp-json\/wp\/v2\/pages\/59","targetHints":{"allow":["GET"]}}],"collection":[{"href":"https:\/\/www.aloe-medical-group.com\/es\/wp-json\/wp\/v2\/pages"}],"about":[{"href":"https:\/\/www.aloe-medical-group.com\/es\/wp-json\/wp\/v2\/types\/page"}],"author":[{"embeddable":true,"href":"https:\/\/www.aloe-medical-group.com\/es\/wp-json\/wp\/v2\/users\/2"}],"replies":[{"embeddable":true,"href":"https:\/\/www.aloe-medical-group.com\/es\/wp-json\/wp\/v2\/comments?post=59"}],"version-history":[{"count":39,"href":"https:\/\/www.aloe-medical-group.com\/es\/wp-json\/wp\/v2\/pages\/59\/revisions"}],"predecessor-version":[{"id":1553,"href":"https:\/\/www.aloe-medical-group.com\/es\/wp-json\/wp\/v2\/pages\/59\/revisions\/1553"}],"up":[{"embeddable":true,"href":"https:\/\/www.aloe-medical-group.com\/es\/wp-json\/wp\/v2\/pages\/52"}],"wp:featuredmedia":[{"embeddable":true,"href":"https:\/\/www.aloe-medical-group.com\/es\/wp-json\/wp\/v2\/media\/67"}],"wp:attachment":[{"href":"https:\/\/www.aloe-medical-group.com\/es\/wp-json\/wp\/v2\/media?parent=59"}],"curies":[{"name":"wp","href":"https:\/\/api.w.org\/{rel}","templated":true}]}}