{"id":530,"date":"2021-06-25T11:46:32","date_gmt":"2021-06-25T11:46:32","guid":{"rendered":"https:\/\/www.aloe-medical-group.com\/es\/?page_id=530"},"modified":"2021-11-02T18:12:37","modified_gmt":"2021-11-02T18:12:37","slug":"salud","status":"publish","type":"page","link":"https:\/\/www.aloe-medical-group.com\/es\/aplicaciones\/salud\/","title":{"rendered":"Preservaci\u00f3n de la salud con Aloe"},"content":{"rendered":"\n<div class=\"wp-block-image\"><figure class=\"aligncenter size-full\"><img loading=\"lazy\" decoding=\"async\" width=\"157\" height=\"12\" src=\"https:\/\/www.aloe-medical-group.com\/es\/wp-content\/uploads\/sites\/4\/2021\/06\/separator-content.png\" alt=\"\" class=\"wp-image-65\" srcset=\"https:\/\/www.aloe-medical-group.com\/es\/wp-content\/uploads\/sites\/4\/2021\/06\/separator-content.png 157w, https:\/\/www.aloe-medical-group.com\/es\/wp-content\/uploads\/sites\/4\/2021\/06\/separator-content-150x12.png 150w\" sizes=\"auto, (max-width: 157px) 100vw, 157px\" \/><\/figure><\/div>\n\n\n\n<h3 class=\"gb-headline gb-headline-6f2254fb gb-headline-text\"><mark class=\"gb-highlight\"><strong>Informaci\u00f3n solo para miembros!<\/strong><\/mark><\/h3>\n\n\n\n\n\n<div class=\"mag-blockquote\">\n\t\n    <div class=\"testimonial-image\">\n            <div class=\"image-container\">\n                    <img decoding=\"async\" src=\"https:\/\/www.aloe-medical-group.com\/es\/wp-content\/uploads\/sites\/4\/2021\/06\/di-mascio.png\">\n                \n            <\/div>\n        <\/div>\n        <div class=\"quote-box-1\">\n           \n                <p>Yo, como cirujano, soy m\u00e1s bien esc\u00e9ptico. Pero admito que a lo largo de los a\u00f1os he llegado a apreciar algunos productos de Forever a los que no querr\u00eda renunciar.<\/p>\n         <\/div>\n           <div class=\"quote-box-2\">\n               <p>Dr. Dr. Guido Di Mascio, cirujano maxilo-facial de M\u00fanich<br \/>\n<a href=\"http:\/\/www.mkg-dr-dimascio.de\" target=\"_blank\" rel=\"noopener\">www.mkg-dr-dimascio.de<\/a><\/p>\n           <\/div>\n        \n\n<\/div>\n\n\n\n\n\n<!--\n<style>\n.testimonial-image {\n    float: left;\n    left: -16px;\n    position: relative;\n    top: -12px;\n    width: 18%;\n}\n .image-container img {\n    border-radius: 50%;\n    overflow: hidden;\n    position: relative;\n\tborder:10px solid #fff;\n}\n\n.quote-box-1 {\n    background: #dce5de;\n\tmargin-left:8%;\n    padding: 12px 12px 12px 14%;\n}\n\n.quote-box-2 {\n    background: #bfd0c2;\n    margin-left:8%;\n    padding: 12px 12px 12px 14%;\n}\n<\/style>\n-->\n\n\n\n\n<div class=\"mag-blockquote\">\n\t\n    <div class=\"testimonial-image\">\n            <div class=\"image-container\">\n                    <img decoding=\"async\" src=\"https:\/\/www.aloe-medical-group.com\/es\/wp-content\/uploads\/sites\/4\/2021\/06\/fabel-gertrud.png\">\n                \n            <\/div>\n        <\/div>\n        <div class=\"quote-box-1\">\n           \n                <p>Ahora, el empleo de Aloe Vera en nuestras consultas, as\u00ed como el intercambio de conocimientos a trav\u00e9s de AMGI, esta \u00fanica red de terapeutas, es un enriquecimiento muy apreciable para nosotros.<\/p>\n         <\/div>\n           <div class=\"quote-box-2\">\n               <p>Dra. Gertrud Fabel, dentista, natur\u00f3pata, M\u00fanich<\/p>\n           <\/div>\n        \n\n<\/div>\n\n\n\n\n\n<!--\n<style>\n.testimonial-image {\n    float: left;\n    left: -16px;\n    position: relative;\n    top: -12px;\n    width: 18%;\n}\n .image-container img {\n    border-radius: 50%;\n    overflow: hidden;\n    position: relative;\n\tborder:10px solid #fff;\n}\n\n.quote-box-1 {\n    background: #dce5de;\n\tmargin-left:8%;\n    padding: 12px 12px 12px 14%;\n}\n\n.quote-box-2 {\n    background: #bfd0c2;\n    margin-left:8%;\n    padding: 12px 12px 12px 14%;\n}\n<\/style>\n-->\n\n\n<div class=\"mag-blockquote\">\n\t\n    <div class=\"testimonial-image\">\n            <div class=\"image-container\">\n                    <img decoding=\"async\" src=\"https:\/\/www.aloe-medical-group.com\/es\/wp-content\/uploads\/sites\/4\/2021\/11\/maria_kindelan.jpg\">\n                \n            <\/div>\n        <\/div>\n        <div class=\"quote-box-1\">\n           \n                <p>El zumo de Aloe Vera puro ha sido una clave importante de mi bienestar desde que me diagnosticaron celiaqu\u00eda y un sistema inmunol\u00f3gico deprimido. Ha contribuido notablemente en la mejora de mis digestiones, mi energ\u00eda y mi piel. La calidad de Forever me ha proporcionado la garant\u00eda y eficacia de los tratamientos que he necesitado en diferentes situaciones, tanto para m\u00ed, como para los pacientes a los que he ayudado a mejorar sus h\u00e1bitos de salud\u201d.<\/p>\n         <\/div>\n           <div class=\"quote-box-2\">\n               <p>Mar\u00eda Kindel\u00e1n, Natur\u00f3pata, Especializada en Nutrici\u00f3n Energ\u00e9tica, Madrid.<\/p>\n           <\/div>\n        \n\n<\/div>\n\n\n\n\n\n<!--\n<style>\n.testimonial-image {\n    float: left;\n    left: -16px;\n    position: relative;\n    top: -12px;\n    width: 18%;\n}\n .image-container img {\n    border-radius: 50%;\n    overflow: hidden;\n    position: relative;\n\tborder:10px solid #fff;\n}\n\n.quote-box-1 {\n    background: #dce5de;\n\tmargin-left:8%;\n    padding: 12px 12px 12px 14%;\n}\n\n.quote-box-2 {\n    background: #bfd0c2;\n    margin-left:8%;\n    padding: 12px 12px 12px 14%;\n}\n<\/style>\n-->\n\n\n\n<div class=\"alignfull\">\n\n<div class=\"background upperfooter\"><\/div>\n<div style=\"width:100%;background:#DEECE2;\">\n<div class=\"grid-container block-footer-waves\">\n\n<p>En Aloe Medical Group International encontrar\u00e1 suficientes m\u00e9dicos y terapeutas que conocen las aplicaciones de Aloe Vera y que pueden ayudarle. Dir\u00edjase a los miembros correspondientes.<\/p>\n\n\n\n<p>Entre nosotros puede encontrar:<br>M\u00e9dicos, dentistas, natur\u00f3patas, psic\u00f3logos, matronas, fisioterapeutas, asesores de alimentaci\u00f3n y salud, pedagogos.<br>&#8230; y muchas m\u00e1s profesiones de la salud que han descubierto la fuerza de Aloe Vera.<\/p>\n\n<\/div><div class=\"background footer\"><\/div>\n<\/div>\n\n<\/div>\n\n<style>\n.background.upperfooter {\n    background-image: url(\/upperfooterwave.png);\n    background-position: bottom;\n    background-repeat: no-repeat;\n    background-size: 100% 117px;\n    height: 117px;\n    max-height: 660px;\n    pointer-events: none;\n    width: 100%;\n}\n.background.footer {\n    background-color: #deece2;\n    background-image: url(\/footerwave.png);\n    background-position: bottom;\n    background-repeat: no-repeat;\n    background-size: 100% 117px;\n    height: 117px;\n    max-height: 660px;\n    pointer-events: none;\n    width: 100%;\n}\n\n<\/style>","protected":false},"excerpt":{"rendered":"<p>Informaci\u00f3n solo para miembros! Muchas de las aplicaciones para Aloe Vera fueron olvidadas durante mucho tiempo y hoy se est\u00e1n redescubriendo poco a poco. Por desgracia aun no hay conocimientos avalados por la medicina acad\u00e9mica&nbsp; sobre su&nbsp;amplia efectividad terap\u00e9utica, de modo que nos valemos de las numerosas experiencias de la medicina naturalista de otros pueblos. &#8230; <a title=\"Preservaci\u00f3n de la salud con Aloe\" class=\"read-more\" href=\"https:\/\/www.aloe-medical-group.com\/es\/aplicaciones\/salud\/\" aria-label=\"Leer m\u00e1s sobre Preservaci\u00f3n de la salud con Aloe\">Leer m\u00e1s<\/a><\/p>\n","protected":false},"author":2,"featured_media":545,"parent":484,"menu_order":0,"comment_status":"closed","ping_status":"closed","template":"","meta":{"_acf_changed":false,"_editorskit_title_hidden":false,"_editorskit_reading_time":4,"_editorskit_is_block_options_detached":false,"_editorskit_block_options_position":"{}","footnotes":""},"class_list":["post-530","page","type-page","status-publish","has-post-thumbnail"],"acf":[],"_links":{"self":[{"href":"https:\/\/www.aloe-medical-group.com\/es\/wp-json\/wp\/v2\/pages\/530","targetHints":{"allow":["GET"]}}],"collection":[{"href":"https:\/\/www.aloe-medical-group.com\/es\/wp-json\/wp\/v2\/pages"}],"about":[{"href":"https:\/\/www.aloe-medical-group.com\/es\/wp-json\/wp\/v2\/types\/page"}],"author":[{"embeddable":true,"href":"https:\/\/www.aloe-medical-group.com\/es\/wp-json\/wp\/v2\/users\/2"}],"replies":[{"embeddable":true,"href":"https:\/\/www.aloe-medical-group.com\/es\/wp-json\/wp\/v2\/comments?post=530"}],"version-history":[{"count":62,"href":"https:\/\/www.aloe-medical-group.com\/es\/wp-json\/wp\/v2\/pages\/530\/revisions"}],"predecessor-version":[{"id":1651,"href":"https:\/\/www.aloe-medical-group.com\/es\/wp-json\/wp\/v2\/pages\/530\/revisions\/1651"}],"up":[{"embeddable":true,"href":"https:\/\/www.aloe-medical-group.com\/es\/wp-json\/wp\/v2\/pages\/484"}],"wp:featuredmedia":[{"embeddable":true,"href":"https:\/\/www.aloe-medical-group.com\/es\/wp-json\/wp\/v2\/media\/545"}],"wp:attachment":[{"href":"https:\/\/www.aloe-medical-group.com\/es\/wp-json\/wp\/v2\/media?parent=530"}],"curies":[{"name":"wp","href":"https:\/\/api.w.org\/{rel}","templated":true}]}}