{"id":454,"date":"2021-06-23T14:55:26","date_gmt":"2021-06-23T14:55:26","guid":{"rendered":"https:\/\/www.aloe-medical-group.com\/es\/?page_id=454"},"modified":"2021-11-02T17:00:42","modified_gmt":"2021-11-02T17:00:42","slug":"preguntas-frecuentes","status":"publish","type":"page","link":"https:\/\/www.aloe-medical-group.com\/es\/aloe-vera\/preguntas-frecuentes\/","title":{"rendered":"\u00a1No dejamos preguntas sin responder!"},"content":{"rendered":"\n<div class=\"wp-block-image\"><figure class=\"aligncenter size-full\"><img loading=\"lazy\" decoding=\"async\" width=\"157\" height=\"12\" src=\"https:\/\/www.aloe-medical-group.com\/es\/wp-content\/uploads\/sites\/4\/2021\/06\/separator-content.png\" alt=\"\" class=\"wp-image-65\" srcset=\"https:\/\/www.aloe-medical-group.com\/es\/wp-content\/uploads\/sites\/4\/2021\/06\/separator-content.png 157w, https:\/\/www.aloe-medical-group.com\/es\/wp-content\/uploads\/sites\/4\/2021\/06\/separator-content-150x12.png 150w\" sizes=\"auto, (max-width: 157px) 100vw, 157px\" \/><\/figure><\/div>\n\n\n\n<p>Si tienen m\u00e1s preguntas sobre nuestra Red, sobre Forever o nuestros productos de Aloe Vera, no duden en preguntarme. Estoy a su disposici\u00f3n. Dra. Susanne Schwemmlein: &nbsp;<a href=\"javascript:linkTo_UnCryptMailto('jxfiql7pzetbjjibfkXxilb:jbafzxi:dolrm+zlj');\">schwemmlein@aloe-medical-group.com<\/a><\/p>\n\n\n\n<h3 class=\"wp-block-heading\">\u00bfQu\u00e9 exactamente significa \u00ab100% Aloe Vera\u00bb?<\/h3>\n\n\n\n<p>Algunos de los productos que se presentan con esta frase contienen una cantidad peque\u00f1a, aunque al 100% puro, de polvo o concentrado de Aloe Vera, que m\u00e1s adelante se diluye con agua. El contenido real de Aloe Vera en estos productos es finalmente del 1 hasta 4% una vez diluido. 100% significa en este caso simplemente que no hay jugos de fruta o verduras, que solo lleva Aloe Vera.<\/p>\n\n\n\n<p>En el pasado se ha podido comprobar que el proceso de secado y la consiguiente elaboraci\u00f3n en polvo o concentrado, destruye el potencial terap\u00e9utico de Aloe Vera. Por eso, los productos a base de polvo o concentrado de Aloe Vera carecen de importantes sustancias vitales del gel original. Por lo tanto, elija usted siempre productos que se elaboran a base de gel de Aloe Vera que haya sido estabilizado de forma natural y que conserva m\u00e1s del 89% de sus componentes activos.<\/p>\n\n\n\n<h3 class=\"wp-block-heading\">\u00bfHuele y sabe el jugo de Aloe Vera a Aloe?<\/h3>\n\n\n\n<p>Los productos de Aloe Vera estabilizados por procedimientos naturales nunca deber\u00edan saber demasiado buenos. El gel puro tiene un sabor \u00e1spero al que hay que acostumbrarse. Este saber no se puede reprimir totalmente, ni a\u00f1adiendo concentrado de frutas, pero por otra parte es una extraordinaria caracter\u00edstica que garantiza que el gel de Aloe Vera ha sido estabilizado con el proceso natural. Generalmente, acostumbrarse al particular sabor del gel de Aloe Vera es cosa de pocos d\u00edas.<\/p>\n\n\n\n<h3 class=\"wp-block-heading\">A menudo surge la pregunta por el valor de la c\u00e1scara de la hoja de Aloe.<\/h3>\n\n\n\n<p>La c\u00e1scara de la hoja de Aloe contiene antraquinonas. Son sustancias muy laxantes que incluso est\u00e1n bajo la sospecha de producir c\u00e1ncer de colon si se toma durante mucho tiempo. Los m\u00e9dicos no pueden recomendar un producto con la c\u00e1scara en ning\u00fan caso. Por eso, Forever Living utiliza la c\u00e1scara para abonar las plantaciones de Aloe. De esta manera vuelven a la planta. El procedimiento de extracci\u00f3n del gel se realiza mediante laser para aprovechar al m\u00e1ximo el valioso gel, pero que no entra ni rastro en nuestro gel. Es un procedimiento que se emplea desde hace 35 a\u00f1os. No necesitamos una segunda filtraci\u00f3n. A menudo se hace publicidad afirmando que el laxante alo\u00edna ha sido eliminado mediante filtros. Lamentablemente no se puede filtrar nada sin filtrar tambi\u00e9n otras sustancias que ya no est\u00e1n disponibles en la bebida.<\/p>\n\n\n\n<h3 class=\"wp-block-heading\">\u00bfQu\u00e9 proceso de estabilizaci\u00f3n se emplea para la elaboraci\u00f3n y conservaci\u00f3n?<\/h3>\n\n\n\n<p>La Aloe Vera fresca solo mantiene sus valiosos componentes naturales si el producto pasa por el proceso de estabilizaci\u00f3n entre 4 y 6 horas despu\u00e9s de la recolecci\u00f3n.<\/p>\n\n\n\n<h3 class=\"wp-block-heading\">\u00bfPor qu\u00e9 los productos cosmeticos de FLP contienen conservantes?<\/h3>\n\n\n\n<p>Es preciso conservar de alguna manera si queremos que el producto se va a mantener fresco. Forever Living ha optado por conservantes mas naturales posible para mantener el valor de Aloe Vera por la piel<\/p>\n\n\n\n<div class=\"wp-block-image\"><figure class=\"alignright size-large\"><img loading=\"lazy\" decoding=\"async\" width=\"150\" height=\"227\" src=\"https:\/\/www.aloe-medical-group.com\/es\/wp-content\/uploads\/sites\/4\/2021\/06\/aloe-business.png\" alt=\"\" class=\"wp-image-455\"\/><\/figure><\/div>\n\n\n\n<h3 class=\"wp-block-heading\">\u00bfCon qu\u00e9 rapidez hay que elaborar el gel para que no padezca la p\u00e9rdida usual de sus valiosas sustancias vegetales?<\/h3>\n\n\n\n<p>Despu\u00e9s de la recolecci\u00f3n hay que realizar la elaboraci\u00f3n en 3 a 4 horas. Esto solo es posible si la f\u00e1brica de elaboraci\u00f3n se encuentra cerca de la plantaci\u00f3n. Adem\u00e1s se precisa un m\u00e9todo de estabilizaci\u00f3n especialmente desarrollado. Las mediciones han confirmado que los ingredientes de la planta solo pierden un m\u00ednimo de su efectividad una vez convertidos en gel y embotellados, donde se conservan perfectamente.<\/p>\n\n\n\n<h3 class=\"wp-block-heading\">\u00bfLos deportistas de alto rendimiento consumen productos de Aloe? \u00bfQu\u00e9 productos y por qu\u00e9?<\/h3>\n\n\n\n<p>El organismo de los deportistas de alto rendimiento requiere un suministro \u00f3ptimo de sustancias b\u00e1sicas para rendir m\u00e1s y para su regeneraci\u00f3n. Los productos tienen que figurar en la \u201clista de Colonia\u201d para estar seguros de que est\u00e1n libres de sustancias dopantes. La arginina enriquecida, cuyo nombre es Argi+, el batido de prote\u00ednas Ultra Shake Mix y muchos otros productos cumplen con estos criterios.<\/p>\n\n\n\n<h3 class=\"wp-block-heading\">\u00bfDebo comunicar a mi m\u00e9dico si tomo productos de Aloe?<\/h3>\n\n\n\n<p>Forever distribuye productos para la belleza, control de peso, deporte as\u00ed como suplementos para fomentar un metabolismo saludable. Si su m\u00e9dico pregunta directamente, deber\u00eda comunic\u00e1rselo, naturalmente.<\/p>\n\n\n\n<h3 class=\"wp-block-heading\">\u00bfPuedo pedir productos de FLP a cualquier miembro de AMGI?<\/h3>\n\n\n\n<p><strong>Algunos<\/strong> miembros han decidido ser distribuidores.<\/p>\n\n\n\n<h3 class=\"wp-block-heading\">Asesoran los miembros de AMGI a sus clientes en cuanto a productos de Aloe Vera<\/h3>\n\n\n\n<p>Siempre y con mucho gusto.<\/p>\n","protected":false},"excerpt":{"rendered":"<p>Si tienen m\u00e1s preguntas sobre nuestra Red, sobre Forever o nuestros productos de Aloe Vera, no duden en preguntarme. Estoy a su disposici\u00f3n. Dra. Susanne Schwemmlein: &nbsp;schwemmlein@aloe-medical-group.com \u00bfQu\u00e9 exactamente significa \u00ab100% Aloe Vera\u00bb? Algunos de los productos que se presentan con esta frase contienen una cantidad peque\u00f1a, aunque al 100% puro, de polvo o concentrado &#8230; <a title=\"\u00a1No dejamos preguntas sin responder!\" class=\"read-more\" href=\"https:\/\/www.aloe-medical-group.com\/es\/aloe-vera\/preguntas-frecuentes\/\" aria-label=\"Leer m\u00e1s sobre \u00a1No dejamos preguntas sin responder!\">Leer m\u00e1s<\/a><\/p>\n","protected":false},"author":2,"featured_media":456,"parent":52,"menu_order":0,"comment_status":"closed","ping_status":"closed","template":"","meta":{"_acf_changed":false,"_editorskit_title_hidden":false,"_editorskit_reading_time":3,"_editorskit_is_block_options_detached":false,"_editorskit_block_options_position":"{}","footnotes":""},"class_list":["post-454","page","type-page","status-publish","has-post-thumbnail"],"acf":[],"_links":{"self":[{"href":"https:\/\/www.aloe-medical-group.com\/es\/wp-json\/wp\/v2\/pages\/454","targetHints":{"allow":["GET"]}}],"collection":[{"href":"https:\/\/www.aloe-medical-group.com\/es\/wp-json\/wp\/v2\/pages"}],"about":[{"href":"https:\/\/www.aloe-medical-group.com\/es\/wp-json\/wp\/v2\/types\/page"}],"author":[{"embeddable":true,"href":"https:\/\/www.aloe-medical-group.com\/es\/wp-json\/wp\/v2\/users\/2"}],"replies":[{"embeddable":true,"href":"https:\/\/www.aloe-medical-group.com\/es\/wp-json\/wp\/v2\/comments?post=454"}],"version-history":[{"count":24,"href":"https:\/\/www.aloe-medical-group.com\/es\/wp-json\/wp\/v2\/pages\/454\/revisions"}],"predecessor-version":[{"id":1593,"href":"https:\/\/www.aloe-medical-group.com\/es\/wp-json\/wp\/v2\/pages\/454\/revisions\/1593"}],"up":[{"embeddable":true,"href":"https:\/\/www.aloe-medical-group.com\/es\/wp-json\/wp\/v2\/pages\/52"}],"wp:featuredmedia":[{"embeddable":true,"href":"https:\/\/www.aloe-medical-group.com\/es\/wp-json\/wp\/v2\/media\/456"}],"wp:attachment":[{"href":"https:\/\/www.aloe-medical-group.com\/es\/wp-json\/wp\/v2\/media?parent=454"}],"curies":[{"name":"wp","href":"https:\/\/api.w.org\/{rel}","templated":true}]}}