{"id":364,"date":"2021-06-23T11:52:24","date_gmt":"2021-06-23T11:52:24","guid":{"rendered":"https:\/\/www.aloe-medical-group.com\/es\/?page_id=364"},"modified":"2025-02-21T11:54:11","modified_gmt":"2025-02-21T11:54:11","slug":"calidad-elaboracion","status":"publish","type":"page","link":"https:\/\/www.aloe-medical-group.com\/es\/aloe-vera\/calidad-elaboracion\/","title":{"rendered":"Calidad y elaboraci\u00f3n"},"content":{"rendered":"\n<div class=\"wp-block-image\"><figure class=\"aligncenter size-full\"><img loading=\"lazy\" decoding=\"async\" width=\"157\" height=\"12\" src=\"https:\/\/www.aloe-medical-group.com\/es\/wp-content\/uploads\/sites\/4\/2021\/06\/separator-content.png\" alt=\"\" class=\"wp-image-65\" srcset=\"https:\/\/www.aloe-medical-group.com\/es\/wp-content\/uploads\/sites\/4\/2021\/06\/separator-content.png 157w, https:\/\/www.aloe-medical-group.com\/es\/wp-content\/uploads\/sites\/4\/2021\/06\/separator-content-150x12.png 150w\" sizes=\"auto, (max-width: 157px) 100vw, 157px\" \/><\/figure><\/div>\n\n\n\n<h2 class=\"wp-block-heading\">La experiencia adquirida desde 1978 en m\u00e1s de 155 pa\u00edses crea confianza.<\/h2>\n\n\n<div class=\"wp-block-image caption-align-left\">\n<figure class=\"alignright size-large\"><img loading=\"lazy\" decoding=\"async\" width=\"220\" height=\"220\" src=\"https:\/\/www.aloe-medical-group.com\/es\/wp-content\/uploads\/sites\/4\/2021\/06\/rex.jpg\" alt=\"\" class=\"wp-image-387\" srcset=\"https:\/\/www.aloe-medical-group.com\/es\/wp-content\/uploads\/sites\/4\/2021\/06\/rex.jpg 220w, https:\/\/www.aloe-medical-group.com\/es\/wp-content\/uploads\/sites\/4\/2021\/06\/rex-150x150.jpg 150w\" sizes=\"auto, (max-width: 220px) 100vw, 220px\" \/><figcaption class=\"wp-element-caption\">Rex Maughan<\/figcaption><\/figure>\n<\/div>\n\n\n<p>Existen varios procedimientos patentados para extraer y preservar el gel de aloe vera. Aloe Medical Group International trabaja exclusivamente con los productos de la empresa <strong>Forever Living Products<\/strong> por los excelentes resultados obtenidos.<\/p>\n\n\n\n<p>Forever Living Products se fund\u00f3 en 1978 por <strong>Rex Maughan<\/strong> y es hoy el mayor productor y distribuidor de productos de Aloe Vera del mundo, representado en m\u00e1s de 155 pa\u00edses. El 90% de los cultivos del mundo pertenecen a Forever Living Products. El share en el mercado mundial en cuanto a fabricaci\u00f3n y distribuci\u00f3n es igualmente alto. Todos los dem\u00e1s productos, tanto cosm\u00e9ticos como complementarios de la alimentaci\u00f3n contienen como base el preciado gel de Aloe Vera.&nbsp;<\/p>\n\n\n\n<p><a href=\"https:\/\/www.aloe-medical-group.com\/es\/aloe-vera\/calidad-elaboracion\/interview-rex-maughan\/\" class=\"ek-link\">M\u00e1s informaci\u00f3n sobre Rex Maughan extra\u00eddo de una entrevista de la revista estadounidense Success<\/a><\/p>\n\n\n<div class=\"wp-block-image caption-align-left\">\n<figure class=\"alignright size-full is-resized\"><img loading=\"lazy\" decoding=\"async\" width=\"600\" height=\"601\" src=\"https:\/\/www.aloe-medical-group.com\/es\/wp-content\/uploads\/sites\/4\/2025\/02\/AidanOHare_600.jpg\" alt=\"Aidan O'Hare\" class=\"wp-image-2016\" style=\"width:220px\" srcset=\"https:\/\/www.aloe-medical-group.com\/es\/wp-content\/uploads\/sites\/4\/2025\/02\/AidanOHare_600.jpg 600w, https:\/\/www.aloe-medical-group.com\/es\/wp-content\/uploads\/sites\/4\/2025\/02\/AidanOHare_600-300x300.jpg 300w, https:\/\/www.aloe-medical-group.com\/es\/wp-content\/uploads\/sites\/4\/2025\/02\/AidanOHare_600-200x200.jpg 200w\" sizes=\"auto, (max-width: 600px) 100vw, 600px\" \/><figcaption class=\"wp-element-caption\">Aidan O&#8217;Hare<\/figcaption><\/figure>\n<\/div>\n\n\n<p>En enero de 2023, Aidan O&#8217;Hare fue nombrado nuevo Presidente del gigante del aloe vera Forever Living Products, con sede en Phoenix (Arizona). El hijo del fundador de la empresa, Gregg Maughan, es consejero delegado de la compa\u00f1\u00eda.<\/p>\n\n\n\n<div class=\"wp-block-image\"><figure class=\"aligncenter size-full\"><img loading=\"lazy\" decoding=\"async\" width=\"157\" height=\"12\" src=\"https:\/\/www.aloe-medical-group.com\/es\/wp-content\/uploads\/sites\/4\/2021\/06\/separator-content.png\" alt=\"\" class=\"wp-image-65\" srcset=\"https:\/\/www.aloe-medical-group.com\/es\/wp-content\/uploads\/sites\/4\/2021\/06\/separator-content.png 157w, https:\/\/www.aloe-medical-group.com\/es\/wp-content\/uploads\/sites\/4\/2021\/06\/separator-content-150x12.png 150w\" sizes=\"auto, (max-width: 157px) 100vw, 157px\" \/><\/figure><\/div>\n\n\n\n<h2 class=\"wp-block-heading\">Una Cuidadosa Recolecci\u00f3n<\/h2>\n\n\n<div class=\"wp-block-image\">\n<figure class=\"alignleft size-large\"><img loading=\"lazy\" decoding=\"async\" width=\"220\" height=\"220\" src=\"https:\/\/www.aloe-medical-group.com\/es\/wp-content\/uploads\/sites\/4\/2021\/06\/aloe-ernte.png\" alt=\"\" class=\"wp-image-380\" srcset=\"https:\/\/www.aloe-medical-group.com\/es\/wp-content\/uploads\/sites\/4\/2021\/06\/aloe-ernte.png 220w, https:\/\/www.aloe-medical-group.com\/es\/wp-content\/uploads\/sites\/4\/2021\/06\/aloe-ernte-150x150.png 150w\" sizes=\"auto, (max-width: 220px) 100vw, 220px\" \/><\/figure>\n<\/div>\n\n\n<p>En Forever Living Products las hojas de Aloe Vera se recolectan a mano. No se recoge toda la planta, tan solo las hojas exteriores, que se separan de la planta mediante un corte limpio. Aproximadamente cada dos meses se pueden separar de tres a cuatro hojas de cada planta. Cada hoja tiene un peso aproximado de medio kilo. Hay que dejar un m\u00ednimo de doce hojas en la cepa para que la planta puede ser explotada entre ocho y diez a\u00f1os.<\/p>\n\n\n<div class=\"wp-block-image\">\n<figure class=\"alignright size-large\"><img loading=\"lazy\" decoding=\"async\" width=\"220\" height=\"220\" src=\"https:\/\/www.aloe-medical-group.com\/es\/wp-content\/uploads\/sites\/4\/2021\/06\/aloe-verarbeitung2.png\" alt=\"\" class=\"wp-image-379\" srcset=\"https:\/\/www.aloe-medical-group.com\/es\/wp-content\/uploads\/sites\/4\/2021\/06\/aloe-verarbeitung2.png 220w, https:\/\/www.aloe-medical-group.com\/es\/wp-content\/uploads\/sites\/4\/2021\/06\/aloe-verarbeitung2-150x150.png 150w\" sizes=\"auto, (max-width: 220px) 100vw, 220px\" \/><\/figure>\n<\/div>\n\n\n<p>Una diferencia decisiva en la producci\u00f3n de gel o jugo de Aloe Vera consiste en elaborar la hoja entera o \u00fanicamente el interior, o sea, el gel. Es importante porque la hoja consta de tres capas: a) la corteza, b) una capa con un jugo amarillo y amargo y c) la m\u00e9dula de la hoja. La segunda capa, es decir, el jugo amarillo, contiene las sustancias alo\u00edna y emodina que tienen un efecto muy laxante, por lo que se conoce en el mundo farmac\u00e9utico. Pero como esta propiedad no se desea generalmente, es importante que las hojas de Aloe Vera sean mondadas y que solo se elabore la m\u00e9dula.<\/p>\n\n\n\n<h2 class=\"gb-headline gb-headline-c1077e1c gb-headline-text\">Cultivo ecol\u00f3gico de la planta Aloe Vera<\/h2>\n\n\n\n<p>Las plantas de Aloe Vera se cultivan seg\u00fan principios ecol\u00f3gicos. En las plantaciones en la Rep\u00fablica Dominicana y en Texas se emplean cabras y ovejas silvestres para minimizar de forma natural la mala hierba. Adem\u00e1s los animales producen con sus heces valiosos nutrientes que necesita la planta de Aloe para su crecimiento.<\/p>\n\n\n<div class=\"wp-block-image\">\n<figure class=\"alignright size-large is-resized\"><img loading=\"lazy\" decoding=\"async\" width=\"220\" height=\"220\" src=\"https:\/\/www.aloe-medical-group.com\/es\/wp-content\/uploads\/sites\/4\/2021\/06\/aloe-produktion-handarbeit.png\" alt=\"\" class=\"wp-image-378\" style=\"width:220px;height:220px\" srcset=\"https:\/\/www.aloe-medical-group.com\/es\/wp-content\/uploads\/sites\/4\/2021\/06\/aloe-produktion-handarbeit.png 220w, https:\/\/www.aloe-medical-group.com\/es\/wp-content\/uploads\/sites\/4\/2021\/06\/aloe-produktion-handarbeit-150x150.png 150w\" sizes=\"auto, (max-width: 220px) 100vw, 220px\" \/><\/figure>\n<\/div>\n\n<div class=\"wp-block-image\">\n<figure class=\"alignright size-large is-resized\"><img loading=\"lazy\" decoding=\"async\" width=\"200\" height=\"200\" src=\"https:\/\/www.aloe-medical-group.com\/es\/wp-content\/uploads\/sites\/4\/2021\/06\/aloe-verarbeitung.png\" alt=\"\" class=\"wp-image-80\" style=\"width:220px;height:220px\" srcset=\"https:\/\/www.aloe-medical-group.com\/es\/wp-content\/uploads\/sites\/4\/2021\/06\/aloe-verarbeitung.png 200w, https:\/\/www.aloe-medical-group.com\/es\/wp-content\/uploads\/sites\/4\/2021\/06\/aloe-verarbeitung-150x150.png 150w\" sizes=\"auto, (max-width: 200px) 100vw, 200px\" \/><\/figure>\n<\/div>\n\n\n<h2 class=\"wp-block-heading\">Una elaboraci\u00f3n especial<\/h2>\n\n\n\n<p>Una vez recogidas, las hojas se lavan mec\u00e1nicamente con un procedimiento patentado y se las hace una incisi\u00f3n para retirar la c\u00e1scara externa. Este proceso se realiza hoy con tanta asepsia que no se han comprobado trazos ni de levaduras ni de bacterias. Lo que queda es un gel transparente, portador de las sustancias benefactoras de Aloe Vera. En la misma plantaci\u00f3n se recoge este gel en unos tanques para estabilizarlo.<\/p>\n\n\n\n<p>Es muy importante iniciar la elaboraci\u00f3n inmediatamente despu\u00e9s de la cosecha para que la p\u00e9rdida de sustancias sea la m\u00ednima. Se ha demostrado que la actividad de las sustancias disminuye r\u00e1pidamente despu\u00e9s de 6 horas porque se oxidan al contactar con ox\u00edgeno.\u00a0<\/p>\n\n\n\n<div style=\"height:60px\" aria-hidden=\"true\" class=\"wp-block-spacer\"><\/div>\n\n\n\n<div class=\"wp-block-image\"><figure class=\"aligncenter size-full\"><img loading=\"lazy\" decoding=\"async\" width=\"157\" height=\"12\" src=\"https:\/\/www.aloe-medical-group.com\/es\/wp-content\/uploads\/sites\/4\/2021\/06\/separator-content.png\" alt=\"\" class=\"wp-image-65\" srcset=\"https:\/\/www.aloe-medical-group.com\/es\/wp-content\/uploads\/sites\/4\/2021\/06\/separator-content.png 157w, https:\/\/www.aloe-medical-group.com\/es\/wp-content\/uploads\/sites\/4\/2021\/06\/separator-content-150x12.png 150w\" sizes=\"auto, (max-width: 157px) 100vw, 157px\" \/><\/figure><\/div>\n\n\n<div class=\"wp-block-image\">\n<figure class=\"alignright size-full is-resized\"><img loading=\"lazy\" decoding=\"async\" width=\"600\" height=\"600\" src=\"https:\/\/www.aloe-medical-group.com\/es\/wp-content\/uploads\/sites\/4\/2025\/02\/2024PET.jpg\" alt=\"\" class=\"wp-image-2014\" style=\"width:220px\" srcset=\"https:\/\/www.aloe-medical-group.com\/es\/wp-content\/uploads\/sites\/4\/2025\/02\/2024PET.jpg 600w, https:\/\/www.aloe-medical-group.com\/es\/wp-content\/uploads\/sites\/4\/2025\/02\/2024PET-300x300.jpg 300w, https:\/\/www.aloe-medical-group.com\/es\/wp-content\/uploads\/sites\/4\/2025\/02\/2024PET-200x200.jpg 200w\" sizes=\"auto, (max-width: 600px) 100vw, 600px\" \/><\/figure>\n<\/div>\n\n<div class=\"wp-block-image\">\n<figure class=\"alignright size-large\"><img loading=\"lazy\" decoding=\"async\" width=\"220\" height=\"220\" src=\"https:\/\/www.aloe-medical-group.com\/es\/wp-content\/uploads\/sites\/4\/2021\/06\/Aloe_Sterile_Abfuellanlage.jpg\" alt=\"\" class=\"wp-image-376\" srcset=\"https:\/\/www.aloe-medical-group.com\/es\/wp-content\/uploads\/sites\/4\/2021\/06\/Aloe_Sterile_Abfuellanlage.jpg 220w, https:\/\/www.aloe-medical-group.com\/es\/wp-content\/uploads\/sites\/4\/2021\/06\/Aloe_Sterile_Abfuellanlage-150x150.jpg 150w\" sizes=\"auto, (max-width: 220px) 100vw, 220px\" \/><\/figure>\n<\/div>\n\n\n<h2 class=\"wp-block-heading\">Una Estabilizaci\u00f3n Patentada<\/h2>\n\n\n\n<p>El gel de Aloe Vera debe estabilizarse para mantenerlo fresco, tal y como sali\u00f3 de la m\u00e9dula de la hoja. En este proceso de estabilizaci\u00f3n no se debe emplear ni mucho calor ni productos qu\u00edmicos agresivos, ya que destruir\u00edan los componentes originales de Aloe Vera. Ni la pasterizaci\u00f3n, ni la irradiaci\u00f3n, ni la evaporaci\u00f3n o secado resultaron satisfactorios. Pero ya existen procedimientos patentados que nos permiten el uso de productos que se acercan mucho a la planta fresca en cuanto a su contenido.&nbsp;<\/p>\n\n\n\n<div class=\"mag-blockquote\">\n\t\n    <div class=\"testimonial-image\">\n            <div class=\"image-container\">\n                    <img decoding=\"async\" src=\"https:\/\/www.aloe-medical-group.com\/es\/wp-content\/uploads\/sites\/4\/2021\/06\/bill_coats.jpg\">\n                \n            <\/div>\n        <\/div>\n        <div class=\"quote-box-1\">\n           \n                <p>Forever Living Products trabaja con el procedimiento de estabilizaci\u00f3n de <b>Bill C. Coats<\/b>. Este farmac\u00e9utico de Texas consigui\u00f3 al final de los a\u00f1os 50 del siglo veinte una t\u00e9cnica de conservaci\u00f3n hasta ahora optima<\/p>\n         <\/div>\n           <div class=\"quote-box-2\">\n               <p>El an\u00e1lisis espectral ha demostrado que con este procedimiento singular la efectividad biog\u00e9nica de gel se conserva casi al 100% en comparaci\u00f3n con el gel de la hoja fresca.<\/p>\n           <\/div>\n        \n\n<\/div>\n\n\n\n\n\n<!--\n<style>\n.testimonial-image {\n    float: left;\n    left: -16px;\n    position: relative;\n    top: -12px;\n    width: 18%;\n}\n .image-container img {\n    border-radius: 50%;\n    overflow: hidden;\n    position: relative;\n\tborder:10px solid #fff;\n}\n\n.quote-box-1 {\n    background: #dce5de;\n\tmargin-left:8%;\n    padding: 12px 12px 12px 14%;\n}\n\n.quote-box-2 {\n    background: #bfd0c2;\n    margin-left:8%;\n    padding: 12px 12px 12px 14%;\n}\n<\/style>\n-->\n\n<div class=\"wp-block-image\">\n<figure class=\"alignright size-large\"><img loading=\"lazy\" decoding=\"async\" width=\"220\" height=\"220\" src=\"https:\/\/www.aloe-medical-group.com\/es\/wp-content\/uploads\/sites\/4\/2021\/06\/aloeofamerica.jpg\" alt=\"\" class=\"wp-image-374\" srcset=\"https:\/\/www.aloe-medical-group.com\/es\/wp-content\/uploads\/sites\/4\/2021\/06\/aloeofamerica.jpg 220w, https:\/\/www.aloe-medical-group.com\/es\/wp-content\/uploads\/sites\/4\/2021\/06\/aloeofamerica-150x150.jpg 150w\" sizes=\"auto, (max-width: 220px) 100vw, 220px\" \/><\/figure>\n<\/div>\n\n\n<p>Desde 2018 Forever Living trabaja con una t\u00e9cnica de conservaci\u00f3n nueva sin conservantes: Al gel fresco se a\u00f1aden&nbsp; vitamina C como antioxidante y se somete a unas temperaturas determinadas que no influyen negativamente en la calidad del gel. Por ello se conservan de forma id\u00f3nea las 300 sustancias naturales propias del gel. Este procedimiento es patentado y la base para la marca <strong>Aloe Vera of America<\/strong>. Al d\u00eda de hoy Aloe Vera of America es el mayor productor de aloe vera del mundo y pertenece al grupo empresarial Forever Living.&nbsp;<\/p>\n\n\n\n<h2 class=\"wp-block-heading\">IASC &#8211; Los Sellos de Calidad para un cultivo y elaboraci\u00f3n controlados<\/h2>\n\n\n\n<p>&nbsp;No deje de preguntar cuando vaya a comprar productos de Aloe Vera.<\/p>\n\n\n\n<ul class=\"wp-block-list\">\n<li>\u00a0\u00bfCu\u00e1nto cuesta el gel?<\/li>\n\n\n\n<li>\u00bfA qu\u00e9 sabe?<\/li>\n\n\n\n<li>\u00a0\u00bfD\u00f3nde crecen las plantas?<\/li>\n\n\n\n<li>\u00a0\u00bfC\u00f3mo se hace la estabilizaci\u00f3n?<\/li>\n\n\n\n<li>\u00a0\u00bfQu\u00e9 partes de la hoja se han utilizado?<\/li>\n\n\n\n<li>\u00bfCu\u00e1nto dura el transporte?<\/li>\n<\/ul>\n\n\n\n<p>Para poder acabar con las ovejas negras en las propias filas, en 1981 se cre\u00f3 en Estados Unidos el National Aloe Science Council, m\u00e1s tarde International Aloe Science Council &#8211; IASC -, que es la uni\u00f3n de agricultores y elaboradores, fabricantes de productos terminados, empresas de marketing, m\u00e9dicos, cient\u00edficos e investigadores.<\/p>\n\n\n\n<p>La funci\u00f3n del IASC es vigilar la fabricaci\u00f3n de productos de Aloe Vera y desarrollar normas de calidad para materias primas valiosas y productos terminados. Los miembros del Consejo se someten a un c\u00f3digo de honor de limpias pr\u00e1cticas comerciales.<\/p>\n\n\n\n<p>Cuando usted compre un producto de Aloe Vera, debe fijarse en el sello de <strong>certificaci\u00f3n IASC<\/strong> &#8211; tiene que estar impreso en la caja, no simplemente pegado.&nbsp;<\/p>\n\n\n\n<figure class=\"wp-block-gallery alignright has-nested-images columns-default wp-block-gallery-1 is-layout-flex wp-block-gallery-is-layout-flex\">\n<figure class=\"wp-block-image size-large\"><img loading=\"lazy\" decoding=\"async\" width=\"140\" height=\"140\" data-id=\"373\" src=\"https:\/\/www.aloe-medical-group.com\/es\/wp-content\/uploads\/sites\/4\/2021\/06\/csm_aloecertified.png\" alt=\"\" class=\"wp-image-373\"\/><\/figure>\n\n\n\n<figure class=\"wp-block-image size-large\"><img loading=\"lazy\" decoding=\"async\" width=\"140\" height=\"140\" data-id=\"372\" src=\"https:\/\/www.aloe-medical-group.com\/es\/wp-content\/uploads\/sites\/4\/2021\/06\/csm_crueltyfree.png\" alt=\"\" class=\"wp-image-372\"\/><\/figure>\n\n\n\n<figure class=\"wp-block-image size-large\"><img loading=\"lazy\" decoding=\"async\" width=\"140\" height=\"140\" data-id=\"371\" src=\"https:\/\/www.aloe-medical-group.com\/es\/wp-content\/uploads\/sites\/4\/2021\/06\/csm_dermatest.png\" alt=\"\" class=\"wp-image-371\"\/><\/figure>\n\n\n\n<figure class=\"wp-block-image size-large\"><img loading=\"lazy\" decoding=\"async\" width=\"140\" height=\"140\" data-id=\"370\" src=\"https:\/\/www.aloe-medical-group.com\/es\/wp-content\/uploads\/sites\/4\/2021\/06\/csm_halal.png\" alt=\"\" class=\"wp-image-370\"\/><\/figure>\n\n\n\n<figure class=\"wp-block-image size-large\"><img loading=\"lazy\" decoding=\"async\" width=\"140\" height=\"140\" data-id=\"369\" src=\"https:\/\/www.aloe-medical-group.com\/es\/wp-content\/uploads\/sites\/4\/2021\/06\/csm_islamicsocietycalifornia.png\" alt=\"\" class=\"wp-image-369\"\/><\/figure>\n\n\n\n<figure class=\"wp-block-image size-large\"><img loading=\"lazy\" decoding=\"async\" width=\"140\" height=\"140\" data-id=\"368\" src=\"https:\/\/www.aloe-medical-group.com\/es\/wp-content\/uploads\/sites\/4\/2021\/06\/csm_koelnerliste.png\" alt=\"\" class=\"wp-image-368\"\/><\/figure>\n\n\n<div class=\"wp-block-image\">\n<figure class=\"alignleft size-large\"><img loading=\"lazy\" decoding=\"async\" width=\"140\" height=\"140\" data-id=\"367\" src=\"https:\/\/www.aloe-medical-group.com\/es\/wp-content\/uploads\/sites\/4\/2021\/06\/csm_kosher.png\" alt=\"\" class=\"wp-image-367\"\/><\/figure>\n<\/div><figcaption class=\"blocks-gallery-caption wp-element-caption\"> <\/figcaption><\/figure>\n\n\n\n<p>Achten Sie also beim Kauf von Aloe vera Produkten unbedingt auf das <strong>Zertifizierungssiegel des IASC<\/strong> &#8211; es mu\u00df auf der Verpackung aufgedruckt sein, nicht nur aufgeklebt!&nbsp;<\/p>\n\n\n\n<p>Debido a la alta pureza del proceso de producci\u00f3n y la cuidadosa armonizaci\u00f3n de los ingredientes en los productos, la compa\u00f1\u00eda FLP se halla en situaci\u00f3n de ofrecer tambi\u00e9n los sellos y certificados de otras organizaciones, por lo que disfruta de una gran confianza en todo el mundo.<\/p>\n\n\n\n<p>Muchos productos de la compa\u00f1\u00eda Forever Living Products llevan adem\u00e1s del sello <strong>IASC<\/strong>, el s\u00edmbolo <strong>kosher<\/strong> y el s\u00edmbolo de <strong>calidad isl\u00e1mico<\/strong>, lo que indica que la pureza de los productos es ampliamente reconocida. Adem\u00e1s, los productos <strong>no han sido testados en animales<\/strong> &#8211; <strong>no tested on animals<\/strong>.<\/p>\n\n\n\n<p>Todos los productos de Aloe Vera son sometidos a un exhaustivo control de calidad realizado por un equipo de microbi\u00f3logos, para que usted y sus clientes puedan confiar plenamente en los beneficios de los mismos.<\/p>\n\n\n<div class=\"alignfull\">\n\n<div class=\"background upperfooter\"><\/div>\n<div style=\"width:100%;background:#DEECE2;\">\n<div class=\"grid-container block-footer-waves\">\n<div class=\"wp-block-image\">\n<figure class=\"alignleft size-large\"><img loading=\"lazy\" decoding=\"async\" width=\"120\" height=\"121\" src=\"https:\/\/www.aloe-medical-group.com\/es\/wp-content\/uploads\/sites\/4\/2021\/06\/fragezeichen.png\" alt=\"\" class=\"wp-image-87\"\/><\/figure>\n<\/div>\n\n\n<p>Preguntas m\u00e1s importantes sobre la planta Aloe Vera y los productos de FLP.<br>Pinchar aqu\u00ed.<\/p>\n\n<\/div><div class=\"background footer\"><\/div>\n<\/div>\n\n<\/div>\n\n<style>\n.background.upperfooter {\n    background-image: url(\/upperfooterwave.png);\n    background-position: bottom;\n    background-repeat: no-repeat;\n    background-size: 100% 117px;\n    height: 117px;\n    max-height: 660px;\n    pointer-events: none;\n    width: 100%;\n}\n.background.footer {\n    background-color: #deece2;\n    background-image: url(\/footerwave.png);\n    background-position: bottom;\n    background-repeat: no-repeat;\n    background-size: 100% 117px;\n    height: 117px;\n    max-height: 660px;\n    pointer-events: none;\n    width: 100%;\n}\n\n<\/style>","protected":false},"excerpt":{"rendered":"<p>La experiencia adquirida desde 1978 en m\u00e1s de 155 pa\u00edses crea confianza. Existen varios procedimientos patentados para extraer y preservar el gel de aloe vera. Aloe Medical Group International trabaja exclusivamente con los productos de la empresa Forever Living Products por los excelentes resultados obtenidos. Forever Living Products se fund\u00f3 en 1978 por Rex Maughan &#8230; <a title=\"Calidad y elaboraci\u00f3n\" class=\"read-more\" href=\"https:\/\/www.aloe-medical-group.com\/es\/aloe-vera\/calidad-elaboracion\/\" aria-label=\"Leer m\u00e1s sobre Calidad y elaboraci\u00f3n\">Leer m\u00e1s<\/a><\/p>\n","protected":false},"author":2,"featured_media":381,"parent":52,"menu_order":0,"comment_status":"closed","ping_status":"closed","template":"","meta":{"_acf_changed":false,"_editorskit_title_hidden":false,"_editorskit_reading_time":5,"_editorskit_is_block_options_detached":false,"_editorskit_block_options_position":"{}","footnotes":""},"class_list":["post-364","page","type-page","status-publish","has-post-thumbnail"],"acf":[],"_links":{"self":[{"href":"https:\/\/www.aloe-medical-group.com\/es\/wp-json\/wp\/v2\/pages\/364","targetHints":{"allow":["GET"]}}],"collection":[{"href":"https:\/\/www.aloe-medical-group.com\/es\/wp-json\/wp\/v2\/pages"}],"about":[{"href":"https:\/\/www.aloe-medical-group.com\/es\/wp-json\/wp\/v2\/types\/page"}],"author":[{"embeddable":true,"href":"https:\/\/www.aloe-medical-group.com\/es\/wp-json\/wp\/v2\/users\/2"}],"replies":[{"embeddable":true,"href":"https:\/\/www.aloe-medical-group.com\/es\/wp-json\/wp\/v2\/comments?post=364"}],"version-history":[{"count":81,"href":"https:\/\/www.aloe-medical-group.com\/es\/wp-json\/wp\/v2\/pages\/364\/revisions"}],"predecessor-version":[{"id":2027,"href":"https:\/\/www.aloe-medical-group.com\/es\/wp-json\/wp\/v2\/pages\/364\/revisions\/2027"}],"up":[{"embeddable":true,"href":"https:\/\/www.aloe-medical-group.com\/es\/wp-json\/wp\/v2\/pages\/52"}],"wp:featuredmedia":[{"embeddable":true,"href":"https:\/\/www.aloe-medical-group.com\/es\/wp-json\/wp\/v2\/media\/381"}],"wp:attachment":[{"href":"https:\/\/www.aloe-medical-group.com\/es\/wp-json\/wp\/v2\/media?parent=364"}],"curies":[{"name":"wp","href":"https:\/\/api.w.org\/{rel}","templated":true}]}}