{"id":315,"date":"2021-06-22T16:41:38","date_gmt":"2021-06-22T16:41:38","guid":{"rendered":"https:\/\/www.aloe-medical-group.com\/es\/?page_id=315"},"modified":"2021-11-02T17:05:03","modified_gmt":"2021-11-02T17:05:03","slug":"ingredientes","status":"publish","type":"page","link":"https:\/\/www.aloe-medical-group.com\/es\/aloe-vera\/ingredientes\/","title":{"rendered":"Ingredientes"},"content":{"rendered":"\n<div class=\"wp-block-image\"><figure class=\"aligncenter size-full\"><img loading=\"lazy\" decoding=\"async\" width=\"157\" height=\"12\" src=\"https:\/\/www.aloe-medical-group.com\/es\/wp-content\/uploads\/sites\/4\/2021\/06\/separator-content.png\" alt=\"\" class=\"wp-image-65\" srcset=\"https:\/\/www.aloe-medical-group.com\/es\/wp-content\/uploads\/sites\/4\/2021\/06\/separator-content.png 157w, https:\/\/www.aloe-medical-group.com\/es\/wp-content\/uploads\/sites\/4\/2021\/06\/separator-content-150x12.png 150w\" sizes=\"auto, (max-width: 157px) 100vw, 157px\" \/><\/figure><\/div>\n\n\n\n<h2 class=\"wp-block-heading\">El efecto sin\u00e9rgico<\/h2>\n\n\n\n<p>Hasta el momento se han hallado por lo menos 160 ingredientes importantes en las hojas de Aloe Vera. Algunos expertos hablan incluso de 300 a 400 ingredientes vitales. Los cient\u00edficos est\u00e1n de acuerdo en que hasta ahora ninguna sustancia individual es responsable de los efectos curativos de Aloe Vera, sino que se trata de un efecto sin\u00e9rgico&nbsp;de todos los ingredientes. Precisamente eso es lo singular de Aloe Vera: une todos estos valiosos ingredientes en perfecta armon\u00eda y, por lo tanto, permite el suministro de sustancias vitales para nuestro cuerpo, mucho m\u00e1s all\u00e1 de cualquier agente individual.<\/p>\n\n\n\n<h2 class=\"wp-block-heading\">Mono- y polisac\u00e1ridos<\/h2>\n\n\n\n<div class=\"wp-block-image caption-align-left\"><figure class=\"alignright size-large\"><img loading=\"lazy\" decoding=\"async\" width=\"440\" height=\"387\" src=\"https:\/\/www.aloe-medical-group.com\/es\/wp-content\/uploads\/sites\/4\/2021\/06\/aloe-inhaltsstoffe-polysaccharide.png\" alt=\"\" class=\"wp-image-337\" srcset=\"https:\/\/www.aloe-medical-group.com\/es\/wp-content\/uploads\/sites\/4\/2021\/06\/aloe-inhaltsstoffe-polysaccharide.png 440w, https:\/\/www.aloe-medical-group.com\/es\/wp-content\/uploads\/sites\/4\/2021\/06\/aloe-inhaltsstoffe-polysaccharide-300x264.png 300w\" sizes=\"auto, (max-width: 440px) 100vw, 440px\" \/><\/figure><\/div>\n\n\n\n<p>Los mono y polisac\u00e1ridos tienen&nbsp;efectos antiinflamatorios, antibacterianos, antivirales, antif\u00fangicos y estimulan&nbsp;el sistema inmunol\u00f3gico. Potencian la digesti\u00f3n y son capaces de aislar una variedad de sustancias nocivas como el colesterol y el \u00e1cido biliar. Lo m\u00e1s importante aqu\u00ed son los az\u00facares de cadena larga (especialmente el polimanane) que penetran en la pared intestinal sin dividirse y pueden ejecutar su efecto regulador del sistema inmunol\u00f3gico en la sangre.&nbsp;&nbsp;O se alojan&nbsp;en la pared intestinal y evitan la penetraci\u00f3n de sustancias no deseadas en el flujo sangu\u00edneo.&nbsp;&nbsp;La sustancia m\u00e1s importante de Aloe Vera es &nbsp;el acemanano, que los adultos no pueden generar. Fortalece el sistema inmunol\u00f3gico, es antiinflamatorio y aumenta la capacidad de absorci\u00f3n de todas las sustancias vitales en el sistema digestivo.&nbsp;&nbsp;<\/p>\n\n\n\n<p><strong>Por ejemplo, en el jugo de Aloe Vera se han encontrado las siguientes sustancias de este grupo: <a href=\"https:\/\/www.aloe-medical-group.com\/es\/aloe-vera\/ingredientes\/acemanano\/\" class=\"ek-link\">acemanan<\/a>, aldopentosas, arabinosa, celulosa, galactosa, galactur\u00f3nico, \u00e1cido gl(y),\u00a0glucosa, \u00e1cido hexur\u00f3nico, manosa, \u00e1cido manuronico. pentosanos, ramnosa, \u00e1cido ur\u00f3nico, cilosa.\u00a0<\/strong><\/p>\n\n\n\n<h2 class=\"wp-block-heading\">Los amino\u00e1cidos<\/h2>\n\n\n\n<p>Hay&nbsp;20 tipos diferentes de amino\u00e1cidos que el cuerpo necesita para su propia s\u00edntesis. Pero el cuerpo no es capaz de producir algunos de ellos. Son los llamados&nbsp;amino\u00e1cidos esenciales. Si nuestra alimentaci\u00f3n carece de estos elementos vitales, se pueden presentar graves s\u00edntomas de deficiencias.&nbsp;&nbsp;<\/p>\n\n\n\n<p>Aloe Vera contiene como m\u00ednimo siete de los amino\u00e1cidos esenciales. A ello hay que a\u00f1adir muchos de los valiosos&nbsp;amino\u00e1cidos no esenciales, que fortalecen el cuerpo positivamente.&nbsp;<\/p>\n\n\n\n<h2 class=\"wp-block-heading\">Las enzimas<\/h2>\n\n\n\n<p>son catalizadores celulares que posibilitan los procesos qu\u00edmicos, los aceleran o frenan. Las enzimas que se encuentran en Aloe Vera Gel ayudan a la digesti\u00f3n y la absorci\u00f3n de az\u00facares, prote\u00ednas y grasas que ingerimos con los alimentos. Los expertos est\u00e1n de acuerdo al afirmar que algunas de las enzimas que se hallan en Aloe Vera Gel pueden destruir en el organismo humano algunos&nbsp;radicales libres, es decir toxinas medioambientales. En el gel de Aloe Vera se han encontrado, entre otras,&nbsp;las siguientes enzimas: fotofatasa, amilasa, Bradykinasa, carboxipeptidasa, catalasa, celulasa, lipasa y peroxidasa.&nbsp;<\/p>\n\n\n\n<div class=\"mag-blockquote\">\n\t\n    <div class=\"testimonial-image\">\n            <div class=\"image-container\">\n                    <img decoding=\"async\" src=\"https:\/\/www.aloe-medical-group.com\/es\/wp-content\/uploads\/sites\/4\/2021\/06\/susanne.jpg\">\n                \n            <\/div>\n        <\/div>\n        <div class=\"quote-box-1\">\n           \n                <p>Las propiedades adapt\u00f3genas de Aloe Vera as\u00ed como los cuidadosamente seleccionados complementos alimenticios de la empresa Forever, son una gran ayuda en el sector sanitario, tanto en la prevenci\u00f3n como en apoyo a la autocuraci\u00f3n. Adapt\u00f3genos son aquellas sustancias vegetales que protegen contra el estr\u00e9s y las influencias y efectos negativos. Para que una planta curativa pueda llevar la denominaci\u00f3n adapt\u00f3geno, es requisito que no sea t\u00f3xica incluso tom\u00e1ndola durante un tiempo prolongado.<\/p>\n<p>Adaptogen sind pflanzliche Wirkstoffe, die vor Stress und belastenden Einfl\u00fcssen sch\u00fctzen oder deren negativen Auswirkungen mildern. Eine Voraussetzung f\u00fcr die zul\u00e4ssige Bezeichnung adaptogene Heilpflanze ist, dass sie auch bei l\u00e4ngerer Einnahme und in hoher Dosis ungiftig ist.<\/p>\n         <\/div>\n           <div class=\"quote-box-2\">\n               <p>Dra. Susanne Schwemmlein. Consultorio para un estilo de vida saludable. M\u00fanich, Alemania.<\/p>\n           <\/div>\n        \n\n<\/div>\n\n\n\n\n\n<!--\n<style>\n.testimonial-image {\n    float: left;\n    left: -16px;\n    position: relative;\n    top: -12px;\n    width: 18%;\n}\n .image-container img {\n    border-radius: 50%;\n    overflow: hidden;\n    position: relative;\n\tborder:10px solid #fff;\n}\n\n.quote-box-1 {\n    background: #dce5de;\n\tmargin-left:8%;\n    padding: 12px 12px 12px 14%;\n}\n\n.quote-box-2 {\n    background: #bfd0c2;\n    margin-left:8%;\n    padding: 12px 12px 12px 14%;\n}\n<\/style>\n-->\n\n\n<h2 class=\"wp-block-heading\">Los minerales y oligoelementos<\/h2>\n\n\n\n<p>son esenciales para un buen estado de salud. Son imprescindibles para la funci\u00f3n de vitaminas y enzimas e influyen rec\u00edprocamente en&nbsp;sus funciones. Una proporci\u00f3n desequilibrada de los diferentes oligoelementos tiene mucha importancia en el desarrollo del c\u00e1ncer y el infarto de miocardio. Los siguientes minerales y oligoelementos contenidos en Aloe Vera son destacables por su influencia positiva:&nbsp;&nbsp;<\/p>\n\n\n\n<ul class=\"wp-block-list\"><li>El hierro es importante para la generaci\u00f3n de la&nbsp;sangre y para&nbsp;el sistema inmunol\u00f3gico, as\u00ed como para mejorar el estado general.<\/li><li>El calcio es necesario para los huesos y los dientes, pero tambi\u00e9n juega un papel importante en la coagulaci\u00f3n sangu\u00ednea y en el juego de&nbsp;m\u00fasculos y&nbsp;&nbsp;nervios.&nbsp;<\/li><li>El magnesio es importante para el funcionamiento de muchas enzimas, amortigua la sobreexcitaci\u00f3n de los m\u00fasculos y&nbsp;nervios, protege contra las enfermedades del coraz\u00f3n y los vasos sangu\u00edneos. Precisamente las personas que se hallan bajo mucha tensi\u00f3n necesitan este mineral&nbsp;\u00abantiestr\u00e9s\u00bb.<\/li><li>El manganeso ayuda en la desintoxicaci\u00f3n del cuerpo y es preciso para la generaci\u00f3n de la sangre, as\u00ed como para huesos, cart\u00edlagos, tendones y tejido conjuntivo.&nbsp;<\/li><li>El selenio ayuda a las c\u00e9lulas en la destrucci\u00f3n de los radicales libres causados por el estr\u00e9s, la contaminaci\u00f3n, el tabaquismo, etc. Tambi\u00e9n es importante para nuestro sistema inmunol\u00f3gico. La falta de selenio acelera el envejecimiento del tejido.&nbsp;&nbsp;<\/li><li>El cinc protege contra los radicales libres y fortalece el sistema inmunol\u00f3gico. Asimismo potencia la cicatrizaci\u00f3n de las heridas e inhibe inflamaciones.&nbsp;.&nbsp;<\/li><li>Otros importantes minerales y oligoelementos que se hallan en Aloe Vera son: cromo, potasio, cobre, sodio.&nbsp;<\/li><\/ul>\n\n\n\n<figure class=\"wp-block-image size-large\"><img loading=\"lazy\" decoding=\"async\" width=\"982\" height=\"373\" src=\"https:\/\/www.aloe-medical-group.com\/es\/wp-content\/uploads\/sites\/4\/2021\/06\/aloe-aufgeschnitten.png\" alt=\"\" class=\"wp-image-330\" srcset=\"https:\/\/www.aloe-medical-group.com\/es\/wp-content\/uploads\/sites\/4\/2021\/06\/aloe-aufgeschnitten.png 982w, https:\/\/www.aloe-medical-group.com\/es\/wp-content\/uploads\/sites\/4\/2021\/06\/aloe-aufgeschnitten-300x114.png 300w, https:\/\/www.aloe-medical-group.com\/es\/wp-content\/uploads\/sites\/4\/2021\/06\/aloe-aufgeschnitten-768x292.png 768w\" sizes=\"auto, (max-width: 982px) 100vw, 982px\" \/><\/figure>\n\n\n\n<h2 class=\"wp-block-heading\">Las Vitaminas<\/h2>\n\n\n\n<p>La porci\u00f3n de vitaminas en Aloe Vera es escasa, si se compara con muchas frutas y verduras. Sin embargo, el efecto sin\u00e9rgico con otros elementos es muy necesario. La planta contiene las siguientes vitaminas:<\/p>\n\n\n\n<ul class=\"wp-block-list\"><li>Vitamina B 1; importante para la energ\u00eda del organismo. Una carencia leve lleva a irritabilidad y debilidad corporal.&nbsp;<\/li><li>Vitamina B 2; se necesita para los procesos de desintoxicaci\u00f3n, porque controla los procesos de oxidaci\u00f3n. Tambi\u00e9n es importante para la formaci\u00f3n de la hemoglobina.&nbsp;<\/li><li>Vitamina B 6; es imprescindible como co-enzima en el metabolismo de amino\u00e1cidos y es necesaria para la s\u00edntesis de la hemoglobina.&nbsp;&nbsp;<\/li><li>Vitamina B 12; es importante para la s\u00edntesis de \u00e1cidos nucleicos. La&nbsp;carencia lleva a una disminuci\u00f3n de la partici\u00f3n de las&nbsp;c\u00e9lulas en la m\u00e9dula \u00f3sea (anemia perniciosa). Puesto que esta vitamina solo se encuentra en productos animales, la alimentaci\u00f3n vegetariana debe complementarse con Aloe Vera Gel.&nbsp;&nbsp;<\/li><li>Vitamina C; fortalece el sistema inmunol\u00f3gico, se necesita para la formaci\u00f3n de huesos, dientes, sangre y hormonas, protege las c\u00e9lulas del envejecimiento prematuro y frena el efecto de toxinas.&nbsp;&nbsp;<\/li><li>Vitamina E; neutraliza los radicales libres y protege as\u00ed las c\u00e9lulas de un envejecimiento prematuro. Apoya el proceso de curaci\u00f3n, ayuda en enfermedades reum\u00e1ticas y fortalece el coraz\u00f3n y la circulaci\u00f3n.&nbsp;&nbsp;<\/li><li>Provitamina A;&nbsp;se convierte en vitamina A una vez en el cuerpo. Ayuda a la vista, se necesita para&nbsp;la generaci\u00f3n de hemat\u00edes y hormonas sexuales, as\u00ed como para la regeneraci\u00f3n de la piel y de las&nbsp;mucosas.&nbsp;<\/li><\/ul>\n\n\n\n<h2 class=\"wp-block-heading\">Las Sustancias Vegetales Secundarias<\/h2>\n\n\n\n<p>aparecen en las plantas en peque\u00f1as cantidades, determinan el sabor, el olor y el color. Farmacol\u00f3gicamente suelen ser muy efectivas. Aloe Vera contiene, entre otros:<\/p>\n\n\n\n<ul class=\"wp-block-list\"><li>aceites arom\u00e1ticos que pueden tener efectos antiinflamatorios y antibacterianos.&nbsp;<\/li><li>Ligninas, que en forma de fibra estimulan la digesti\u00f3n y pueden penetrar profundamente en la piel, donde pueden funcionar como portadores de otras sustancias importantes, se unen a ellos y los transportan hasta las capas m\u00e1s profundas de la piel.&nbsp;<\/li><li>El \u00e1cido salic\u00edlico, el ingrediente activo de la aspirina, act\u00faa como analg\u00e9sico, reduce la fiebre y es antiinflamatorio.&nbsp;<\/li><li>Los esteroles tienen efectos anti-inflamatorios y reducen el contenido de colesterol en la sangre.&nbsp;<\/li><li>Las saponinas tienen un efecto limpiador y antis\u00e9ptico, y suponen el 3% de Aloe Vera Gel.&nbsp;&nbsp;Estas sustancias son importantes para el efecto germicida de Aloe Vera Gel en caso de bacterias, virus, hongos y levaduras.<\/li><li>Los antraglic\u00f3sidos se hallan principalmente en la piel de la hoja y tienen un efecto laxante. En altas concentraciones estas sustancias son t\u00f3xicas. Pero nuestro gel solo lleva trazos de esta sustancia, por lo que tienen un efecto antibacteriano, fungicida y antiv\u00edrico.&nbsp;<\/li><li>Los taninos tienen efectos antiinflamatorios y antimicrobianos.&nbsp;<\/li><\/ul>\n\n\n<div class=\"alignfull\">\n\n<div class=\"background upperfooter\"><\/div>\n<div style=\"width:100%;background:#DEECE2;\">\n<div class=\"grid-container block-footer-waves\">\n\n<h2 class=\"wp-block-heading\">Nota importante<\/h2>\n\n\n\n<p>Los productos de Aloe Vera que contienen antraglicocidos&nbsp;procedentes de&nbsp;la corteza de la hoja en concentraciones elevadas, requieren receta m\u00e9dica y deber\u00edan emplearse \u00fanicamente bajo supervisi\u00f3n m\u00e9dica. Los productos de Aloe Vera del grupo Forever Living&nbsp;s\u00f3lo se elaboran&nbsp;con el gel del interior de la hoja. La corteza se retira antes de su&nbsp;elaboraci\u00f3n. Por lo tanto, estos productos pueden usarse sin problemas.<\/p>\n\n\n\n<p>Copyright<br>#66030704 | \u00a9 logos2012 &#8211; Fotolia.com<br>#115972011 | \u00a9 khumthong &#8211; Fotolia.com<\/p>\n\n<\/div><div class=\"background footer\"><\/div>\n<\/div>\n\n<\/div>\n\n<style>\n.background.upperfooter {\n    background-image: url(\/upperfooterwave.png);\n    background-position: bottom;\n    background-repeat: no-repeat;\n    background-size: 100% 117px;\n    height: 117px;\n    max-height: 660px;\n    pointer-events: none;\n    width: 100%;\n}\n.background.footer {\n    background-color: #deece2;\n    background-image: url(\/footerwave.png);\n    background-position: bottom;\n    background-repeat: no-repeat;\n    background-size: 100% 117px;\n    height: 117px;\n    max-height: 660px;\n    pointer-events: none;\n    width: 100%;\n}\n\n<\/style>","protected":false},"excerpt":{"rendered":"<p>El efecto sin\u00e9rgico Hasta el momento se han hallado por lo menos 160 ingredientes importantes en las hojas de Aloe Vera. Algunos expertos hablan incluso de 300 a 400 ingredientes vitales. Los cient\u00edficos est\u00e1n de acuerdo en que hasta ahora ninguna sustancia individual es responsable de los efectos curativos de Aloe Vera, sino que se &#8230; <a title=\"Ingredientes\" class=\"read-more\" href=\"https:\/\/www.aloe-medical-group.com\/es\/aloe-vera\/ingredientes\/\" aria-label=\"Leer m\u00e1s sobre Ingredientes\">Leer m\u00e1s<\/a><\/p>\n","protected":false},"author":2,"featured_media":329,"parent":52,"menu_order":0,"comment_status":"closed","ping_status":"closed","template":"","meta":{"_acf_changed":false,"_editorskit_title_hidden":false,"_editorskit_reading_time":5,"_editorskit_is_block_options_detached":false,"_editorskit_block_options_position":"{}","footnotes":""},"class_list":["post-315","page","type-page","status-publish","has-post-thumbnail"],"acf":[],"_links":{"self":[{"href":"https:\/\/www.aloe-medical-group.com\/es\/wp-json\/wp\/v2\/pages\/315","targetHints":{"allow":["GET"]}}],"collection":[{"href":"https:\/\/www.aloe-medical-group.com\/es\/wp-json\/wp\/v2\/pages"}],"about":[{"href":"https:\/\/www.aloe-medical-group.com\/es\/wp-json\/wp\/v2\/types\/page"}],"author":[{"embeddable":true,"href":"https:\/\/www.aloe-medical-group.com\/es\/wp-json\/wp\/v2\/users\/2"}],"replies":[{"embeddable":true,"href":"https:\/\/www.aloe-medical-group.com\/es\/wp-json\/wp\/v2\/comments?post=315"}],"version-history":[{"count":30,"href":"https:\/\/www.aloe-medical-group.com\/es\/wp-json\/wp\/v2\/pages\/315\/revisions"}],"predecessor-version":[{"id":1599,"href":"https:\/\/www.aloe-medical-group.com\/es\/wp-json\/wp\/v2\/pages\/315\/revisions\/1599"}],"up":[{"embeddable":true,"href":"https:\/\/www.aloe-medical-group.com\/es\/wp-json\/wp\/v2\/pages\/52"}],"wp:featuredmedia":[{"embeddable":true,"href":"https:\/\/www.aloe-medical-group.com\/es\/wp-json\/wp\/v2\/media\/329"}],"wp:attachment":[{"href":"https:\/\/www.aloe-medical-group.com\/es\/wp-json\/wp\/v2\/media?parent=315"}],"curies":[{"name":"wp","href":"https:\/\/api.w.org\/{rel}","templated":true}]}}