{"id":285,"date":"2021-06-18T12:01:29","date_gmt":"2021-06-18T12:01:29","guid":{"rendered":"https:\/\/www.aloe-medical-group.com\/es\/?page_id=285"},"modified":"2021-11-02T16:46:24","modified_gmt":"2021-11-02T16:46:24","slug":"botanica","status":"publish","type":"page","link":"https:\/\/www.aloe-medical-group.com\/es\/aloe-vera\/botanica\/","title":{"rendered":"La bot\u00e1nica de Aloe vera"},"content":{"rendered":"\n<div class=\"wp-block-image caption-align-left\"><figure class=\"aligncenter size-large\"><img loading=\"lazy\" decoding=\"async\" width=\"157\" height=\"12\" src=\"https:\/\/www.aloe-medical-group.com\/es\/wp-content\/uploads\/sites\/4\/2021\/06\/separator-content.png\" alt=\"\" class=\"wp-image-65\" srcset=\"https:\/\/www.aloe-medical-group.com\/es\/wp-content\/uploads\/sites\/4\/2021\/06\/separator-content.png 157w, https:\/\/www.aloe-medical-group.com\/es\/wp-content\/uploads\/sites\/4\/2021\/06\/separator-content-150x12.png 150w\" sizes=\"auto, (max-width: 157px) 100vw, 157px\" \/><\/figure><\/div>\n\n\n\n<h2 class=\"wp-block-heading\">Descripci\u00f3n bot\u00e1nica<\/h2>\n\n\n\n<div class=\"wp-block-image\"><figure class=\"alignright size-large\"><img loading=\"lazy\" decoding=\"async\" width=\"220\" height=\"220\" src=\"https:\/\/www.aloe-medical-group.com\/es\/wp-content\/uploads\/sites\/4\/2021\/06\/aloe-pflanze-botanik.png\" alt=\"\" class=\"wp-image-293\" srcset=\"https:\/\/www.aloe-medical-group.com\/es\/wp-content\/uploads\/sites\/4\/2021\/06\/aloe-pflanze-botanik.png 220w, https:\/\/www.aloe-medical-group.com\/es\/wp-content\/uploads\/sites\/4\/2021\/06\/aloe-pflanze-botanik-150x150.png 150w\" sizes=\"auto, (max-width: 220px) 100vw, 220px\" \/><\/figure><\/div>\n\n\n\n<p>La suculenta Aloe Vera, similar al cactus, pertenece a la especie de los lirios.\u00a0La planta o bien\u00a0no tiene tallo o un tallo de hasta 25 cm de longitud\u00a0y aproximadamente 20 hojas, formando todo ello\u00a0una roseta espesa y vertical. Las hojas llegan a alcanzar una longitud entre 40 y 50 cm con una base entre 6 y 7 cm.\u00a0Las hojas son bastante gruesas, carnosas, retienen\u00a0el agua, tienen forma c\u00f3ncava por arriba, su\u00a0color es\u00a0verde gris\u00e1ceo, a menudo con tonos rojizos, y las plantas j\u00f3venes suelen tener manchas.\u00a0\u00a0Por la parte de abajo las hojas tienen forma convexa y muestran en el borde de la hoja un color ros\u00e1ceo, con espinas de 2 mm, de color p\u00e1lido, distanciadas entre si entre 10 y 20 mm. Una hoja puede llegar a pesar 1,5 hasta\u00a0kg. La suculencia de las hojas es una adaptaci\u00f3n a zonas extremadamente secas. Las ra\u00edces son relativamente cortas y se extienden en forma plana por la tierra.<\/p>\n\n\n\n<div class=\"wp-block-image\"><figure class=\"alignright size-large\"><img loading=\"lazy\" decoding=\"async\" width=\"220\" height=\"221\" src=\"https:\/\/www.aloe-medical-group.com\/es\/wp-content\/uploads\/sites\/4\/2021\/06\/aloe-bluete-botanik.png\" alt=\"\" class=\"wp-image-292\" srcset=\"https:\/\/www.aloe-medical-group.com\/es\/wp-content\/uploads\/sites\/4\/2021\/06\/aloe-bluete-botanik.png 220w, https:\/\/www.aloe-medical-group.com\/es\/wp-content\/uploads\/sites\/4\/2021\/06\/aloe-bluete-botanik-150x150.png 150w\" sizes=\"auto, (max-width: 220px) 100vw, 220px\" \/><\/figure><\/div>\n\n\n\n<p>La inflorescencia es simple o con una o dos ramas, que llega a una altura de 60 a 90 cm. El racimo de flores es espeso y tiene forma cil\u00edndrica que se estrechan hacia arriba. Cada racimo puede alcanzar hasta 40 cm. Las br\u00e1cteas son de color blanco, cada la flor mide aprox. 3 cm y es de color amarillo intenso hasta rojo. Los frutos son c\u00e1psulas dehiscentes. Aloe produce m\u00faltiples brotes con los que se multiplica vegetativamente.<\/p>\n\n\n\n<p>Todas las variantes de Aloe &#8211; aprox. 200 &#8211; son protegidas en virtud del Acuerdo para la Protecci\u00f3n de las Especies de Washington, del 03.03.1973, en sus ubicaciones naturales. Se except\u00faan las semillas, los cultivos celulares y similares, as\u00ed como \u00abhojas sueltas y parte y productos de las mismas, que proceden de zonas fuera de su zona natural de expansi\u00f3n o que hayan sido multiplicados artificialmente.\u00bb<\/p>\n\n\n\n<h2 class=\"wp-block-heading\">Distribuci\u00f3n<\/h2>\n\n\n\n<div class=\"wp-block-image\"><figure class=\"alignright size-large\"><img loading=\"lazy\" decoding=\"async\" width=\"220\" height=\"220\" src=\"https:\/\/www.aloe-medical-group.com\/es\/wp-content\/uploads\/sites\/4\/2021\/06\/botanik-verbreitung.jpg\" alt=\"\" class=\"wp-image-291\" srcset=\"https:\/\/www.aloe-medical-group.com\/es\/wp-content\/uploads\/sites\/4\/2021\/06\/botanik-verbreitung.jpg 220w, https:\/\/www.aloe-medical-group.com\/es\/wp-content\/uploads\/sites\/4\/2021\/06\/botanik-verbreitung-150x150.jpg 150w\" sizes=\"auto, (max-width: 220px) 100vw, 220px\" \/><\/figure><\/div>\n\n\n\n<p>Se desconoce el lugar de origen del Aloe, como posibilidad aparece la regi\u00f3n de Ciudad del Cabo en Sud\u00e1frica, el Sud\u00e1n o la Pen\u00ednsula Ar\u00e1biga. Hoy podemos encontrar la planta cultivada o asilvestrada en el norte de \u00c1frica, desde Marruecos hasta Egipto, en Oriente Medio, en Asia &#8211; aqu\u00ed especialmente en la India &#8211; en todo el sur del Mediterr\u00e1neo, en Madeira, Cabo Verde y las Islas Canarias. Se introdujo en Am\u00e9rica Central y del Sur, especialmente en las Antillas, Puerto Rico, Jamaica, M\u00e9xico y en la pre cordillera andina, donde tambi\u00e9n se puede encontrar en estado silvestre.<\/p>\n\n\n\n<h2 class=\"wp-block-heading\">Cultivo y zonas de cultivo<\/h2>\n\n\n\n<div class=\"wp-block-image\"><figure class=\"alignright size-large\"><img loading=\"lazy\" decoding=\"async\" width=\"220\" height=\"220\" src=\"https:\/\/www.aloe-medical-group.com\/es\/wp-content\/uploads\/sites\/4\/2021\/06\/aloe-ernte-blatt.png\" alt=\"\" class=\"wp-image-290\" srcset=\"https:\/\/www.aloe-medical-group.com\/es\/wp-content\/uploads\/sites\/4\/2021\/06\/aloe-ernte-blatt.png 220w, https:\/\/www.aloe-medical-group.com\/es\/wp-content\/uploads\/sites\/4\/2021\/06\/aloe-ernte-blatt-150x150.png 150w\" sizes=\"auto, (max-width: 220px) 100vw, 220px\" \/><\/figure><\/div>\n\n\n\n<p>La planta de Aloe crece de forma silvestre en zonas tropicales y subtropicales. Donde mejor se desarrolla es en suelo arenoso, seco, arcilloso y calc\u00e1reo, y se puede cultivar con bastante facilidad.<\/p>\n\n\n\n<p>Las zonas de cultivo son las Antillas Holandesas, zonas costeras de Venezuela, as\u00ed como las zonas subtropicales&nbsp;&nbsp;de Estados Unidos y M\u00e9xico. All\u00ed se cultiva en grandes plantaciones. El proveedor principal de Aloe Vera es Estados Unidos. Tan solo en M\u00e9xico hab\u00eda 525 hect\u00e1reas de cultivo para Aloe Vera en el a\u00f1o 2001. Esto equivale&nbsp;&nbsp;a un valor de mercado de 30 millones de d\u00f3lares.&nbsp;<\/p>\n\n\n\n<p>Aloe Vera precisa un m\u00ednimo de 320 d\u00edas de sol al a\u00f1o, se alimenta en un 98% del aire y no soporta los abonos. Necesita al menos&nbsp;tres a cuatro a\u00f1os para madurar y poder cosecharla.&nbsp;<\/p>\n\n\n<div class=\"alignfull\">\n\n<div class=\"background upperfooter\"><\/div>\n<div style=\"width:100%;background:#DEECE2;\">\n<div class=\"grid-container block-footer-waves\">\n\n<div class=\"wp-block-image\"><figure class=\"alignleft size-large\"><img loading=\"lazy\" decoding=\"async\" width=\"120\" height=\"168\" src=\"https:\/\/www.aloe-medical-group.com\/es\/wp-content\/uploads\/sites\/4\/2021\/06\/aloe-vera-the-medicine-plant_atherton.jpg\" alt=\"\" class=\"wp-image-289\"\/><\/figure><\/div>\n\n\n\n<h2 class=\"gb-headline gb-headline-5c7006e2 gb-headline-text\">Lectura recomendada<\/h2>\n\n\n\n<p><strong>Aloe vera &#8211; The Medicine Plant<\/strong><br>Dr. Peter Atherton<\/p>\n\n<\/div><div class=\"background footer\"><\/div>\n<\/div>\n\n<\/div>\n\n<style>\n.background.upperfooter {\n    background-image: url(\/upperfooterwave.png);\n    background-position: bottom;\n    background-repeat: no-repeat;\n    background-size: 100% 117px;\n    height: 117px;\n    max-height: 660px;\n    pointer-events: none;\n    width: 100%;\n}\n.background.footer {\n    background-color: #deece2;\n    background-image: url(\/footerwave.png);\n    background-position: bottom;\n    background-repeat: no-repeat;\n    background-size: 100% 117px;\n    height: 117px;\n    max-height: 660px;\n    pointer-events: none;\n    width: 100%;\n}\n\n<\/style>","protected":false},"excerpt":{"rendered":"<p>Descripci\u00f3n bot\u00e1nica La suculenta Aloe Vera, similar al cactus, pertenece a la especie de los lirios.\u00a0La planta o bien\u00a0no tiene tallo o un tallo de hasta 25 cm de longitud\u00a0y aproximadamente 20 hojas, formando todo ello\u00a0una roseta espesa y vertical. Las hojas llegan a alcanzar una longitud entre 40 y 50 cm con una base &#8230; <a title=\"La bot\u00e1nica de Aloe vera\" class=\"read-more\" href=\"https:\/\/www.aloe-medical-group.com\/es\/aloe-vera\/botanica\/\" aria-label=\"Leer m\u00e1s sobre La bot\u00e1nica de Aloe vera\">Leer m\u00e1s<\/a><\/p>\n","protected":false},"author":2,"featured_media":300,"parent":52,"menu_order":0,"comment_status":"closed","ping_status":"closed","template":"","meta":{"_acf_changed":false,"_editorskit_title_hidden":false,"_editorskit_reading_time":3,"_editorskit_is_block_options_detached":false,"_editorskit_block_options_position":"{}","footnotes":""},"class_list":["post-285","page","type-page","status-publish","has-post-thumbnail"],"acf":[],"_links":{"self":[{"href":"https:\/\/www.aloe-medical-group.com\/es\/wp-json\/wp\/v2\/pages\/285","targetHints":{"allow":["GET"]}}],"collection":[{"href":"https:\/\/www.aloe-medical-group.com\/es\/wp-json\/wp\/v2\/pages"}],"about":[{"href":"https:\/\/www.aloe-medical-group.com\/es\/wp-json\/wp\/v2\/types\/page"}],"author":[{"embeddable":true,"href":"https:\/\/www.aloe-medical-group.com\/es\/wp-json\/wp\/v2\/users\/2"}],"replies":[{"embeddable":true,"href":"https:\/\/www.aloe-medical-group.com\/es\/wp-json\/wp\/v2\/comments?post=285"}],"version-history":[{"count":16,"href":"https:\/\/www.aloe-medical-group.com\/es\/wp-json\/wp\/v2\/pages\/285\/revisions"}],"predecessor-version":[{"id":1558,"href":"https:\/\/www.aloe-medical-group.com\/es\/wp-json\/wp\/v2\/pages\/285\/revisions\/1558"}],"up":[{"embeddable":true,"href":"https:\/\/www.aloe-medical-group.com\/es\/wp-json\/wp\/v2\/pages\/52"}],"wp:featuredmedia":[{"embeddable":true,"href":"https:\/\/www.aloe-medical-group.com\/es\/wp-json\/wp\/v2\/media\/300"}],"wp:attachment":[{"href":"https:\/\/www.aloe-medical-group.com\/es\/wp-json\/wp\/v2\/media?parent=285"}],"curies":[{"name":"wp","href":"https:\/\/api.w.org\/{rel}","templated":true}]}}