{"id":1932,"date":"2021-12-27T12:35:33","date_gmt":"2021-12-27T12:35:33","guid":{"rendered":"https:\/\/www.aloe-medical-group.com\/es\/?page_id=1932"},"modified":"2024-04-08T11:07:37","modified_gmt":"2024-04-08T11:07:37","slug":"staufer","status":"publish","type":"page","link":"https:\/\/www.aloe-medical-group.com\/es\/staufer\/","title":{"rendered":"AMGI: Petra Staufer"},"content":{"rendered":"<div class=\"gb-grid-wrapper gb-grid-wrapper-c64f9d7d\">\n<div class=\"gb-grid-column gb-grid-column-5eaa6393\"><div class=\"gb-container gb-container-5eaa6393\"><div class=\"gb-inside-container\">\n<div class=\"wp-block-image\">\n<figure class=\"alignleft size-full\"><img loading=\"lazy\" decoding=\"async\" width=\"183\" height=\"276\" src=\"https:\/\/www.aloe-medical-group.com\/es\/wp-content\/uploads\/sites\/4\/2021\/12\/staufer.jpg\" alt=\"\" class=\"wp-image-1938\"\/><\/figure>\n<\/div>\n<\/div><\/div><\/div>\n\n<div class=\"gb-grid-column gb-grid-column-168ce196\"><div class=\"gb-container gb-container-168ce196\"><div class=\"gb-inside-container\">\n\n<h1 class=\"wp-block-heading has-text-align-left\">Petra Staufer<\/h1>\n\n\n\n<p><strong>Nutrici\u00f3n, Masajes Terapeuticos, Est\u00e9tica<\/strong><\/p>\n\n\n\n<p>Tel: +34 62 9716840<br>Fax: +34 918909367<br><a href=\"mailto:staufer@aloe-medical-group.com\" class=\"ek-link\">staufer@aloe-medical-group.com<\/a><\/p>\n\n<\/div><\/div><\/div>\n\n<div class=\"gb-grid-column gb-grid-column-08385160\"><div class=\"gb-container gb-container-08385160\"><div class=\"gb-inside-container\">\n<div class=\"gb-button-wrapper gb-button-wrapper-bbfa787b\">\n\n<a class=\"gb-button gb-button-3ddc5c21\" href=\"http:\/\/www.foreverliving.es\/ref\/490000361557\" target=\"_blank\" rel=\"noopener noreferrer\"><span class=\"gb-icon\"><svg viewBox=\"0 0 576 512\" xmlns=\"http:\/\/www.w3.org\/2000\/svg\"><path d=\"M253.3 35.1c6.1-11.8 1.5-26.3-10.2-32.4s-26.3-1.5-32.4 10.2L117.6 192H32c-17.7 0-32 14.3-32 32s14.3 32 32 32L83.9 463.5C91 492 116.6 512 146 512H430c29.4 0 55-20 62.1-48.5L544 256c17.7 0 32-14.3 32-32s-14.3-32-32-32H458.4L365.3 12.9C359.2 1.2 344.7-3.4 332.9 2.7s-16.3 20.6-10.2 32.4L404.3 192H171.7L253.3 35.1zM192 304v96c0 8.8-7.2 16-16 16s-16-7.2-16-16V304c0-8.8 7.2-16 16-16s16 7.2 16 16zm96-16c8.8 0 16 7.2 16 16v96c0 8.8-7.2 16-16 16s-16-7.2-16-16V304c0-8.8 7.2-16 16-16zm128 16v96c0 8.8-7.2 16-16 16s-16-7.2-16-16V304c0-8.8 7.2-16 16-16s16 7.2 16 16z\"><\/path><\/svg><\/span><span class=\"gb-button-text\">TIENDA ONLINE<\/span><\/a>\n\n<\/div>\n<\/div><\/div><\/div>\n<\/div>\n\n\n<p>Estoy encantada de recibirles en mi \u201cGabinete de Bienestar\u201d un oasis para cuidarse por dentro y por fuera.<\/p>\n\n\n\n<p>Me complace ofrecerle tratamientos espec\u00edficos que he experimentado como profesional de la salud durante los \u00faltimos 15a\u00f1os, que ayudan a recuperar y equilibrar la Energ\u00eda Vital de su cuerpo y mejorar<br>su rendimiento psicol\u00f3gico y estabilidad emocional, as\u00ed como su camino de evoluci\u00f3n interior.<\/p>\n\n\n\n<h3 class=\"wp-block-heading\">MI VIDA PROFESIONAL GIRA ENTORNO A DOS PASIONES.<\/h3>\n\n\n\n<p><strong>La primera es una planta: Aloe Vera Barbadensis Miller.<\/strong><\/p>\n\n\n\n<p>Esta pasi\u00f3n comenz\u00f3 en el a\u00f1o 2005 en Alemania, gracias a una vivencia personal maravillosa y, poco m\u00e1s tarde, me traslad\u00e9 a Espa\u00f1a para desarrollarme profesionalmente y compartir mis conocimientos con otras personas. Todo ello llev\u00f3 a mi nombramiento como representante para Espa\u00f1a de Aloe Medical Group International (AMGI). Esta red de profesionales de la salud brinda a todos sus miembros la oportunidad de intercambiar experiencias con colegas y de tener acceso a valiosos conocimientos m\u00e9dicos.<\/p>\n\n\n\n<p>Gracias al alto nivel de profesionalidad de AMGI, he podido formar un gran equipo con quienes comparto mi pasi\u00f3n por la milagrosa Aloe Vera y mucha amistad.<\/p>\n\n\n<div class=\"wp-block-image\">\n<figure class=\"alignleft size-full\"><img loading=\"lazy\" decoding=\"async\" width=\"280\" height=\"180\" src=\"https:\/\/www.aloe-medical-group.com\/es\/wp-content\/uploads\/sites\/4\/2021\/12\/4.jpg\" alt=\"\" class=\"wp-image-1935\"\/><\/figure>\n<\/div>\n\n\n<p><strong>Mi otra pasi\u00f3n es poder ayudar todos los d\u00edas a mujeres a tener un trabajo interesante y digno, que les permite mejorar su econom\u00eda familiar de forma muy sencilla, desde su propia casa.<\/strong><\/p>\n\n\n\n<p>Los productos que utilizo a base de Aloe Vera son \u00fanicos por su procesamiento y porque aportan todos los elementos importantes necesarios para mantener intacta nuestra salud, nuestro sistema inmune y un intestino en estado impecable.<\/p>\n\n\n<div class=\"wp-block-image\">\n<figure class=\"alignright size-full\"><img loading=\"lazy\" decoding=\"async\" width=\"183\" height=\"275\" src=\"https:\/\/www.aloe-medical-group.com\/es\/wp-content\/uploads\/sites\/4\/2021\/12\/2.jpg\" alt=\"\" class=\"wp-image-1933\"\/><\/figure>\n<\/div>\n\n\n<p><strong>Para m\u00e1s informaci\u00f3n sobre los productos para salud y belleza a base de Aloe Vera, hacer clic aqu\u00ed:<\/strong> <a aria-label=\" (opens in a new tab)\" href=\"https:\/\/www.foreverliving.com\/retail\/entry\/Shop.do?store=ESP&amp;language=es&amp;distribID=490000361557&amp;task=viewProductDetail&amp;itemCode=475\" target=\"_blank\" rel=\"noreferrer noopener\" class=\"ek-link\">www.foreverliving.com<\/a><\/p>\n\n\n\n<p><strong>En mi gabinete asesoro y apoyo a clientas y ni\u00f1os que acuden con problemas de salud intestinal, menopausia y de la piel. Mi gran deseo es lograr que la mujer sea bella por dentro y por fuera. Me complace ofrecerte una combinac\u00edon de cuidado preventivo de salud y belleza.<\/strong><\/p>\n\n\n\n<p><br>A continuaci\u00f3n pod\u00e9is encontrar algunos de los tratamientos que ofrezco:<\/p>\n\n\n\n<h2 class=\"wp-block-heading\">Masaje TUI NA<\/h2>\n\n\n\n<p>Es el masaje terap\u00e9utico que sigue los conocimientos de la Medicina Tradicional China (MTC), a trav\u00e9s del cual se consigue mover y regular la energ\u00eda de los meridianos y los impulsos nerviosos que circulan por nuestro cuerpo. Empleando las adecuadas manipulaciones sobre los meridianos de acupuntura, normalizamos las vibraciones que recorren los distintos \u00f3rganos y \u00e1reas del cuerpo.<br>Es especialmente efectivo para normalizar las funciones de nuestros \u00f3rganos y para reducir las contracturas y dolores del organismo.<\/p>\n\n\n\n<h2 class=\"wp-block-heading\">Masaje METAM\u00d3RFICO<br>UN CAMINO HACIA EL CONOCIMIENTO INTERIOR&nbsp;<\/h2>\n\n\n<div class=\"wp-block-image\">\n<figure class=\"alignright size-full\"><img loading=\"lazy\" decoding=\"async\" width=\"275\" height=\"183\" src=\"https:\/\/www.aloe-medical-group.com\/es\/wp-content\/uploads\/sites\/4\/2021\/12\/6.jpg\" alt=\"\" class=\"wp-image-1937\"\/><\/figure>\n<\/div>\n\n\n<p>El masaje metam\u00f3rfico es una t\u00e9cnica a base de una delicada presi\u00f3n a lo largo de la parte interna del pie para que podamos contactar con nuestra fuerza vital. El t\u00e9rmino \u00abmetamorfosis\u00bb significa literalmente \u00abtransformaci\u00f3n\u00bb de nuestro modo de vivir. As\u00ed como una oruga se convierte en mariposa, conseguimos que se desarrolle el potencial de la persona. Por esto, la mariposa es el s\u00edmbolo de la transformaci\u00f3n metam\u00f3rfica.<br>Es un enfoque sencillo pero integral de auto-sanaci\u00f3n y transformaci\u00f3n. Este masaje para las mujeres embarazadas es una valiosa ayuda para armonizar las vivencias del embarazo y prepararse para un parto m\u00e1s natural.<br>Es una t\u00e9cnica que se aplica especialmente en los ni\u00f1os y en todas las personas adultas cuando se sienten en desequilibrio, inquietud, ansiedad o tristeza.<\/p>\n\n\n\n<h2 class=\"wp-block-heading\">Reflexolog\u00eda Podal Consciente<\/h2>\n\n\n<div class=\"wp-block-image\">\n<figure class=\"alignleft size-full\"><img loading=\"lazy\" decoding=\"async\" width=\"275\" height=\"184\" src=\"https:\/\/www.aloe-medical-group.com\/es\/wp-content\/uploads\/sites\/4\/2021\/12\/5.jpg\" alt=\"\" class=\"wp-image-1936\"\/><\/figure>\n<\/div>\n\n\n<p>Ambos pies son un reflejo exacto, un peque\u00f1o microcosmos o mapa del cuerpo humano en miniatura. Cada \u00f3rgano, gl\u00e1ndula, m\u00fasculo o articulaci\u00f3n se encuentran reflejados en ellos.<br>El cuerpo humano consta de un sistema energ\u00e9tico, una especie de \u201ccirculitos el\u00e9ctricos\u201d por los que circula la energ\u00eda y que por diferentes circunstancias o sucesos de la vida pueden llegar a bloquearse. En los pies se proyecta la informaci\u00f3n de todo nuestro organismo y es justo aqu\u00ed, en el lugar donde en El pie encontramos dolor o tensi\u00f3n, donde debemos emplear nuestro tiempo para disolver o corregir la debilidad de la zona que esta emitiendo ese aviso.<\/p>\n\n\n\n<h2 class=\"wp-block-heading\">Masaje Linf\u00e1tico o drenaje linf\u00e1tico<\/h2>\n\n\n\n<p>Masaje Linf\u00e1tico o drenaje linf\u00e1tico, que facilita la circulaci\u00f3n fluida de la linfa. Esto se consigue ejerciendo una ligera presi\u00f3n sobre el trayecto de las v\u00edas linf\u00e1ticas.<\/p>\n\n\n\n<p><strong>En mi gabinete puedo realizar tambi\u00e9n un gran n\u00famero de tratamientos del rostro, siempre despu\u00e9s de hacer un exhaustivo an\u00e1lisis del tipo de piel de cada individuo.<\/strong><\/p>\n\n\n<div class=\"wp-block-image\">\n<figure class=\"alignright size-full\"><img loading=\"lazy\" decoding=\"async\" width=\"275\" height=\"183\" src=\"https:\/\/www.aloe-medical-group.com\/es\/wp-content\/uploads\/sites\/4\/2021\/12\/3.jpg\" alt=\"\" class=\"wp-image-1934\"\/><\/figure>\n<\/div>\n\n\n<h2 class=\"wp-block-heading\">RELAXING Anti-Estr\u00e9s<\/h2>\n\n\n\n<p>Regala a tu piel un tratamiento maravillosamente relajante y calmante de efecto inmediato. Hidrata y calma las capas superficiales de la epidermis, borra los signos de la fatiga y alivia las tensiones musculares del rostro. Especialmente recomendado para las pieles sensibles o deshidratadas. Ideal despu\u00e9s de la exposici\u00f3n solar.<\/p>\n\n\n\n<ul class=\"wp-block-list\">\n<li><strong>Higiene facial<\/strong><\/li>\n\n\n\n<li><strong>KOBIDO * Antiguo camino de la Belleza<\/strong><\/li>\n\n\n\n<li><strong>Tratamientos de rejuvenecimiento con Bio-Lifting<\/strong><\/li>\n\n\n\n<li><strong>Especializaci\u00f3n en problemas como acn\u00e9 o psoriasis<\/strong><\/li>\n\n\n\n<li><strong>Adelgazamiento<\/strong><\/li>\n<\/ul>\n\n\n\n<p><strong>Relajaci\u00f3n, ejercicio y nutrici\u00f3n. Estos son los tres pilares que contribuyen significativamente a una vida sana y equilibrada.<br>Los que est\u00e1n sanos y se sienten bien en su piel tambi\u00e9n irradian esto. El cuerpo y la mente en un equilibrio armonioso,<br>los productos de cuidado saludable y la nutrici\u00f3n beneficiosa son componentes importantes para este especial resplandor,<br>que va mucho m\u00e1s all\u00e1 de la mera vista de una piel hermosa y es completamente independiente de la edad.<\/strong><\/p>\n\n\n\n<h2 class=\"wp-block-heading\">BELLEZA Y SALUD GRACIAS a Aloe Vera<\/h2>\n\n\n\n<p>Cient\u00edficamente ya es conocido que toda nuestra actividad mental y los sentimientos del alma se proyectan sobre nuestra piel. Por esto, si en su vida est\u00e1 satisfecho, descansado y a penas sin estr\u00e9s, su piel tendr\u00e1 un aspecto m\u00e1s sana y luminosa que si pasa por un periodo de tensi\u00f3n emocional, practica h\u00e1bitos t\u00f3xicos o no descansa lo suficiente.&nbsp;<br>Seg\u00fan la ciencia m\u00e9dica existe tambi\u00e9n una conexi\u00f3n intima entre el estado de la mucosa intestinal y la turgencia de nuestra piel. Por esto si mejoramos las funciones de nuestro intestino tomando bebidas con Aloe Vera puro, vamos a mejorar ampliamente el estado nutricional y la belleza de nuestra piel.<br>Por esto es muy importante la nutrici\u00f3n sana en general y complementarla con bebidas de Aloe Vera puro.&nbsp;Gracias a la potente acci\u00f3n desintoxicante, purificadora y nutritiva que ejerce sobre nuestro cuerpo el zumo del Aloe Vera, vamos a obtener una mejora en la salud general del organismo e influir en el aspecto y belleza de nuestra piel, tanto del cuerpo como en la cara.<br>Ahora comprendemos por qu\u00e9 siempre se dice: \u00bb La belleza y la salud &nbsp;nacen de nuestro interior\u00bb<\/p>\n\n\n\n<h2 class=\"wp-block-heading\">ADELGAZAMIENTO &#8211; Programa de D\u00e9tox<\/h2>\n\n\n\n<p><strong>Ponga su cuerpo y su mente en armon\u00eda y disfrute de un programa completo para el bienestar,<br>la purificaci\u00f3n y la regeneraci\u00f3n de todo el organismo y el alma.<br>El programa de desintoxicaci\u00f3n de 9 d\u00edas se adapta individualmente a sus necesidades.<br><br>\u00a1Estoy deseando darle la bienvenida pronto!<\/strong><\/p>\n\n\n\n<figure class=\"wp-block-embed is-type-rich is-provider-handler-einbetten wp-block-embed-handler-einbetten wp-embed-aspect-16-9 wp-has-aspect-ratio\"><div class=\"wp-block-embed__wrapper\">\n<iframe loading=\"lazy\" title=\"Petra Staufer\" width=\"1200\" height=\"675\" src=\"https:\/\/www.youtube.com\/embed\/gKmsgUqqCvg?feature=oembed\" frameborder=\"0\" allow=\"accelerometer; autoplay; clipboard-write; encrypted-media; gyroscope; picture-in-picture; web-share\" referrerpolicy=\"strict-origin-when-cross-origin\" allowfullscreen><\/iframe>\n<\/div><\/figure>\n","protected":false},"excerpt":{"rendered":"<p>Estoy encantada de recibirles en mi \u201cGabinete de Bienestar\u201d un oasis para cuidarse por dentro y por fuera. Me complace ofrecerle tratamientos espec\u00edficos que he experimentado como profesional de la salud durante los \u00faltimos 15a\u00f1os, que ayudan a recuperar y equilibrar la Energ\u00eda Vital de su cuerpo y mejorarsu rendimiento psicol\u00f3gico y estabilidad emocional, as\u00ed &#8230; <a title=\"AMGI: Petra Staufer\" class=\"read-more\" href=\"https:\/\/www.aloe-medical-group.com\/es\/staufer\/\" aria-label=\"Leer m\u00e1s sobre AMGI: Petra Staufer\">Leer m\u00e1s<\/a><\/p>\n","protected":false},"author":2,"featured_media":1084,"parent":0,"menu_order":0,"comment_status":"closed","ping_status":"closed","template":"","meta":{"_acf_changed":false,"_editorskit_title_hidden":false,"_editorskit_reading_time":5,"_editorskit_is_block_options_detached":false,"_editorskit_block_options_position":"{}","footnotes":""},"class_list":["post-1932","page","type-page","status-publish","has-post-thumbnail"],"acf":[],"_links":{"self":[{"href":"https:\/\/www.aloe-medical-group.com\/es\/wp-json\/wp\/v2\/pages\/1932","targetHints":{"allow":["GET"]}}],"collection":[{"href":"https:\/\/www.aloe-medical-group.com\/es\/wp-json\/wp\/v2\/pages"}],"about":[{"href":"https:\/\/www.aloe-medical-group.com\/es\/wp-json\/wp\/v2\/types\/page"}],"author":[{"embeddable":true,"href":"https:\/\/www.aloe-medical-group.com\/es\/wp-json\/wp\/v2\/users\/2"}],"replies":[{"embeddable":true,"href":"https:\/\/www.aloe-medical-group.com\/es\/wp-json\/wp\/v2\/comments?post=1932"}],"version-history":[{"count":20,"href":"https:\/\/www.aloe-medical-group.com\/es\/wp-json\/wp\/v2\/pages\/1932\/revisions"}],"predecessor-version":[{"id":2000,"href":"https:\/\/www.aloe-medical-group.com\/es\/wp-json\/wp\/v2\/pages\/1932\/revisions\/2000"}],"wp:featuredmedia":[{"embeddable":true,"href":"https:\/\/www.aloe-medical-group.com\/es\/wp-json\/wp\/v2\/media\/1084"}],"wp:attachment":[{"href":"https:\/\/www.aloe-medical-group.com\/es\/wp-json\/wp\/v2\/media?parent=1932"}],"curies":[{"name":"wp","href":"https:\/\/api.w.org\/{rel}","templated":true}]}}