{"id":1594,"date":"2021-11-02T17:02:50","date_gmt":"2021-11-02T17:02:50","guid":{"rendered":"https:\/\/www.aloe-medical-group.com\/es\/?page_id=1594"},"modified":"2021-11-02T17:05:52","modified_gmt":"2021-11-02T17:05:52","slug":"acemanano","status":"publish","type":"page","link":"https:\/\/www.aloe-medical-group.com\/es\/aloe-vera\/ingredientes\/acemanano\/","title":{"rendered":"Aceman\u00e1n \u2013ingrediente principal en el Aloe vera"},"content":{"rendered":"\n<div class=\"wp-block-image\"><figure class=\"aligncenter size-full\"><img loading=\"lazy\" decoding=\"async\" width=\"157\" height=\"12\" src=\"https:\/\/www.aloe-medical-group.com\/es\/wp-content\/uploads\/sites\/4\/2021\/06\/separator-content.png\" alt=\"\" class=\"wp-image-65\" srcset=\"https:\/\/www.aloe-medical-group.com\/es\/wp-content\/uploads\/sites\/4\/2021\/06\/separator-content.png 157w, https:\/\/www.aloe-medical-group.com\/es\/wp-content\/uploads\/sites\/4\/2021\/06\/separator-content-150x12.png 150w\" sizes=\"auto, (max-width: 157px) 100vw, 157px\" \/><\/figure><\/div>\n\n\n\n<h2 class=\"wp-block-heading\">El efecto sin\u00e9rgico<\/h2>\n\n\n\n<p>La sustancia activa principal del Aloe Vera es el acemanano. Pertenece al grupo de las mol\u00e9culas de az\u00facar saludables, los mucopolisac\u00e1ridos. Acemanano refuerza y apoya el sistema inmunitario, activando los macr\u00f3fagos (fagocitos), los anticuerpos y las c\u00e9lulas asesinas. Al mismo tiempo mitiga la tendencia a alergias. Acemanano tiene propiedades inmunoestimulantes, pero tambi\u00e9n antivirales, antibacterianas y antimic\u00f3ticas (antif\u00fangicas). Por eso Aloe Vera pertenece a aquellas plantas que inhiben el excesivo desarrollo de candidiasis.<\/p>\n\n\n\n<div class=\"wp-block-image caption-align-left\"><figure class=\"alignright size-full\"><img loading=\"lazy\" decoding=\"async\" width=\"200\" height=\"200\" src=\"https:\/\/www.aloe-medical-group.com\/es\/wp-content\/uploads\/sites\/4\/2021\/06\/polysaccharide.png\" alt=\"\" class=\"wp-image-81\" srcset=\"https:\/\/www.aloe-medical-group.com\/es\/wp-content\/uploads\/sites\/4\/2021\/06\/polysaccharide.png 200w, https:\/\/www.aloe-medical-group.com\/es\/wp-content\/uploads\/sites\/4\/2021\/06\/polysaccharide-150x150.png 150w\" sizes=\"auto, (max-width: 200px) 100vw, 200px\" \/><\/figure><\/div>\n\n\n\n<p>Unas pocas plantas (como topinambur, cebolla, patata, Aloe Vera) tienen un efecto prebi\u00f3tico. Los prebi\u00f3ticos sirven para las bacterias intestinales sanas como \u201ealimento\u201c y por lo tanto refuerzan la flora intestinal sana. El acemanano de Aloe Vera en particular parece fomentar la formaci\u00f3n de butirato en el intestino. Butirato forma parte de los \u00e1cidos grasos de cadena corta que son de gran importancia para el sistema inmunol\u00f3gico del intestino. El acemanano puede ayudar a proteger la m\u00e9dula \u00f3sea contra da\u00f1os causados por venenos qu\u00edmicos o drogas. En Estados Unidos se realizan investigaciones para determinar si el acemanano tambi\u00e9n puede destruir la capa de proteina de las c\u00e9lulas cancer\u00edgenas. Mediante el dep\u00f3sito de acemanano en las membranas celulares se fortalece completamente el sistema inmunol\u00f3gico.<\/p>\n\n\n\n<p>Acemanano se encuentra tambi\u00e9n en otras plantas, por ejemplo en ginseng, la raiz del astr\u00e1lago y hongos Shitake. Aparte del acemanano, el ingrediente activo clave, el Aloe Vera contiene otros 12 polisac\u00e1ridos, as\u00ed como una serie de enzimas, minerales, vitaminas, aceites esenciales, saponinas y ligninas (ingredientes vegetales secundarios). La corteza de sauce contiene \u00e1cido salic\u00edlico natural, la \u201caspirina\u201c de la naturaleza, para calmar el dolor y combatir inflamaciones. La interacci\u00f3n de todos estos componentes convierte al Aloe Vera en un aut\u00e9ntico multitalento para el bien de nuestra salud. Aloe Vera no solo puede referirse a aplicaciones en tiempos remotos dentro de la medicina tradicional sino que en nuestros tiempos goza de una gran aceptaci\u00f3n en la medicina naturista. Existe una serie de experiencias emp\u00edricas y informes sobre \u00e9xitos notables en muchos problemas de salud \u2013 cuando se completa la alimentaci\u00f3n con Aloe Vera.<\/p>\n","protected":false},"excerpt":{"rendered":"<p>El efecto sin\u00e9rgico La sustancia activa principal del Aloe Vera es el acemanano. Pertenece al grupo de las mol\u00e9culas de az\u00facar saludables, los mucopolisac\u00e1ridos. Acemanano refuerza y apoya el sistema inmunitario, activando los macr\u00f3fagos (fagocitos), los anticuerpos y las c\u00e9lulas asesinas. Al mismo tiempo mitiga la tendencia a alergias. Acemanano tiene propiedades inmunoestimulantes, pero tambi\u00e9n &#8230; <a title=\"Aceman\u00e1n \u2013ingrediente principal en el Aloe vera\" class=\"read-more\" href=\"https:\/\/www.aloe-medical-group.com\/es\/aloe-vera\/ingredientes\/acemanano\/\" aria-label=\"Leer m\u00e1s sobre Aceman\u00e1n \u2013ingrediente principal en el Aloe vera\">Leer m\u00e1s<\/a><\/p>\n","protected":false},"author":2,"featured_media":329,"parent":315,"menu_order":0,"comment_status":"closed","ping_status":"closed","template":"","meta":{"_acf_changed":false,"_editorskit_title_hidden":false,"_editorskit_reading_time":1,"_editorskit_is_block_options_detached":false,"_editorskit_block_options_position":"{}","footnotes":""},"class_list":["post-1594","page","type-page","status-publish","has-post-thumbnail"],"acf":[],"_links":{"self":[{"href":"https:\/\/www.aloe-medical-group.com\/es\/wp-json\/wp\/v2\/pages\/1594","targetHints":{"allow":["GET"]}}],"collection":[{"href":"https:\/\/www.aloe-medical-group.com\/es\/wp-json\/wp\/v2\/pages"}],"about":[{"href":"https:\/\/www.aloe-medical-group.com\/es\/wp-json\/wp\/v2\/types\/page"}],"author":[{"embeddable":true,"href":"https:\/\/www.aloe-medical-group.com\/es\/wp-json\/wp\/v2\/users\/2"}],"replies":[{"embeddable":true,"href":"https:\/\/www.aloe-medical-group.com\/es\/wp-json\/wp\/v2\/comments?post=1594"}],"version-history":[{"count":2,"href":"https:\/\/www.aloe-medical-group.com\/es\/wp-json\/wp\/v2\/pages\/1594\/revisions"}],"predecessor-version":[{"id":1597,"href":"https:\/\/www.aloe-medical-group.com\/es\/wp-json\/wp\/v2\/pages\/1594\/revisions\/1597"}],"up":[{"embeddable":true,"href":"https:\/\/www.aloe-medical-group.com\/es\/wp-json\/wp\/v2\/pages\/315"}],"wp:featuredmedia":[{"embeddable":true,"href":"https:\/\/www.aloe-medical-group.com\/es\/wp-json\/wp\/v2\/media\/329"}],"wp:attachment":[{"href":"https:\/\/www.aloe-medical-group.com\/es\/wp-json\/wp\/v2\/media?parent=1594"}],"curies":[{"name":"wp","href":"https:\/\/api.w.org\/{rel}","templated":true}]}}